{"id":266,"date":"2024-12-05T10:48:35","date_gmt":"2024-12-05T09:48:35","guid":{"rendered":"https:\/\/lafe.bonsaidev.nl\/?page_id=266"},"modified":"2026-01-05T16:52:14","modified_gmt":"2026-01-05T15:52:14","slug":"bedingungen-und-konditionen","status":"publish","type":"page","link":"https:\/\/www.lafecollection.nl\/de\/algemene-voorwaarden\/","title":{"rendered":"Allgemeine Bedingungen und Konditionen"},"content":{"rendered":"<div id='av_section_1'  class='avia-section av-fumn6-2785021190399c6f6b7d8266292e92d9 main_color avia-section-default avia-no-border-styling  avia-builder-el-0  avia-builder-el-no-sibling  avia-bg-style-scroll container_wrap fullsize'  ><div class='container av-section-cont-open' ><main  role=\"main\" itemprop=\"mainContentOfPage\"  class='template-page content  av-content-full alpha units'><div class='post-entry post-entry-type-page post-entry-266'><div class='entry-content-wrapper clearfix'>\n<div  class='flex_column av-h5yci-b1ada5b416c4cc49efd44a0f1b52a3e1 av_one_fifth  avia-builder-el-1  el_before_av_three_fifth  avia-builder-el-first  first flex_column_div'     ><\/div><div  class='flex_column av-amt2i-abc6eaf040d13bd7b5d7d3822c93552b av_three_fifth  avia-builder-el-2  el_after_av_one_fifth  el_before_av_one_fifth  flex_column_div'     ><section  class='av_textblock_section av-m4b5i5t9-12f819c377eaf51e8df3806758362630'   itemscope=\"itemscope\" itemtype=\"https:\/\/schema.org\/CreativeWork\" ><div class='avia_textblock'  itemprop=\"text\" ><h1>Allgemeine Bedingungen und Konditionen<\/h1>\n<h3 class=\"p1\">1. Kontaktdaten von La F\u00e9 Collection<\/h3>\n<p class=\"p1\">E-Mail: <a href=\"mailto:info@lafecollection.nl\">info@lafecollection.nl<\/a><\/p>\n<p class=\"p1\">Kollektion La F\u00e9<br \/>\nIn Botkoel 28<br \/>\n6003 RW Weert<\/p>\n<p class=\"p1\">Nummer der Handelskammer: 90834305<br \/>\nUmsatzsteuer-Identifikationsnummer: NL865468904B01<\/p>\n<h3 class=\"p1\">2. Allgemeine Informationen<\/h3>\n<p class=\"p1\">2.1 Diese Allgemeinen Gesch\u00e4ftsbedingungen gelten f\u00fcr alle Produkte, Keramik-Workshops und andere Aktivit\u00e4ten, die von La F\u00e9 Collection organisiert oder angeboten werden. Mit der Aufgabe einer Bestellung oder der Anmeldung \u00fcber unsere Website erkl\u00e4rt sich der Teilnehmer mit diesen Bedingungen einverstanden.<\/p>\n<p class=\"p1\">2.2 Wir behalten uns das Recht vor, diese Allgemeinen Gesch\u00e4ftsbedingungen jederzeit zu \u00e4ndern. Es liegt in der Verantwortung des Kunden, diese Bedingungen regelm\u00e4\u00dfig einzusehen.<\/p>\n<p><strong>A. Speziell f\u00fcr Eink\u00e4ufe auf der Website gelten die folgenden Bedingungen:<\/strong><\/p>\n<h3 class=\"p1\">3. Vereinbarung, in Bezug auf K\u00e4ufe auf der Website<\/h3>\n<p class=\"p1\">3.1 Ein Vertrag kommt zustande, wenn ein Privatkunde eine Bestellung \u00fcber unsere Website aufgegeben hat.<\/p>\n<p class=\"p1\">3.2 Ein Vertrag kommt zustande, wenn ein Gesch\u00e4ftskunde ein unterzeichnetes Angebot zur\u00fcckgeschickt oder eine Bestellung \u00fcber unsere Website aufgegeben hat.<\/p>\n<h3>4. Produktinformation<\/h3>\n<p>4.1 Die von uns angebotenen Produkte sind handgefertigt, was bedeutet, dass jedes Produkt einzigartig ist. Die Abbildungen auf der Website k\u00f6nnen daher von dem gelieferten Produkt abweichen.<\/p>\n<p>4.2 Wir aktualisieren die Website regelm\u00e4\u00dfig, aber alle Produkte werden nach dem Prinzip \u201cWer zuerst kommt, mahlt zuerst\u201d verkauft.<\/p>\n<h3>5. Preise und Zahlung bei K\u00e4ufen auf der Website<\/h3>\n<p>5.1 Alle Preise auf der Website enthalten 21% Mehrwertsteuer ohne Versandkosten. Die Produktpreise k\u00f6nnen ohne vorherige Ank\u00fcndigung ge\u00e4ndert werden. Die neuen Preise gelten nicht f\u00fcr bereits bezahlte Bestellungen.<\/p>\n<p>5.2 Die Versandkosten werden ggf. im Rahmen des Bestellvorgangs gesondert ausgewiesen.<\/p>\n<p>5.3 Die Zahlungen sind \u00fcber die auf der Website angegebenen Zahlungsmethoden zu leisten.<\/p>\n<p>5.4 Nach Aufgabe der Bestellung erh\u00e4lt der Kunde von uns eine Best\u00e4tigungs-E-Mail, in der die Bestellung und die Gesamtkosten zusammengefasst sind.<\/p>\n<p>5.5 Wir behalten uns das Recht vor, Bestellungen pro Person abzulehnen oder zu begrenzen.<\/p>\n<h3>6. Lieferung und Versand<\/h3>\n<p>6.1 Als Bestimmungsort gilt die vom Kunden im Bestellvorgang angegebene Adresse. Der Bestimmungsort kann bis zur Absendung der Bestellung per Mail-Benachrichtigung ge\u00e4ndert werden. Sobald die Bestellung versandt wurde, wird der Kunde dar\u00fcber benachrichtigt. Die Bestellungen werden immer mit Track &amp; Trace versandt.<\/p>\n<p>6.2 Wir bem\u00fchen uns, Bestellungen innerhalb von zwei\/drei Wochen nach Zahlungseingang zu versenden. Diese Frist ist ein Richtwert, aus dem keine Rechte abgeleitet werden k\u00f6nnen.<\/p>\n<p>6.3 Wir sind nicht verantwortlich f\u00fcr verlorene Bestellungen aufgrund falscher Angaben des Kunden.<\/p>\n<p>6.4 Wir sind nicht verantwortlich f\u00fcr Sch\u00e4den, Verluste oder Verz\u00f6gerungen bei der Lieferung durch den Zustelldienst. Wir werden uns bem\u00fchen, in solchen F\u00e4llen eine angemessene L\u00f6sung zu finden.<\/p>\n<h3>7. Recht auf Widerruf<\/h3>\n<p>7.1 Der Kunde hat das Recht, die Bestellung innerhalb von 14 Tagen nach Erhalt ohne Angabe von Gr\u00fcnden zu widerrufen.<\/p>\n<p>7.2 R\u00fccksendungen sind m\u00f6glich, sofern das Produkt unbenutzt, unbesch\u00e4digt und in der Originalverpackung zur\u00fcckgeschickt wird.<\/p>\n<p>7.3 Um das Widerrufsrecht auszu\u00fcben, muss der Kunde das ausgef\u00fcllte Widerrufsformular, das auf unserer Website www.lafecollection.nl unter info@lafecollection.nl zu finden ist, an uns senden. Bestellungen k\u00f6nnen nur nach vorheriger Benachrichtigung per E-Mail zur\u00fcckgesandt werden.<\/p>\n<p>7.4 Wenn die vorgenannten Bedingungen erf\u00fcllt sind, wird dem Kunden der gesamte Bestellbetrag ohne Versandkosten zur\u00fcckerstattet.<\/p>\n<p>7.5 Der f\u00e4llige Betrag wird innerhalb von 5 Tagen nach Erhalt auf das Konto, mit dem der Kunde bezahlt hat, \u00fcberwiesen.<\/p>\n<h3>8. Gew\u00e4hrleistung und Haftung<\/h3>\n<p>8.1 Wir garantieren, dass die Produkte den auf der Website angegebenen Spezifikationen entsprechen.<\/p>\n<p>8.2 Sollte ein Produkt bei Erhalt mangelhaft sein, bitten wir den Kunden, uns dies so schnell wie m\u00f6glich, sp\u00e4testens jedoch 7 Tage nach Erhalt, unter info@lafecollection.nl mitzuteilen.<\/p>\n<p>8.3 Beschwerden k\u00f6nnen unter info@lafecollection.nl vorgebracht werden. Wir bem\u00fchen uns, die Beschwerde innerhalb von zwei Arbeitstagen zu beantworten.<\/p>\n<p>8.4 Wir haften nicht f\u00fcr Sch\u00e4den, die durch die Verwendung der Produkte entstehen.<\/p>\n<p>8.5 Unsere Gesamthaftung aufgrund einer zurechenbaren Vertragsverletzung ist auf den Ersatz des unmittelbaren Schadens bis zur H\u00f6he des Kaufpreises beschr\u00e4nkt. Die Haftung \u00fcbersteigt niemals den von unserer Haftpflichtversicherung gedeckten Betrag.<\/p>\n<h3>9. Verkauf im Ausstellungsraum<\/h3>\n<p>9.1 Unsere Produkte k\u00f6nnen Sie auch direkt in unserem Ausstellungsraum kaufen. F\u00fcr den Kauf im Ausstellungsraum gelten die folgenden zus\u00e4tzlichen Bedingungen.<\/p>\n<p>a. Zahlung - Die Zahlung f\u00fcr Eink\u00e4ufe im Ausstellungsraum muss direkt \u00fcber die im Ausstellungsraum angegebenen Zahlungsm\u00f6glichkeiten erfolgen.<\/p>\n<p>b. Garantie und R\u00fcckgabe - f\u00fcr Produkte, die im Ausstellungsraum gekauft wurden, gilt die gleiche Garantie wie f\u00fcr Online-K\u00e4ufe, sofern nicht anders angegeben. R\u00fccksendungen sind nur m\u00f6glich, wenn das Produkt innerhalb von 14 Tagen unbenutzt, unbesch\u00e4digt und in der Originalverpackung gegen Vorlage des Kaufbelegs an den Ausstellungsraum zur\u00fcckgegeben wird. R\u00fcckerstattungen f\u00fcr Eink\u00e4ufe im Ausstellungsraum werden direkt im Ausstellungsraum abgewickelt.<\/p>\n<p>c. Produktinspektion - da der Kunde die M\u00f6glichkeit hat, das Produkt im Ausstellungsraum physisch zu inspizieren, wird vom Kunden erwartet, dass er das Produkt vor dem Kauf sorgf\u00e4ltig inspiziert. Nach dem Kauf sind wir nicht verantwortlich f\u00fcr sichtbare M\u00e4ngel, die nicht w\u00e4hrend der Inspektion im Ausstellungsraum identifiziert wurden.<\/p>\n<h3>10. H\u00f6here Gewalt<\/h3>\n<p>10.1 Im Falle h\u00f6herer Gewalt (z.B. Streiks, Brand, staatliche Ma\u00dfnahmen) behalten wir uns das Recht vor, den Vertrag auszusetzen oder zu k\u00fcndigen, ohne dass eine Verpflichtung zur Zahlung von Schadenersatz besteht.<\/p>\n<p><strong>B. Speziell f\u00fcr die Keramikwerkst\u00e4tten gelten die folgenden Bedingungen:<\/strong><\/p>\n<h3>11. Anmeldung und Bezahlung f\u00fcr Workshops<\/h3>\n<p>11.1 Die Anmeldung erfolgt \u00fcber die Website von La F\u00e9 Collection.<\/p>\n<p>11.2 Die Anmeldung ist nach Eingang der Zahlung \u00fcber die Website endg\u00fcltig.<\/p>\n<p>11.3 Nach der Anmeldung erh\u00e4lt der Teilnehmer eine Best\u00e4tigung per E-Mail.<\/p>\n<p>11.4 La F\u00e9 Collection beh\u00e4lt sich das Recht vor, einen Workshop zu verschieben oder abzusagen, wenn nicht gen\u00fcgend Anmeldungen vorliegen. In diesem Fall wird ein neuer Termin angeboten oder der gezahlte Betrag wird zur\u00fcckerstattet.<\/p>\n<h3>12. Stornierung von Workshops durch den Teilnehmer<\/h3>\n<p>12.1 Stornierungen oder \u00c4nderungen k\u00f6nnen \u00fcber die Website oder per E-Mail vorgenommen werden.<\/p>\n<p>12.2 Im Falle einer Stornierung und\/oder Verhinderung kann der Teilnehmer keine R\u00fcckerstattung der Teilnahmegeb\u00fchr erhalten.<\/p>\n<p>12.3 Im Einvernehmen mit dem Teilnehmer kann jedoch ein Ersatztermin gesucht werden oder der Teilnehmer kann eine Ersatzperson schicken.<\/p>\n<p>12.4 La F\u00e9 Collection wird sich gerne mit Ihnen zusammensetzen, um eine geeignete L\u00f6sung zu finden.<\/p>\n<h3>13. Stornierung oder \u00c4nderung von Workshops durch La F\u00e9 Collection<\/h3>\n<p>13.1 Wird ein Workshop aufgrund h\u00f6herer Gewalt (z.B. Krankheit oder andere unvorhergesehene Umst\u00e4nde) abgesagt, so wird der Teilnehmer so schnell wie m\u00f6glich informiert.<\/p>\n<p>13.2 Es wird dann ein neuer Termin angeboten oder die Teilnahmegeb\u00fchr wird vollst\u00e4ndig zur\u00fcckerstattet.<\/p>\n<h3>14. Regeln f\u00fcr das Verhalten und die Sicherheit w\u00e4hrend der Workshops<\/h3>\n<p>14.1 W\u00e4hrend der Workshops muss der Teilnehmer den Anweisungen des Personals von La F\u00e9 Collection Folge leisten.<\/p>\n<p>14.2 La F\u00e9 Collection beh\u00e4lt sich das Recht vor, Teilnehmern, die sich ungeb\u00fchrlich verhalten oder die Sicherheit gef\u00e4hrden, den Zugang zum Studio oder zur Aktivit\u00e4t zu verweigern, ohne dass ein Anspruch auf R\u00fcckerstattung besteht.<\/p>\n<h3>15. Haftung in Bezug auf Werkst\u00e4tten<\/h3>\n<p>15.1 Die Teilnahme an den Workshops erfolgt auf eigene Gefahr.<\/p>\n<p>15.2 La F\u00e9 Collection haftet nicht f\u00fcr Verluste, Sch\u00e4den oder Verletzungen, die w\u00e4hrend oder als Folge der Teilnahme an den Workshops entstehen.<\/p>\n<p>15.3 W\u00e4hrend des Brennvorgangs k\u00f6nnen Keramiken unerwartet brechen oder rei\u00dfen; La F\u00e9 Collection kann daf\u00fcr keine Garantie oder Haftung \u00fcbernehmen.<\/p>\n<p>15.4 Der Teilnehmer haftet f\u00fcr Sch\u00e4den am Eigentum von La F\u00e9 Collection, die durch Vorsatz oder Fahrl\u00e4ssigkeit des Teilnehmers verursacht werden.<\/p>\n<h3>16. Werkst\u00fccke und Glasuren<\/h3>\n<p>16.1 Alle w\u00e4hrend des Workshops hergestellten St\u00fccke werden von La F\u00e9 Collection selbst gebacken.<\/p>\n<p>16.2 Sobald die Arbeiten fertig sind, erh\u00e4lt der Teilnehmer eine Nachricht mit dem Zeitpunkt, zu dem die Arbeiten abgeholt werden k\u00f6nnen.<\/p>\n<p>16.3 Es d\u00fcrfen nur Glasuren der La F\u00e9 Collection verwendet werden: Das Mitbringen und Verwenden eigener Glasuren ist nicht gestattet.<\/p>\n<p>16.4 Nur Werkst\u00fccke, die vor Ort bei La F\u00e9 Collection hergestellt werden, werden in unserem Ofen gebrannt, es sei denn, es werden einvernehmlich andere Vereinbarungen getroffen. Werkst\u00fccke, die zu Hause oder anderswo hergestellt wurden, k\u00f6nnen nicht in unseren R\u00e4umlichkeiten gebrannt werden.<\/p>\n<p>16.5 La F\u00e9 Collection behandelt alle Werkst\u00fccke mit Sorgfalt, haftet jedoch nicht f\u00fcr Sch\u00e4den, die w\u00e4hrend des Trocknungs- oder Backvorgangs entstehen.<\/p>\n<p>16.6 W\u00e4hrend der Workshops stellt La F\u00e9 Collection alle Materialien zur Verf\u00fcgung, die f\u00fcr die Arbeit an den Werken ben\u00f6tigt werden.<\/p>\n<h3>17. Fotos und Werbung<\/h3>\n<p>17.1 W\u00e4hrend der Workshops k\u00f6nnen Fotos gemacht werden, die in sozialen Medien oder auf der Website von La F\u00e9 Collection verwendet werden.<\/p>\n<p>17.2 Diejenigen, die nicht auf dem Bildschirm erscheinen m\u00f6chten, k\u00f6nnen dies vor den Workshops angeben.<\/p>\n<p><strong>C. Allgemeines<\/strong><\/p>\n<h3>18. Datenschutz<\/h3>\n<p>18.1 Personenbezogene Daten werden in \u00dcbereinstimmung mit der Allgemeinen Datenschutzverordnung (GDPR) verarbeitet und nur f\u00fcr die Abwicklung von Bestellungen oder die Kommunikation \u00fcber die Workshops verwendet und nicht an Dritte weitergegeben.<\/p>\n<p>18.2 Weitere Informationen finden Sie in unseren Datenschutzbestimmungen.<\/p>\n<h3>19. Anwendbares Recht und zust\u00e4ndiges Gericht<\/h3>\n<p>19.1 Auf alle Vertr\u00e4ge zwischen dem Kunden und La F\u00e9 Collection, f\u00fcr die diese allgemeinen Gesch\u00e4ftsbedingungen gelten, findet niederl\u00e4ndisches Recht Anwendung.<\/p>\n<p>19.2 F\u00fcr alle Streitigkeiten ist das Bezirksgericht Limburg, Standort Roermond, zust\u00e4ndig.<\/p>\n<\/div><\/section><\/div><div  class='flex_column av-asibe-670261ba586daceabbd2c27a7ee61a5d av_one_fifth  avia-builder-el-4  el_after_av_three_fifth  avia-builder-el-last  flex_column_div'     ><\/div>","protected":false},"excerpt":{"rendered":"","protected":false},"author":1,"featured_media":0,"parent":0,"menu_order":0,"comment_status":"closed","ping_status":"closed","template":"","meta":{"_acf_changed":false,"footnotes":""},"class_list":["post-266","page","type-page","status-publish","hentry"],"acf":[],"_links":{"self":[{"href":"https:\/\/www.lafecollection.nl\/de\/wp-json\/wp\/v2\/pages\/266","targetHints":{"allow":["GET"]}}],"collection":[{"href":"https:\/\/www.lafecollection.nl\/de\/wp-json\/wp\/v2\/pages"}],"about":[{"href":"https:\/\/www.lafecollection.nl\/de\/wp-json\/wp\/v2\/types\/page"}],"author":[{"embeddable":true,"href":"https:\/\/www.lafecollection.nl\/de\/wp-json\/wp\/v2\/users\/1"}],"replies":[{"embeddable":true,"href":"https:\/\/www.lafecollection.nl\/de\/wp-json\/wp\/v2\/comments?post=266"}],"version-history":[{"count":10,"href":"https:\/\/www.lafecollection.nl\/de\/wp-json\/wp\/v2\/pages\/266\/revisions"}],"predecessor-version":[{"id":1656,"href":"https:\/\/www.lafecollection.nl\/de\/wp-json\/wp\/v2\/pages\/266\/revisions\/1656"}],"wp:attachment":[{"href":"https:\/\/www.lafecollection.nl\/de\/wp-json\/wp\/v2\/media?parent=266"}],"curies":[{"name":"wp","href":"https:\/\/api.w.org\/{rel}","templated":true}]}}