{"id":3,"date":"2024-09-12T14:20:39","date_gmt":"2024-09-12T14:20:39","guid":{"rendered":"http:\/\/lafe.bonsaidev.nl\/?page_id=3"},"modified":"2025-04-10T11:51:41","modified_gmt":"2025-04-10T09:51:41","slug":"datenschutzbestimmungen","status":"publish","type":"page","link":"https:\/\/www.lafecollection.nl\/de\/privacybeleid\/","title":{"rendered":"Datenschutzbestimmungen"},"content":{"rendered":"<div id='av_section_1'  class='avia-section av-3owt-0fbbb1f91ad0a03f7824e317b49b0292 main_color avia-section-default avia-no-border-styling  avia-builder-el-0  avia-builder-el-no-sibling  avia-bg-style-scroll container_wrap fullsize'  ><div class='container av-section-cont-open' ><main  role=\"main\" itemprop=\"mainContentOfPage\"  class='template-page content  av-content-full alpha units'><div class='post-entry post-entry-type-page post-entry-3'><div class='entry-content-wrapper clearfix'>\n<div  class='flex_column av-6uxt-52bf0f7ea71f6b5cb57a1c96244e2291 av_one_fifth  avia-builder-el-1  el_before_av_three_fifth  avia-builder-el-first  first flex_column_div'     ><\/div><div  class='flex_column av-4rwz-b09e5448de1e93e5eb51b811caad5bf0 av_three_fifth  avia-builder-el-2  el_after_av_one_fifth  el_before_av_one_fifth  flex_column_div'     ><section  class='av_textblock_section av-m8oe13rq-20ae90c0bc370d87907d3a587fb45d05'   itemscope=\"itemscope\" itemtype=\"https:\/\/schema.org\/CreativeWork\" ><div class='avia_textblock wordbreak'  itemprop=\"text\" ><h1>Erkl\u00e4rung zum Datenschutz<\/h1>\n<p>Die Gesellschaft mit beschr\u00e4nkter Haftung La F\u00e9 Collection B.V., nachstehend \"La F\u00e9 Collection\" genannt, mit Sitz an der Adresse Aan Botkoel 28 in (6003 RW) Weert, ist f\u00fcr die Verarbeitung der in dieser Datenschutzerkl\u00e4rung genannten personenbezogenen Daten verantwortlich.<\/p>\n<h2>Kontaktinformationen:<\/h2>\n<p>Sammlung La F\u00e9 B.V.<br \/>\nIn Botkoel 28<br \/>\n6003 RW Weert<\/p>\n<p>T +31612353922<br \/>\nE <a href=\"mailto:info@lafecollection.nl\">info@lafecollection.nl<\/a><br \/>\n<a href=\"https:\/\/www.lafecollection.nl\/de\/\">www.lafecollection.nl<\/a><\/p>\n<h3>Von uns verarbeitete personenbezogene Daten<\/h3>\n<p>La F\u00e9 Collection verarbeitet Ihre personenbezogenen Daten, weil Sie unsere Dienste in Anspruch nehmen und\/oder weil Sie sie uns selbst zur Verf\u00fcgung stellen. Im Folgenden finden Sie einen \u00dcberblick \u00fcber die personenbezogenen Daten, die wir verarbeiten:<\/p>\n<ul>\n<li>Vor- und Nachname;<\/li>\n<li>Geburtsdatum;<\/li>\n<li>Ort der Geburt;<\/li>\n<li>Geschlecht;<\/li>\n<li>Angaben zur Adresse;<\/li>\n<li>Rufnummer;<\/li>\n<li>E-Mail Adresse;<\/li>\n<li>Andere personenbezogene Daten, die Sie uns aktiv zur Verf\u00fcgung stellen, z. B. bei der Erstellung eines Profils auf dieser Website, im Schriftverkehr und per Telefon;<\/li>\n<li>Daten \u00fcber Ihr Surfverhalten auf verschiedenen Websites (z. B. weil dieses Unternehmen Teil eines Werbenetzwerks ist);<\/li>\n<li>Kontonummer.<\/li>\n<\/ul>\n<h3>Besondere und\/oder sensible personenbezogene Daten, die wir verarbeiten<\/h3>\n<p>Unsere Website und\/oder unser Dienst haben nicht die Absicht, Daten von Website-Besuchern unter 16 Jahren zu sammeln, es sei denn, sie haben die Zustimmung ihrer Eltern oder Erziehungsberechtigten. Wir k\u00f6nnen jedoch nicht \u00fcberpr\u00fcfen, ob ein Besucher \u00fcber 16 Jahre alt ist. Wir raten daher den Eltern, die Online-Aktivit\u00e4ten ihrer Kinder zu \u00fcberwachen, um zu vermeiden, dass Daten von Kindern ohne elterliche Zustimmung erfasst werden. Wenn Sie der \u00dcberzeugung sind, dass wir personenbezogene Daten \u00fcber einen Minderj\u00e4hrigen ohne eine solche Zustimmung gesammelt haben, kontaktieren Sie uns bitte unter: <a href=\"mailto:info@lafecollection.nl\">info@lafecollection.nl<\/a>werden wir diese Informationen l\u00f6schen.<\/p>\n<h3>Zu welchem Zweck und auf welcher Grundlage wir personenbezogene Daten verarbeiten<\/h3>\n<p>La F\u00e9 Collection verarbeitet Ihre personenbezogenen Daten f\u00fcr die folgenden Zwecke:<\/p>\n<ul>\n<li>Abwicklung Ihrer Zahlung;<\/li>\n<li>Zusendung unseres Newsletters und\/oder unserer Werbebrosch\u00fcre;<\/li>\n<li>Sie anzurufen oder per E-Mail zu kontaktieren, wenn dies f\u00fcr die Erbringung unserer Dienstleistungen erforderlich ist;<\/li>\n<li>Sie \u00fcber \u00c4nderungen unserer Dienstleistungen und Produkte zu informieren;<\/li>\n<li>Erlaubt Ihnen, ein Konto zu erstellen;<\/li>\n<li>Zur Lieferung von Waren und Dienstleistungen an Sie;<\/li>\n<li>La F\u00e9 Collection analysiert Ihr Verhalten auf der Website, um die Website zu verbessern und das Angebot an Produkten und Dienstleistungen an Ihre Pr\u00e4ferenzen anzupassen.<\/li>\n<\/ul>\n<p>La F\u00e9 Collection verarbeitet personenbezogene Daten nur, wenn dies f\u00fcr die Erbringung unserer Dienstleistungen oder zur Erf\u00fcllung gesetzlicher Verpflichtungen erforderlich ist. Falls erforderlich, geben wir Ihre Daten an Dritte weiter. Dies kann Folgendes umfassen:<\/p>\n<ul>\n<li>Lieferdienste: Um Bestellungen auszuliefern, geben wir Adressdaten an unsere Logistikpartner weiter;<\/li>\n<li>Zahlungsanbieter: F\u00fcr die Abwicklung von Zahlungen arbeiten wir mit zuverl\u00e4ssigen Zahlungsdienstleistern zusammen;<\/li>\n<li>Softwarelieferanten: F\u00fcr unseren Webshop und die E-Mail-Kommunikation verwenden wir externe Software, die in einigen F\u00e4llen Zugang zu personenbezogenen Daten haben kann.<\/li>\n<\/ul>\n<h3>Weitergabe personenbezogener Daten an Dritte<\/h3>\n<p>Wir garantieren, dass diese Dritten Ihre Daten mit Sorgfalt behandeln und sie nur f\u00fcr die Zwecke verwenden, f\u00fcr die sie zur Verf\u00fcgung gestellt wurden. Wir schlie\u00dfen mit den Parteien, die Daten in unserem Auftrag verarbeiten, einen Verarbeitungsvertrag ab, um ein gleichwertiges Niveau an Sicherheit und Vertraulichkeit zu gew\u00e4hrleisten. La F\u00e9 bleibt f\u00fcr diese Verarbeitung verantwortlich.<\/p>\n<h3>Wie lange wir personenbezogene Daten aufbewahren<\/h3>\n<p>La F\u00e9 bewahrt personenbezogene Daten nicht l\u00e4nger auf, als es f\u00fcr die Zwecke, f\u00fcr die sie erhoben wurden, erforderlich ist, es sei denn, eine l\u00e4ngere Aufbewahrungsfrist ist gesetzlich vorgeschrieben. Die Aufbewahrungsfristen sind wie folgt:<\/p>\n<ul>\n<li>Bestelldaten: bis zu 7 Jahre nach der Bestellung (im Zusammenhang mit steuerlichen Verpflichtungen);<\/li>\n<li>Newsletter-Abonnements: bis zur Abbestellung durch die betroffene Person;<\/li>\n<li>Kontaktaufnahme \u00fcber das Kontaktformular: bis zu 1 Jahr nach Erledigung der Anfrage oder Beschwerde;<\/li>\n<li>Kontodaten: bis zu 2 Jahre nach Inaktivit\u00e4t des Kontos.<\/li>\n<\/ul>\n<h3>Cookies oder \u00e4hnliche Techniken, die wir verwenden<\/h3>\n<p>La F\u00e9 Collection verwendet nur technische, funktionale und analytische Cookies, die nicht in Ihre Privatsph\u00e4re eingreifen. Ein Cookie ist eine kleine Textdatei, die auf Ihrem Computer, Tablet oder Smartphone gespeichert wird, wenn Sie diese Website zum ersten Mal besuchen. Die von uns verwendeten Cookies sind f\u00fcr den technischen Betrieb der Website und Ihre Benutzerfreundlichkeit notwendig. Sie sorgen daf\u00fcr, dass die Website ordnungsgem\u00e4\u00df funktioniert und merken sich zum Beispiel Ihre Pr\u00e4ferenzen. Sie erm\u00f6glichen es uns auch, unsere Website zu optimieren. Sie k\u00f6nnen Cookies ablehnen, indem Sie Ihren Internet-Browser so einstellen, dass er keine Cookies mehr speichert. Sie k\u00f6nnen auch alle zuvor gespeicherten Informationen \u00fcber Ihre Browsereinstellungen l\u00f6schen.<\/p>\n<p>Daten ansehen, \u00e4ndern oder l\u00f6schen<\/p>\n<p>Sie haben das Recht auf Zugang, Berichtigung oder L\u00f6schung Ihrer personenbezogenen Daten. Dar\u00fcber hinaus haben Sie das Recht, Ihre eventuelle Zustimmung zur Datenverarbeitung zu widerrufen oder der Verarbeitung Ihrer personenbezogenen Daten durch La F\u00e9 zu widersprechen, und Sie haben das Recht auf Daten\u00fcbertragbarkeit.<\/p>\n<p>Das bedeutet, dass Sie uns auffordern k\u00f6nnen, die personenbezogenen Daten, die wir \u00fcber Sie in einer Computerdatei gespeichert haben, an Sie oder eine andere von Ihnen benannte Organisation zu \u00fcbermitteln. Sie k\u00f6nnen einen Antrag auf Einsichtnahme, Berichtigung, L\u00f6schung oder \u00dcbertragung Ihrer personenbezogenen Daten oder auf Widerruf Ihrer Einwilligung oder Widerspruch gegen die Verarbeitung Ihrer personenbezogenen Daten an folgende Adresse richten: info@lafecollection.nl.<\/p>\n<p>Um sicherzustellen, dass der Antrag auf Einsichtnahme von Ihnen gestellt wird, bitten wir Sie, dem Antrag eine Kopie Ihres Identit\u00e4tsnachweises beizuf\u00fcgen. Schw\u00e4rzen Sie auf dieser Kopie Ihr Passfoto, die MRZ (maschinenlesbare Zone, der Zahlenstreifen am unteren Rand des Passes), die Passnummer und die B\u00fcrgerservicenummer (BSN). Dies dient dem Schutz Ihrer Privatsph\u00e4re. Wir werden Ihre Anfrage so schnell wie m\u00f6glich beantworten, sp\u00e4testens jedoch innerhalb von vier Wochen. La F\u00e9 Collection m\u00f6chte Sie auch darauf hinweisen, dass Sie die M\u00f6glichkeit haben, bei der nationalen Aufsichtsbeh\u00f6rde, der Beh\u00f6rde f\u00fcr personenbezogene Daten, eine Beschwerde einzureichen. Sie k\u00f6nnen dies \u00fcber den folgenden Link tun: <a href=\"https:\/\/autoriteitpersoonsgegevens.nl\/nl\/contact-met-de-autoriteit-persoonsgegevens\/tip-ons\" target=\"_blank\" rel=\"noopener\">https:\/\/autoriteitpersoonsgegevens.nl\/nl\/contact-met-de-autoriteit-persoonsgegevens\/tip-ons<\/a>.<\/p>\n<h3>Wie wir personenbezogene Daten sch\u00fctzen<\/h3>\n<p>La F\u00e9 Collection nimmt den Schutz Ihrer Daten ernst und ergreift geeignete Ma\u00dfnahmen, um Missbrauch, Verlust, unbefugten Zugriff, unerw\u00fcnschte Offenlegung und unbefugte \u00c4nderung zu verhindern. Wenn Sie den Eindruck haben, dass Ihre Daten nicht ordnungsgem\u00e4\u00df gesichert sind oder es Anzeichen f\u00fcr einen Missbrauch gibt, wenden Sie sich bitte an unseren Kundendienst oder \u00fcber info@lafecollection.nl.<\/p>\n<p><em>Weert, 2. Dezember 2024<\/em><\/p>\n<\/div><\/section><\/div><div  class='flex_column av-8yv-384d06f008626a13b6738c79a09edf72 av_one_fifth  avia-builder-el-4  el_after_av_three_fifth  avia-builder-el-last  flex_column_div'     ><\/div>","protected":false},"excerpt":{"rendered":"","protected":false},"author":1,"featured_media":0,"parent":0,"menu_order":0,"comment_status":"closed","ping_status":"closed","template":"","meta":{"_acf_changed":false,"footnotes":""},"class_list":["post-3","page","type-page","status-publish","hentry"],"acf":[],"_links":{"self":[{"href":"https:\/\/www.lafecollection.nl\/de\/wp-json\/wp\/v2\/pages\/3","targetHints":{"allow":["GET"]}}],"collection":[{"href":"https:\/\/www.lafecollection.nl\/de\/wp-json\/wp\/v2\/pages"}],"about":[{"href":"https:\/\/www.lafecollection.nl\/de\/wp-json\/wp\/v2\/types\/page"}],"author":[{"embeddable":true,"href":"https:\/\/www.lafecollection.nl\/de\/wp-json\/wp\/v2\/users\/1"}],"replies":[{"embeddable":true,"href":"https:\/\/www.lafecollection.nl\/de\/wp-json\/wp\/v2\/comments?post=3"}],"version-history":[{"count":8,"href":"https:\/\/www.lafecollection.nl\/de\/wp-json\/wp\/v2\/pages\/3\/revisions"}],"predecessor-version":[{"id":1232,"href":"https:\/\/www.lafecollection.nl\/de\/wp-json\/wp\/v2\/pages\/3\/revisions\/1232"}],"wp:attachment":[{"href":"https:\/\/www.lafecollection.nl\/de\/wp-json\/wp\/v2\/media?parent=3"}],"curies":[{"name":"wp","href":"https:\/\/api.w.org\/{rel}","templated":true}]}}