{"id":89,"date":"2024-11-27T11:26:00","date_gmt":"2024-11-27T10:26:00","guid":{"rendered":"https:\/\/lafe.bonsaidev.nl\/?page_id=89"},"modified":"2025-03-25T20:16:42","modified_gmt":"2025-03-25T19:16:42","slug":"uber-uns","status":"publish","type":"page","link":"https:\/\/www.lafecollection.nl\/de\/over-ons\/","title":{"rendered":"\u00dcber uns"},"content":{"rendered":"<div id='av_section_1'  class='avia-section av-650xp-aad7fedba455cce5baba85fbf96d0ca5 main_color avia-section-default avia-no-border-styling  avia-builder-el-0  avia-builder-el-no-sibling  avia-bg-style-scroll container_wrap fullsize'  ><div class='container av-section-cont-open' ><main  role=\"main\" itemprop=\"mainContentOfPage\"  class='template-page content  av-content-full alpha units'><div class='post-entry post-entry-type-page post-entry-89'><div class='entry-content-wrapper clearfix'>\n<div  class='flex_column av-5rtxp-f6a0acbb6397024df83897f5948b7169 av_one_fifth  avia-builder-el-1  el_before_av_three_fifth  avia-builder-el-first  first flex_column_div'     ><\/div><div  class='flex_column av-4y3n5-58e3c2e01f3827f215c4c0385d8a8f80 av_three_fifth  avia-builder-el-2  el_after_av_one_fifth  el_before_av_one_fifth  flex_column_div'     ><section  class='av_textblock_section av-4m96d-5aa529e1a181464163397c42007222b7'   itemscope=\"itemscope\" itemtype=\"https:\/\/schema.org\/CreativeWork\" ><div class='avia_textblock'  itemprop=\"text\" ><h1>Einzigartige Lampen mit einer Geschichte. Bereit, Ihr Leben zu erhellen.<\/h1>\n<p>Bei La F\u00e9 Collection erwecken wir Ihr Interieur mit einzigartigen Lampen zum Leben, die mehr als nur eine Lichtquelle sind - sie erz\u00e4hlen eine Geschichte. Jedes St\u00fcck ist handgefertigt, sorgf\u00e4ltig ausgew\u00e4hlt und mit einer Leidenschaft gefertigt, die in jedem Detail zu sp\u00fcren ist.<\/p>\n<h3>Farbe und Vielfalt<\/h3>\n<p>Wir glauben an die Kraft von Farben und Variationen. Deshalb bieten wir ma\u00dfgeschneiderte L\u00f6sungen, die zu Ihrem einzigartigen Stil und Raum passen. <a href=\"https:\/\/www.lafecollection.nl\/de\/bereich\/\">Unsere Lampen<\/a> bringen nicht nur Atmosph\u00e4re in Ihr Zuhause, sondern schaffen auch einen exklusiven Look. Mit einem Hauch von Vintage und einem modernen Twist schaffen wir Stimmungsmacher, die einzigartig und zeitlos sind.<\/p>\n<p>Bei La F\u00e9 Collection steht die Produktqualit\u00e4t immer an erster Stelle. So k\u00f6nnen Sie sicher sein, dass Sie eine Lichtquelle erhalten, die Ihr Leben im wahrsten Sinne des Wortes erhellt. W\u00e4hlen Sie eine Lampe mit Charakter. W\u00e4hlen Sie ein Erlebnis, das nur f\u00fcr Sie bestimmt ist.<\/p>\n<h3>Wie alles begann.<\/h3>\n<p>Die Geschichte von La F\u00e9 Collection beginnt in Sri Lanka, einem Land voller Farben, W\u00e4rme und Tradition. Die Gr\u00fcnderin F\u00e9 Verkoelen, die auf dieser wundersch\u00f6nen Insel geboren wurde, f\u00fchlt sich noch immer mit den leuchtenden Farben, den reichen Texturen und der tiefen Wertsch\u00e4tzung f\u00fcr das Handwerk verbunden. Von klein auf war sie fasziniert von der Sch\u00f6nheit der Materialien und dem Zauber, den Farben dem Leben verleihen k\u00f6nnen.<\/p>\n<p>Mit einem kreativen Geist und einem Herzen voller Enthusiasmus beschloss sie nach vielen Jahren des pers\u00f6nlichen und beruflichen Wachstums, eine neue Herausforderung anzunehmen: etwas zu schaffen, das die Welt ein wenig heller und bunter macht. So entstand La F\u00e9 Collection, ein Ort, an dem ihre Liebe zu Farben, Handwerkskunst und \u00c4sthetik in jedem Unikat lebendig wird, <a href=\"https:\/\/www.lafecollection.nl\/de\/kundenspezifische-lampen\/\">handgefertigtes Lichtobjekt<\/a>.<\/p>\n<p>Inspiriert von ihren Wurzeln und angetrieben von ihrer Leidenschaft, hat sie eine Marke aufgebaut, die auf Originalit\u00e4t, Qualit\u00e4t und eine pers\u00f6nliche Note setzt. Jedes St\u00fcck ist ein Spiegelbild ihrer kreativen Seele und der Sorgfalt, mit der sie die besten Materialien ausw\u00e4hlt. So schafft sie Lampen, die nicht nur Licht spenden, sondern auch eine Geschichte erz\u00e4hlen und Atmosph\u00e4re in jedes Zuhause bringen.<\/p>\n<p>Mit La F\u00e9 Collection hat sie ihren Traum in eine einzigartige und exklusive Kollektion umgesetzt, f\u00fcr alle, die auf der Suche nach einem ebenso besonderen Beleuchtungsst\u00fcck sind wie sie selbst.<\/p>\n<\/div><\/section><\/div><div  class='flex_column av-440gp-dde087c98c23a6220ca676fcf85ec7b8 av_one_fifth  avia-builder-el-4  el_after_av_three_fifth  el_before_av_two_fifth  flex_column_div'     ><\/div><div class='flex_column_table av-3akl5-0cb1e3c56f13a4235ef49a5b992a3d64 sc-av_two_fifth av-equal-height-column-flextable'>\n<style type=\"text\/css\" data-created_by=\"avia_inline_auto\" id=\"style-css-av-3akl5-0cb1e3c56f13a4235ef49a5b992a3d64\">\n#top .flex_column_table.av-equal-height-column-flextable.av-3akl5-0cb1e3c56f13a4235ef49a5b992a3d64{\nmargin-top:50px;\nmargin-bottom:60px;\n}\n.flex_column.av-3akl5-0cb1e3c56f13a4235ef49a5b992a3d64{\nwidth:38.2%;\nmargin-left:0;\n}\n#top .flex_column_table.av-equal-height-column-flextable.av-3akl5-0cb1e3c56f13a4235ef49a5b992a3d64 .av-flex-placeholder{\nwidth:3%;\n}\n<\/style>\n<div  class='flex_column av-3akl5-0cb1e3c56f13a4235ef49a5b992a3d64 av_two_fifth  avia-builder-el-5  el_after_av_one_fifth  el_before_av_three_fifth  first flex_column_table_cell av-equal-height-column av-align-middle  column-top-margin'     ><style type=\"text\/css\" data-created_by=\"avia_inline_auto\" id=\"style-css-av-m411z1pv-9593b042e3e83cfc0dd3097c89567d3c\">\n.avia-image-container.av-m411z1pv-9593b042e3e83cfc0dd3097c89567d3c img.avia_image{\nbox-shadow:none;\n}\n.avia-image-container.av-m411z1pv-9593b042e3e83cfc0dd3097c89567d3c .av-image-caption-overlay-center{\ncolor:#ffffff;\n}\n<\/style>\n<div  class='avia-image-container av-m411z1pv-9593b042e3e83cfc0dd3097c89567d3c av-styling-no-styling avia-align-center  avia-builder-el-6  avia-builder-el-no-sibling  split-foto-links'   itemprop=\"image\" itemscope=\"itemscope\" itemtype=\"https:\/\/schema.org\/ImageObject\" ><div class=\"avia-image-container-inner\"><div class=\"avia-image-overlay-wrap\"><img decoding=\"async\" fetchpriority=\"high\" class='wp-image-400 avia-img-lazy-loading-not-400 avia_image' src=\"https:\/\/www.lafecollection.nl\/wp-content\/uploads\/2024\/12\/foto-fe-vierkant.jpg\" alt='' title='foto-fe-quadrat'  height=\"1003\" width=\"1003\"  itemprop=\"thumbnailUrl\" srcset=\"https:\/\/www.lafecollection.nl\/wp-content\/uploads\/2024\/12\/foto-fe-vierkant.jpg 1003w, https:\/\/www.lafecollection.nl\/wp-content\/uploads\/2024\/12\/foto-fe-vierkant-300x300.jpg 300w, https:\/\/www.lafecollection.nl\/wp-content\/uploads\/2024\/12\/foto-fe-vierkant-80x80.jpg 80w, https:\/\/www.lafecollection.nl\/wp-content\/uploads\/2024\/12\/foto-fe-vierkant-768x768.jpg 768w, https:\/\/www.lafecollection.nl\/wp-content\/uploads\/2024\/12\/foto-fe-vierkant-36x36.jpg 36w, https:\/\/www.lafecollection.nl\/wp-content\/uploads\/2024\/12\/foto-fe-vierkant-180x180.jpg 180w, https:\/\/www.lafecollection.nl\/wp-content\/uploads\/2024\/12\/foto-fe-vierkant-705x705.jpg 705w, https:\/\/www.lafecollection.nl\/wp-content\/uploads\/2024\/12\/foto-fe-vierkant-120x120.jpg 120w, https:\/\/www.lafecollection.nl\/wp-content\/uploads\/2024\/12\/foto-fe-vierkant-450x450.jpg 450w, https:\/\/www.lafecollection.nl\/wp-content\/uploads\/2024\/12\/foto-fe-vierkant-400x400.jpg 400w, https:\/\/www.lafecollection.nl\/wp-content\/uploads\/2024\/12\/foto-fe-vierkant-600x600.jpg 600w, https:\/\/www.lafecollection.nl\/wp-content\/uploads\/2024\/12\/foto-fe-vierkant-100x100.jpg 100w\" sizes=\"(max-width: 1003px) 100vw, 1003px\" \/><\/div><\/div><\/div><\/div><div class='av-flex-placeholder'><\/div>\n<style type=\"text\/css\" data-created_by=\"avia_inline_auto\" id=\"style-css-av-2p8j5-74996918a19b639703d2c00706163df4\">\n#top .flex_column_table.av-equal-height-column-flextable.av-2p8j5-74996918a19b639703d2c00706163df4{\nmargin-top:50px;\nmargin-bottom:60px;\n}\n.flex_column.av-2p8j5-74996918a19b639703d2c00706163df4{\nwidth:58.8%;\nmargin-left:0;\n}\n#top .flex_column_table.av-equal-height-column-flextable.av-2p8j5-74996918a19b639703d2c00706163df4 .av-flex-placeholder{\nwidth:3%;\n}\n<\/style>\n<div  class='flex_column av-2p8j5-74996918a19b639703d2c00706163df4 av_three_fifth  avia-builder-el-7  el_after_av_two_fifth  el_before_av_one_fifth  flex_column_table_cell av-equal-height-column av-align-middle  column-top-margin'     ><style type=\"text\/css\" data-created_by=\"avia_inline_auto\" id=\"style-css-av-m411z7yu-4f3e7745587ecf43f263397bbed7df5a\">\n.avia-image-container.av-m411z7yu-4f3e7745587ecf43f263397bbed7df5a img.avia_image{\nbox-shadow:none;\n}\n.avia-image-container.av-m411z7yu-4f3e7745587ecf43f263397bbed7df5a .av-image-caption-overlay-center{\ncolor:#ffffff;\n}\n<\/style>\n<div  class='avia-image-container av-m411z7yu-4f3e7745587ecf43f263397bbed7df5a av-styling-no-styling avia-align-center  avia-builder-el-8  avia-builder-el-no-sibling  split-foto-rechts'   itemprop=\"image\" itemscope=\"itemscope\" itemtype=\"https:\/\/schema.org\/ImageObject\" ><div class=\"avia-image-container-inner\"><div class=\"avia-image-overlay-wrap\"><img decoding=\"async\" fetchpriority=\"high\" class='wp-image-403 avia-img-lazy-loading-not-403 avia_image' src=\"https:\/\/www.lafecollection.nl\/wp-content\/uploads\/2024\/12\/op-maat-gemaakte-lampen.jpg\" alt='' title='Sonderanfertigung von Lampen'  height=\"972\" width=\"1505\"  itemprop=\"thumbnailUrl\" srcset=\"https:\/\/www.lafecollection.nl\/wp-content\/uploads\/2024\/12\/op-maat-gemaakte-lampen.jpg 1505w, https:\/\/www.lafecollection.nl\/wp-content\/uploads\/2024\/12\/op-maat-gemaakte-lampen-300x194.jpg 300w, https:\/\/www.lafecollection.nl\/wp-content\/uploads\/2024\/12\/op-maat-gemaakte-lampen-1030x665.jpg 1030w, https:\/\/www.lafecollection.nl\/wp-content\/uploads\/2024\/12\/op-maat-gemaakte-lampen-768x496.jpg 768w, https:\/\/www.lafecollection.nl\/wp-content\/uploads\/2024\/12\/op-maat-gemaakte-lampen-1500x969.jpg 1500w, https:\/\/www.lafecollection.nl\/wp-content\/uploads\/2024\/12\/op-maat-gemaakte-lampen-705x455.jpg 705w, https:\/\/www.lafecollection.nl\/wp-content\/uploads\/2024\/12\/op-maat-gemaakte-lampen-450x291.jpg 450w, https:\/\/www.lafecollection.nl\/wp-content\/uploads\/2024\/12\/op-maat-gemaakte-lampen-600x388.jpg 600w\" sizes=\"(max-width: 1505px) 100vw, 1505px\" \/><\/div><\/div><\/div><\/div><\/div><!--close column table wrapper. Autoclose: 1 --><div  class='flex_column av-1yvdp-e7edbd1dd435c274355defe21d6a0e49 av_one_fifth  avia-builder-el-9  el_after_av_three_fifth  el_before_av_three_fifth  first flex_column_div'     ><\/div><div  class='flex_column av-1ni75-631760afe837e12a1ed05ba20d85ab23 av_three_fifth  avia-builder-el-10  el_after_av_one_fifth  el_before_av_one_fifth  flex_column_div'     ><p>\n<style type=\"text\/css\" data-created_by=\"avia_inline_auto\" id=\"style-css-av-m4137y3m-2f1a37f52c79728ed55edf4037866889\">\n#top .hr.hr-invisible.av-m4137y3m-2f1a37f52c79728ed55edf4037866889{\nheight:35px;\n}\n<\/style>\n<div  class='hr av-m4137y3m-2f1a37f52c79728ed55edf4037866889 hr-invisible  avia-builder-el-11  el_before_av_textblock  avia-builder-el-first'><span class='hr-inner'><span class=\"hr-inner-style\"><\/span><\/span><\/div><br \/>\n<section  class='av_textblock_section av-m4136t25-9ee714ae3d0d2a74b584917e80fa5a8b'   itemscope=\"itemscope\" itemtype=\"https:\/\/schema.org\/CreativeWork\" ><div class='avia_textblock'  itemprop=\"text\" ><p><img loading=\"lazy\" decoding=\"async\" class=\"wp-image-123 aligncenter\" src=\"https:\/\/www.lafecollection.nl\/wp-content\/uploads\/2024\/11\/La-fe-Icon.png\" alt=\"\" width=\"120\" height=\"121\" srcset=\"https:\/\/www.lafecollection.nl\/wp-content\/uploads\/2024\/11\/La-fe-Icon.png 239w, https:\/\/www.lafecollection.nl\/wp-content\/uploads\/2024\/11\/La-fe-Icon-80x80.png 80w, https:\/\/www.lafecollection.nl\/wp-content\/uploads\/2024\/11\/La-fe-Icon-36x36.png 36w, https:\/\/www.lafecollection.nl\/wp-content\/uploads\/2024\/11\/La-fe-Icon-180x180.png 180w, https:\/\/www.lafecollection.nl\/wp-content\/uploads\/2024\/11\/La-fe-Icon-120x120.png 120w, https:\/\/www.lafecollection.nl\/wp-content\/uploads\/2024\/11\/La-fe-Icon-100x100.png 100w\" sizes=\"auto, (max-width: 120px) 100vw, 120px\" \/><\/p>\n<\/div><\/section><\/p><\/div><div  class='flex_column av-xwo5-a655d9682dbee128d07f5cba2c7c2cf0 av_one_fifth  avia-builder-el-13  el_after_av_three_fifth  avia-builder-el-last  flex_column_div'     ><\/div>","protected":false},"excerpt":{"rendered":"","protected":false},"author":1,"featured_media":0,"parent":0,"menu_order":0,"comment_status":"closed","ping_status":"closed","template":"","meta":{"_acf_changed":false,"footnotes":""},"class_list":["post-89","page","type-page","status-publish","hentry"],"acf":[],"_links":{"self":[{"href":"https:\/\/www.lafecollection.nl\/de\/wp-json\/wp\/v2\/pages\/89","targetHints":{"allow":["GET"]}}],"collection":[{"href":"https:\/\/www.lafecollection.nl\/de\/wp-json\/wp\/v2\/pages"}],"about":[{"href":"https:\/\/www.lafecollection.nl\/de\/wp-json\/wp\/v2\/types\/page"}],"author":[{"embeddable":true,"href":"https:\/\/www.lafecollection.nl\/de\/wp-json\/wp\/v2\/users\/1"}],"replies":[{"embeddable":true,"href":"https:\/\/www.lafecollection.nl\/de\/wp-json\/wp\/v2\/comments?post=89"}],"version-history":[{"count":41,"href":"https:\/\/www.lafecollection.nl\/de\/wp-json\/wp\/v2\/pages\/89\/revisions"}],"predecessor-version":[{"id":1788,"href":"https:\/\/www.lafecollection.nl\/de\/wp-json\/wp\/v2\/pages\/89\/revisions\/1788"}],"wp:attachment":[{"href":"https:\/\/www.lafecollection.nl\/de\/wp-json\/wp\/v2\/media?parent=89"}],"curies":[{"name":"wp","href":"https:\/\/api.w.org\/{rel}","templated":true}]}}