{"id":1066,"date":"2025-04-01T14:21:39","date_gmt":"2025-04-01T12:21:39","guid":{"rendered":"https:\/\/lafe.bonsaidev.nl\/?post_type=product&#038;p=1066"},"modified":"2025-04-17T17:47:14","modified_gmt":"2025-04-17T15:47:14","slug":"sonne","status":"publish","type":"product","link":"https:\/\/www.lafecollection.nl\/de\/product\/sun\/","title":{"rendered":"Sonne"},"content":{"rendered":"<p>Diese wundersch\u00f6ne Lampe strahlt mit ihrem Keramiksockel in tiefem Dunkelgr\u00fcn und sattem Ockergelb W\u00e4rme und Luxus aus.<\/p>\n<p>Der Schirm in Gr\u00fcnt\u00f6nen mit dezentem Silberglanz verleiht einen Hauch von Raffinesse und f\u00e4ngt das Licht auf bezaubernde Weise ein.<\/p>\n<p>Ein attraktiver Blickfang f\u00fcr jedes Interieur<\/p>","protected":false},"excerpt":{"rendered":"<p>Deze prachtige lamp straalt warmte en luxe uit met zijn keramische voet in diep donkergroen en rijk okergeel. De kap in groene tinten met een subtiele zilveren glans voegt een vleugje verfijning toe en vangt het licht op een betoverende manier. Een sfeervolle eyecatcher voor elk interieur<\/p>","protected":false},"featured_media":1057,"template":"","meta":{"_acf_changed":false},"thema":[75],"product_brand":[],"product_cat":[76],"product_tag":[],"class_list":{"0":"post-1066","1":"product","2":"type-product","3":"status-publish","4":"has-post-thumbnail","6":"thema-la-fe-collection","7":"product_cat-la-fe-collection","9":"first","10":"outofstock","11":"taxable","12":"shipping-taxable","13":"purchasable","14":"product-type-simple"},"bundled_by":[],"bundle_stock_status":"outofstock","bundle_stock_quantity":0,"bundle_virtual":false,"bundle_layout":"","bundle_add_to_cart_form_location":"","bundle_editable_in_cart":false,"bundle_sold_individually_context":"","bundle_item_grouping":"","bundle_min_size":"","bundle_max_size":"","bundle_price":[],"bundled_items":[],"bundle_sell_ids":[],"acf":[],"_links":{"self":[{"href":"https:\/\/www.lafecollection.nl\/de\/wp-json\/wp\/v2\/product\/1066","targetHints":{"allow":["GET"]}}],"collection":[{"href":"https:\/\/www.lafecollection.nl\/de\/wp-json\/wp\/v2\/product"}],"about":[{"href":"https:\/\/www.lafecollection.nl\/de\/wp-json\/wp\/v2\/types\/product"}],"wp:featuredmedia":[{"embeddable":true,"href":"https:\/\/www.lafecollection.nl\/de\/wp-json\/wp\/v2\/media\/1057"}],"wp:attachment":[{"href":"https:\/\/www.lafecollection.nl\/de\/wp-json\/wp\/v2\/media?parent=1066"}],"wp:term":[{"taxonomy":"thema","embeddable":true,"href":"https:\/\/www.lafecollection.nl\/de\/wp-json\/wp\/v2\/thema?post=1066"},{"taxonomy":"product_brand","embeddable":true,"href":"https:\/\/www.lafecollection.nl\/de\/wp-json\/wp\/v2\/product_brand?post=1066"},{"taxonomy":"product_cat","embeddable":true,"href":"https:\/\/www.lafecollection.nl\/de\/wp-json\/wp\/v2\/product_cat?post=1066"},{"taxonomy":"product_tag","embeddable":true,"href":"https:\/\/www.lafecollection.nl\/de\/wp-json\/wp\/v2\/product_tag?post=1066"}],"curies":[{"name":"wp","href":"https:\/\/api.w.org\/{rel}","templated":true}]}}