{"id":1321,"date":"2025-06-11T14:02:06","date_gmt":"2025-06-11T12:02:06","guid":{"rendered":"https:\/\/www.lafecollection.nl\/?post_type=product&#038;p=1321"},"modified":"2025-06-11T14:02:06","modified_gmt":"2025-06-11T12:02:06","slug":"ayla","status":"publish","type":"product","link":"https:\/\/www.lafecollection.nl\/de\/product\/ayla\/","title":{"rendered":"Ayla"},"content":{"rendered":"<p>Lassen Sie Ihr Interieur mit dieser auff\u00e4lligen Tischleuchte La F\u00e9 erstrahlen. Der handbemalte Sockel in Smaragdgr\u00fcn mit anmutigen Mustern in Lila, Gelb und Wei\u00df strahlt Kreativit\u00e4t und Lebendigkeit aus.<\/p>\n<p>Der tiefrosa Farbton aus Rohseide erzeugt einen warmen, stimmungsvollen Lichtschein und eine kr\u00e4ftige Farbkombination. Ein echter Blickfang f\u00fcr ein farbenfrohes Interieur.<\/p>","protected":false},"excerpt":{"rendered":"<p>Laat je interieur stralen met deze opvallende La F\u00e9 tafellamp. De handbeschilderde voet in smaragdgroen, met sierlijke patronen in paars, geel en wit, ademt creativiteit en levendigheid. De diepe roze kap van ruw zijde zorgt voor een warme, sfeervolle lichtgloed en een gedurfde kleurcombinatie. Een echte blikvanger voor een kleurrijk interieur.<\/p>","protected":false},"featured_media":1323,"template":"","meta":{"_acf_changed":false},"thema":[47],"product_brand":[],"product_cat":[15,76],"product_tag":[],"class_list":{"0":"post-1321","1":"product","2":"type-product","3":"status-publish","4":"has-post-thumbnail","6":"thema-medium-magic","7":"product_cat-complete-sets","8":"product_cat-la-fe-collection","10":"first","11":"instock","12":"taxable","13":"shipping-taxable","14":"purchasable","15":"product-type-simple"},"bundled_by":[],"bundle_stock_status":"instock","bundle_stock_quantity":1,"bundle_virtual":false,"bundle_layout":"","bundle_add_to_cart_form_location":"","bundle_editable_in_cart":false,"bundle_sold_individually_context":"","bundle_item_grouping":"","bundle_min_size":"","bundle_max_size":"","bundle_price":[],"bundled_items":[],"bundle_sell_ids":[],"acf":[],"_links":{"self":[{"href":"https:\/\/www.lafecollection.nl\/de\/wp-json\/wp\/v2\/product\/1321","targetHints":{"allow":["GET"]}}],"collection":[{"href":"https:\/\/www.lafecollection.nl\/de\/wp-json\/wp\/v2\/product"}],"about":[{"href":"https:\/\/www.lafecollection.nl\/de\/wp-json\/wp\/v2\/types\/product"}],"wp:featuredmedia":[{"embeddable":true,"href":"https:\/\/www.lafecollection.nl\/de\/wp-json\/wp\/v2\/media\/1323"}],"wp:attachment":[{"href":"https:\/\/www.lafecollection.nl\/de\/wp-json\/wp\/v2\/media?parent=1321"}],"wp:term":[{"taxonomy":"thema","embeddable":true,"href":"https:\/\/www.lafecollection.nl\/de\/wp-json\/wp\/v2\/thema?post=1321"},{"taxonomy":"product_brand","embeddable":true,"href":"https:\/\/www.lafecollection.nl\/de\/wp-json\/wp\/v2\/product_brand?post=1321"},{"taxonomy":"product_cat","embeddable":true,"href":"https:\/\/www.lafecollection.nl\/de\/wp-json\/wp\/v2\/product_cat?post=1321"},{"taxonomy":"product_tag","embeddable":true,"href":"https:\/\/www.lafecollection.nl\/de\/wp-json\/wp\/v2\/product_tag?post=1321"}],"curies":[{"name":"wp","href":"https:\/\/api.w.org\/{rel}","templated":true}]}}