{"id":1366,"date":"2025-07-16T20:45:18","date_gmt":"2025-07-16T18:45:18","guid":{"rendered":"https:\/\/www.lafecollection.nl\/?post_type=product&#038;p=1366"},"modified":"2025-08-12T19:53:31","modified_gmt":"2025-08-12T17:53:31","slug":"lou","status":"publish","type":"product","link":"https:\/\/www.lafecollection.nl\/de\/product\/lou\/","title":{"rendered":"Lou"},"content":{"rendered":"<p>Lou strahlt Ruhe aus und ist ein echter Blickfang f\u00fcr Ihr Zuhause. Der robuste Sockel mit handgemaltem Druck und verwitterten Details wird durch den Schirm aus Rohseide in einem sanften Gr\u00fcnton, der mit olivgr\u00fcnen Fransen abschlie\u00dft, perfekt ausgeglichen.<\/p>","protected":false},"excerpt":{"rendered":"<p>Lou strahlt Ruhe aus und ist ein echter Blickfang f\u00fcr Ihr Zuhause. Der robuste Sockel mit handgemaltem Druck und verwitterten Details wird durch den Schirm aus Rohseide in einem sanften Gr\u00fcnton, der mit olivgr\u00fcnen Fransen abschlie\u00dft, perfekt ausgeglichen.<\/p>","protected":false},"featured_media":1367,"template":"","meta":{"_acf_changed":false},"thema":[75,47],"product_brand":[],"product_cat":[15,76],"product_tag":[],"class_list":{"0":"post-1366","1":"product","2":"type-product","3":"status-publish","4":"has-post-thumbnail","6":"thema-la-fe-collection","7":"thema-medium-magic","8":"product_cat-complete-sets","9":"product_cat-la-fe-collection","11":"first","12":"instock","13":"taxable","14":"shipping-taxable","15":"purchasable","16":"product-type-simple"},"bundled_by":[],"bundle_stock_status":"instock","bundle_stock_quantity":1,"bundle_virtual":false,"bundle_layout":"","bundle_add_to_cart_form_location":"","bundle_editable_in_cart":false,"bundle_sold_individually_context":"","bundle_item_grouping":"","bundle_min_size":"","bundle_max_size":"","bundle_price":[],"bundled_items":[],"bundle_sell_ids":[],"acf":[],"_links":{"self":[{"href":"https:\/\/www.lafecollection.nl\/de\/wp-json\/wp\/v2\/product\/1366","targetHints":{"allow":["GET"]}}],"collection":[{"href":"https:\/\/www.lafecollection.nl\/de\/wp-json\/wp\/v2\/product"}],"about":[{"href":"https:\/\/www.lafecollection.nl\/de\/wp-json\/wp\/v2\/types\/product"}],"wp:featuredmedia":[{"embeddable":true,"href":"https:\/\/www.lafecollection.nl\/de\/wp-json\/wp\/v2\/media\/1367"}],"wp:attachment":[{"href":"https:\/\/www.lafecollection.nl\/de\/wp-json\/wp\/v2\/media?parent=1366"}],"wp:term":[{"taxonomy":"thema","embeddable":true,"href":"https:\/\/www.lafecollection.nl\/de\/wp-json\/wp\/v2\/thema?post=1366"},{"taxonomy":"product_brand","embeddable":true,"href":"https:\/\/www.lafecollection.nl\/de\/wp-json\/wp\/v2\/product_brand?post=1366"},{"taxonomy":"product_cat","embeddable":true,"href":"https:\/\/www.lafecollection.nl\/de\/wp-json\/wp\/v2\/product_cat?post=1366"},{"taxonomy":"product_tag","embeddable":true,"href":"https:\/\/www.lafecollection.nl\/de\/wp-json\/wp\/v2\/product_tag?post=1366"}],"curies":[{"name":"wp","href":"https:\/\/api.w.org\/{rel}","templated":true}]}}