{"id":1372,"date":"2025-07-18T23:08:57","date_gmt":"2025-07-18T21:08:57","guid":{"rendered":"https:\/\/www.lafecollection.nl\/?post_type=product&#038;p=1372"},"modified":"2025-07-18T23:08:57","modified_gmt":"2025-07-18T21:08:57","slug":"pom","status":"publish","type":"product","link":"https:\/\/www.lafecollection.nl\/de\/product\/pom\/","title":{"rendered":"Pom"},"content":{"rendered":"<p>Fr\u00f6hlich, einzigartig und handgemacht. Die Wandleuchte Pom bringt Farbe und Atmosph\u00e4re in jeden Raum. Der wei\u00dfe Leinenschirm ist mit farbenfrohen Pompons verziert und mit einer stilvollen lilafarbenen Zierleiste versehen. Ein echter Blickfang f\u00fcr Ihr Zuhause.<\/p>","protected":false},"excerpt":{"rendered":"<p>Fr\u00f6hlich, einzigartig und handgemacht. Die Wandleuchte Pom bringt Farbe und Atmosph\u00e4re in jeden Raum. Der wei\u00dfe Leinenschirm ist mit farbenfrohen Pompons verziert und mit einer stilvollen lilafarbenen Zierleiste versehen. Ein echter Blickfang f\u00fcr Ihr Zuhause.<\/p>","protected":false},"featured_media":1374,"template":"","meta":{"_acf_changed":false},"thema":[75,23,96],"product_brand":[],"product_cat":[76,95],"product_tag":[],"class_list":{"0":"post-1372","1":"product","2":"type-product","3":"status-publish","4":"has-post-thumbnail","6":"thema-la-fe-collection","7":"thema-small-stylish","8":"thema-wall-wonders","9":"product_cat-la-fe-collection","10":"product_cat-wandlampen","12":"first","13":"instock","14":"taxable","15":"shipping-taxable","16":"purchasable","17":"product-type-simple"},"bundled_by":[],"bundle_stock_status":"instock","bundle_stock_quantity":null,"bundle_virtual":false,"bundle_layout":"","bundle_add_to_cart_form_location":"","bundle_editable_in_cart":false,"bundle_sold_individually_context":"","bundle_item_grouping":"","bundle_min_size":"","bundle_max_size":"","bundle_price":[],"bundled_items":[],"bundle_sell_ids":[],"acf":[],"_links":{"self":[{"href":"https:\/\/www.lafecollection.nl\/de\/wp-json\/wp\/v2\/product\/1372","targetHints":{"allow":["GET"]}}],"collection":[{"href":"https:\/\/www.lafecollection.nl\/de\/wp-json\/wp\/v2\/product"}],"about":[{"href":"https:\/\/www.lafecollection.nl\/de\/wp-json\/wp\/v2\/types\/product"}],"wp:featuredmedia":[{"embeddable":true,"href":"https:\/\/www.lafecollection.nl\/de\/wp-json\/wp\/v2\/media\/1374"}],"wp:attachment":[{"href":"https:\/\/www.lafecollection.nl\/de\/wp-json\/wp\/v2\/media?parent=1372"}],"wp:term":[{"taxonomy":"thema","embeddable":true,"href":"https:\/\/www.lafecollection.nl\/de\/wp-json\/wp\/v2\/thema?post=1372"},{"taxonomy":"product_brand","embeddable":true,"href":"https:\/\/www.lafecollection.nl\/de\/wp-json\/wp\/v2\/product_brand?post=1372"},{"taxonomy":"product_cat","embeddable":true,"href":"https:\/\/www.lafecollection.nl\/de\/wp-json\/wp\/v2\/product_cat?post=1372"},{"taxonomy":"product_tag","embeddable":true,"href":"https:\/\/www.lafecollection.nl\/de\/wp-json\/wp\/v2\/product_tag?post=1372"}],"curies":[{"name":"wp","href":"https:\/\/api.w.org\/{rel}","templated":true}]}}