{"id":1391,"date":"2025-07-19T17:57:43","date_gmt":"2025-07-19T15:57:43","guid":{"rendered":"https:\/\/www.lafecollection.nl\/?post_type=product&#038;p=1391"},"modified":"2025-07-19T17:57:43","modified_gmt":"2025-07-19T15:57:43","slug":"stechpalme-2","status":"publish","type":"product","link":"https:\/\/www.lafecollection.nl\/de\/product\/holly-2\/","title":{"rendered":"Holly"},"content":{"rendered":"<p data-start=\"252\" data-end=\"549\">Die Wandleuchte Holly ist ein echter Hingucker, bezogen mit der luxuri\u00f6sen Prairie-Tapete aus der aktuellen <strong>Hollyhocks-Kollektion von House of Hackney<\/strong>. Der \u00fcppige Blumendruck ist eine Hommage an englische G\u00e4rten, mit satten Farben und raffinierten Details, die Ihrem Raum sofort Atmosph\u00e4re und Charakter verleihen.<\/p>\n<p data-start=\"551\" data-end=\"678\">Handgefertigt und stilvoll verarbeitet. Holly ist ein eindeutiges La F\u00e9-Statement: einzigartig, mutig und voller Pers\u00f6nlichkeit.<\/p>","protected":false},"excerpt":{"rendered":"<p>Wandlamp Holly is een echte eyecatcher, bekleed met het luxe Prairie behang uit de nieuwste Hollyhocks-collectie van House of Hackney. De rijke, bloemige print brengt een ode aan Engelse tuinen, met diepe kleuren en verfijnde details die meteen sfeer en karakter geven aan je ruimte. Met de hand gemaakt en stijlvol afgewerkt. Holly is een [&hellip;]<\/p>\n","protected":false},"featured_media":1393,"template":"","meta":{"_acf_changed":false},"thema":[75,23,96],"product_brand":[],"product_cat":[76,95],"product_tag":[],"class_list":{"0":"post-1391","1":"product","2":"type-product","3":"status-publish","4":"has-post-thumbnail","6":"thema-la-fe-collection","7":"thema-small-stylish","8":"thema-wall-wonders","9":"product_cat-la-fe-collection","10":"product_cat-wandlampen","12":"first","13":"instock","14":"taxable","15":"shipping-taxable","16":"purchasable","17":"product-type-simple"},"bundled_by":[],"bundle_stock_status":"instock","bundle_stock_quantity":null,"bundle_virtual":false,"bundle_layout":"","bundle_add_to_cart_form_location":"","bundle_editable_in_cart":false,"bundle_sold_individually_context":"","bundle_item_grouping":"","bundle_min_size":"","bundle_max_size":"","bundle_price":[],"bundled_items":[],"bundle_sell_ids":[],"acf":[],"_links":{"self":[{"href":"https:\/\/www.lafecollection.nl\/de\/wp-json\/wp\/v2\/product\/1391","targetHints":{"allow":["GET"]}}],"collection":[{"href":"https:\/\/www.lafecollection.nl\/de\/wp-json\/wp\/v2\/product"}],"about":[{"href":"https:\/\/www.lafecollection.nl\/de\/wp-json\/wp\/v2\/types\/product"}],"wp:featuredmedia":[{"embeddable":true,"href":"https:\/\/www.lafecollection.nl\/de\/wp-json\/wp\/v2\/media\/1393"}],"wp:attachment":[{"href":"https:\/\/www.lafecollection.nl\/de\/wp-json\/wp\/v2\/media?parent=1391"}],"wp:term":[{"taxonomy":"thema","embeddable":true,"href":"https:\/\/www.lafecollection.nl\/de\/wp-json\/wp\/v2\/thema?post=1391"},{"taxonomy":"product_brand","embeddable":true,"href":"https:\/\/www.lafecollection.nl\/de\/wp-json\/wp\/v2\/product_brand?post=1391"},{"taxonomy":"product_cat","embeddable":true,"href":"https:\/\/www.lafecollection.nl\/de\/wp-json\/wp\/v2\/product_cat?post=1391"},{"taxonomy":"product_tag","embeddable":true,"href":"https:\/\/www.lafecollection.nl\/de\/wp-json\/wp\/v2\/product_tag?post=1391"}],"curies":[{"name":"wp","href":"https:\/\/api.w.org\/{rel}","templated":true}]}}