{"id":1396,"date":"2025-07-19T18:42:04","date_gmt":"2025-07-19T16:42:04","guid":{"rendered":"https:\/\/www.lafecollection.nl\/?post_type=product&#038;p=1396"},"modified":"2025-07-19T18:42:04","modified_gmt":"2025-07-19T16:42:04","slug":"ine","status":"publish","type":"product","link":"https:\/\/www.lafecollection.nl\/de\/product\/ine\/","title":{"rendered":"Ine"},"content":{"rendered":"<p>Die Wandleuchte Ine ist ein stilvoller Stimmungsmacher. Sie ist mit rosafarbener Rohseide \u00fcberzogen, die dezent gl\u00e4nzt und sich wunderbar mit den bordeauxfarbenen Fransen verbindet. Die reichhaltigen Materialien und warmen Farben sorgen f\u00fcr einen femininen und individuellen Look. Jedes St\u00fcck ist handgefertigt und mit Sorgfalt verarbeitet. Genau so, wie Sie es von La F\u00e9 erwarten w\u00fcrden: einzigartig, stimmungsvoll und voller Pers\u00f6nlichkeit.<\/p>","protected":false},"excerpt":{"rendered":"<p>Wandlamp Ine is een stijlvolle sfeermaker, bekleed met roze ruwe zijde die subtiel glanst en prachtig combineert met de diepe burgundy kleur franje. De rijke materialen en warme kleuren zorgen voor een vrouwelijke en uitgesproken uitstraling. Elk exemplaar is met de hand gemaakt en met zorg afgewerkt. Precies zoals je mag verwachten van La F\u00e9: [&hellip;]<\/p>\n","protected":false},"featured_media":1397,"template":"","meta":{"_acf_changed":false},"thema":[75,23,96],"product_brand":[],"product_cat":[76,95],"product_tag":[],"class_list":{"0":"post-1396","1":"product","2":"type-product","3":"status-publish","4":"has-post-thumbnail","6":"thema-la-fe-collection","7":"thema-small-stylish","8":"thema-wall-wonders","9":"product_cat-la-fe-collection","10":"product_cat-wandlampen","12":"first","13":"instock","14":"taxable","15":"shipping-taxable","16":"purchasable","17":"product-type-simple"},"bundled_by":[],"bundle_stock_status":"instock","bundle_stock_quantity":1,"bundle_virtual":false,"bundle_layout":"","bundle_add_to_cart_form_location":"","bundle_editable_in_cart":false,"bundle_sold_individually_context":"","bundle_item_grouping":"","bundle_min_size":"","bundle_max_size":"","bundle_price":[],"bundled_items":[],"bundle_sell_ids":[],"acf":[],"_links":{"self":[{"href":"https:\/\/www.lafecollection.nl\/de\/wp-json\/wp\/v2\/product\/1396","targetHints":{"allow":["GET"]}}],"collection":[{"href":"https:\/\/www.lafecollection.nl\/de\/wp-json\/wp\/v2\/product"}],"about":[{"href":"https:\/\/www.lafecollection.nl\/de\/wp-json\/wp\/v2\/types\/product"}],"wp:featuredmedia":[{"embeddable":true,"href":"https:\/\/www.lafecollection.nl\/de\/wp-json\/wp\/v2\/media\/1397"}],"wp:attachment":[{"href":"https:\/\/www.lafecollection.nl\/de\/wp-json\/wp\/v2\/media?parent=1396"}],"wp:term":[{"taxonomy":"thema","embeddable":true,"href":"https:\/\/www.lafecollection.nl\/de\/wp-json\/wp\/v2\/thema?post=1396"},{"taxonomy":"product_brand","embeddable":true,"href":"https:\/\/www.lafecollection.nl\/de\/wp-json\/wp\/v2\/product_brand?post=1396"},{"taxonomy":"product_cat","embeddable":true,"href":"https:\/\/www.lafecollection.nl\/de\/wp-json\/wp\/v2\/product_cat?post=1396"},{"taxonomy":"product_tag","embeddable":true,"href":"https:\/\/www.lafecollection.nl\/de\/wp-json\/wp\/v2\/product_tag?post=1396"}],"curies":[{"name":"wp","href":"https:\/\/api.w.org\/{rel}","templated":true}]}}