{"id":1471,"date":"2025-09-03T22:00:33","date_gmt":"2025-09-03T20:00:33","guid":{"rendered":"https:\/\/www.lafecollection.nl\/?post_type=product&#038;p=1471"},"modified":"2025-09-04T08:43:08","modified_gmt":"2025-09-04T06:43:08","slug":"ame","status":"publish","type":"product","link":"https:\/\/www.lafecollection.nl\/de\/product\/ame\/","title":{"rendered":"Am\u00e9"},"content":{"rendered":"<p>Diese einzigartige Lampe ist ein echter Stimmungsmacher! Der warme Holzsockel sorgt f\u00fcr einen nat\u00fcrlichen, gem\u00fctlichen Look, w\u00e4hrend der exklusive Lampenschirm von Karin Sajo einen Hauch von Luxus und Kreativit\u00e4t verleiht. Mit ihrem verspielten, farbenfrohen Design bringt diese Lampe sofort Charakter in Ihre Einrichtung. Perfekt f\u00fcr die Beleuchtung einer gem\u00fctlichen Ecke<\/p>","protected":false},"excerpt":{"rendered":"<p>Diese einzigartige Lampe ist ein echter Stimmungsmacher! Der warme Holzsockel sorgt f\u00fcr einen nat\u00fcrlichen, gem\u00fctlichen Look, w\u00e4hrend der exklusive Lampenschirm von Karin Sajo einen Hauch von Luxus und Kreativit\u00e4t verleiht. Mit ihrem verspielten, farbenfrohen Design bringt diese Lampe sofort Charakter in Ihre Einrichtung. Perfekt f\u00fcr die Beleuchtung einer gem\u00fctlichen Ecke<\/p>","protected":false},"featured_media":1472,"template":"","meta":{"_acf_changed":false},"thema":[75,47],"product_brand":[],"product_cat":[15,76],"product_tag":[],"class_list":{"0":"post-1471","1":"product","2":"type-product","3":"status-publish","4":"has-post-thumbnail","6":"thema-la-fe-collection","7":"thema-medium-magic","8":"product_cat-complete-sets","9":"product_cat-la-fe-collection","11":"first","12":"instock","13":"taxable","14":"shipping-taxable","15":"purchasable","16":"product-type-simple"},"bundled_by":[],"bundle_stock_status":"instock","bundle_stock_quantity":1,"bundle_virtual":false,"bundle_layout":"","bundle_add_to_cart_form_location":"","bundle_editable_in_cart":false,"bundle_sold_individually_context":"","bundle_item_grouping":"","bundle_min_size":"","bundle_max_size":"","bundle_price":[],"bundled_items":[],"bundle_sell_ids":[],"acf":[],"_links":{"self":[{"href":"https:\/\/www.lafecollection.nl\/de\/wp-json\/wp\/v2\/product\/1471","targetHints":{"allow":["GET"]}}],"collection":[{"href":"https:\/\/www.lafecollection.nl\/de\/wp-json\/wp\/v2\/product"}],"about":[{"href":"https:\/\/www.lafecollection.nl\/de\/wp-json\/wp\/v2\/types\/product"}],"wp:featuredmedia":[{"embeddable":true,"href":"https:\/\/www.lafecollection.nl\/de\/wp-json\/wp\/v2\/media\/1472"}],"wp:attachment":[{"href":"https:\/\/www.lafecollection.nl\/de\/wp-json\/wp\/v2\/media?parent=1471"}],"wp:term":[{"taxonomy":"thema","embeddable":true,"href":"https:\/\/www.lafecollection.nl\/de\/wp-json\/wp\/v2\/thema?post=1471"},{"taxonomy":"product_brand","embeddable":true,"href":"https:\/\/www.lafecollection.nl\/de\/wp-json\/wp\/v2\/product_brand?post=1471"},{"taxonomy":"product_cat","embeddable":true,"href":"https:\/\/www.lafecollection.nl\/de\/wp-json\/wp\/v2\/product_cat?post=1471"},{"taxonomy":"product_tag","embeddable":true,"href":"https:\/\/www.lafecollection.nl\/de\/wp-json\/wp\/v2\/product_tag?post=1471"}],"curies":[{"name":"wp","href":"https:\/\/api.w.org\/{rel}","templated":true}]}}