{"id":1474,"date":"2025-09-03T22:42:32","date_gmt":"2025-09-03T20:42:32","guid":{"rendered":"https:\/\/www.lafecollection.nl\/?post_type=product&#038;p=1474"},"modified":"2025-09-07T13:59:17","modified_gmt":"2025-09-07T11:59:17","slug":"tun","status":"publish","type":"product","link":"https:\/\/www.lafecollection.nl\/de\/product\/do\/","title":{"rendered":"Do"},"content":{"rendered":"<p>Diese Wandleuchte ist ein echter Stimmungsmacher f\u00fcr Ihr Interieur! Mit ihrer eleganten Form und den satten Farben bringt sie W\u00e4rme und Charakter an jede Wand. Die verspielte <strong>Missoni<\/strong> Das Muster verleiht ihr ein stilvolles und exklusives Aussehen und verbreitet gleichzeitig ein weiches, gem\u00fctliches Licht.<\/p>","protected":false},"excerpt":{"rendered":"<p>Diese Wandleuchte ist ein echter Stimmungsmacher f\u00fcr Ihr Interieur! Mit ihrer eleganten Form und den satten Farben bringt sie W\u00e4rme und Charakter an jede Wand. Das verspielte Missoni-Muster verleiht ihr einen stilvollen und exklusiven Look, w\u00e4hrend sie ein weiches, gem\u00fctliches Licht verbreitet.<\/p>","protected":false},"featured_media":1475,"template":"","meta":{"_acf_changed":false},"thema":[96],"product_brand":[],"product_cat":[95],"product_tag":[],"class_list":{"0":"post-1474","1":"product","2":"type-product","3":"status-publish","4":"has-post-thumbnail","6":"thema-wall-wonders","7":"product_cat-wandlampen","9":"first","10":"instock","11":"taxable","12":"shipping-taxable","13":"purchasable","14":"product-type-simple"},"bundled_by":[],"bundle_stock_status":"instock","bundle_stock_quantity":null,"bundle_virtual":false,"bundle_layout":"","bundle_add_to_cart_form_location":"","bundle_editable_in_cart":false,"bundle_sold_individually_context":"","bundle_item_grouping":"","bundle_min_size":"","bundle_max_size":"","bundle_price":[],"bundled_items":[],"bundle_sell_ids":[],"acf":[],"_links":{"self":[{"href":"https:\/\/www.lafecollection.nl\/de\/wp-json\/wp\/v2\/product\/1474","targetHints":{"allow":["GET"]}}],"collection":[{"href":"https:\/\/www.lafecollection.nl\/de\/wp-json\/wp\/v2\/product"}],"about":[{"href":"https:\/\/www.lafecollection.nl\/de\/wp-json\/wp\/v2\/types\/product"}],"wp:featuredmedia":[{"embeddable":true,"href":"https:\/\/www.lafecollection.nl\/de\/wp-json\/wp\/v2\/media\/1475"}],"wp:attachment":[{"href":"https:\/\/www.lafecollection.nl\/de\/wp-json\/wp\/v2\/media?parent=1474"}],"wp:term":[{"taxonomy":"thema","embeddable":true,"href":"https:\/\/www.lafecollection.nl\/de\/wp-json\/wp\/v2\/thema?post=1474"},{"taxonomy":"product_brand","embeddable":true,"href":"https:\/\/www.lafecollection.nl\/de\/wp-json\/wp\/v2\/product_brand?post=1474"},{"taxonomy":"product_cat","embeddable":true,"href":"https:\/\/www.lafecollection.nl\/de\/wp-json\/wp\/v2\/product_cat?post=1474"},{"taxonomy":"product_tag","embeddable":true,"href":"https:\/\/www.lafecollection.nl\/de\/wp-json\/wp\/v2\/product_tag?post=1474"}],"curies":[{"name":"wp","href":"https:\/\/api.w.org\/{rel}","templated":true}]}}