{"id":1490,"date":"2025-09-04T08:54:58","date_gmt":"2025-09-04T06:54:58","guid":{"rendered":"https:\/\/www.lafecollection.nl\/?post_type=product&#038;p=1490"},"modified":"2025-09-04T08:56:39","modified_gmt":"2025-09-04T06:56:39","slug":"beau","status":"publish","type":"product","link":"https:\/\/www.lafecollection.nl\/de\/product\/beau\/","title":{"rendered":"Beau"},"content":{"rendered":"<p>Diese Lampe ist ein stilvoller Blickfang mit einem einzigartigen Schirm, der mit luxuri\u00f6sem <strong>Pierre Frey <\/strong>Tapete. Das verspielte Muster und die warmen Farben schaffen einen lebendigen und k\u00fcnstlerischen Effekt in Ihrem Interieur. Sie verbreitet ein weiches, stimmungsvolles Licht und bringt sofort W\u00e4rme und Charakter in Ihr Interieur.<\/p>","protected":false},"excerpt":{"rendered":"<p>Diese Lampe ist ein stilvoller Blickfang mit einem einzigartigen Schirm, der mit einer luxuri\u00f6sen Pierre Frey-Tapete \u00fcberzogen ist. Das verspielte Muster und die warmen Farben sorgen f\u00fcr einen lebendigen und k\u00fcnstlerischen Effekt in Ihrem Interieur. Sie verbreitet ein weiches, stimmungsvolles Licht und bringt sofort W\u00e4rme und Charakter in Ihr Interieur.<\/p>","protected":false},"featured_media":1491,"template":"","meta":{"_acf_changed":false},"thema":[75,46],"product_brand":[],"product_cat":[15,76],"product_tag":[],"class_list":{"0":"post-1490","1":"product","2":"type-product","3":"status-publish","4":"has-post-thumbnail","6":"thema-la-fe-collection","7":"thema-large-statements","8":"product_cat-complete-sets","9":"product_cat-la-fe-collection","11":"first","12":"instock","13":"taxable","14":"shipping-taxable","15":"purchasable","16":"product-type-simple"},"bundled_by":[],"bundle_stock_status":"instock","bundle_stock_quantity":1,"bundle_virtual":false,"bundle_layout":"","bundle_add_to_cart_form_location":"","bundle_editable_in_cart":false,"bundle_sold_individually_context":"","bundle_item_grouping":"","bundle_min_size":"","bundle_max_size":"","bundle_price":[],"bundled_items":[],"bundle_sell_ids":[],"acf":[],"_links":{"self":[{"href":"https:\/\/www.lafecollection.nl\/de\/wp-json\/wp\/v2\/product\/1490","targetHints":{"allow":["GET"]}}],"collection":[{"href":"https:\/\/www.lafecollection.nl\/de\/wp-json\/wp\/v2\/product"}],"about":[{"href":"https:\/\/www.lafecollection.nl\/de\/wp-json\/wp\/v2\/types\/product"}],"wp:featuredmedia":[{"embeddable":true,"href":"https:\/\/www.lafecollection.nl\/de\/wp-json\/wp\/v2\/media\/1491"}],"wp:attachment":[{"href":"https:\/\/www.lafecollection.nl\/de\/wp-json\/wp\/v2\/media?parent=1490"}],"wp:term":[{"taxonomy":"thema","embeddable":true,"href":"https:\/\/www.lafecollection.nl\/de\/wp-json\/wp\/v2\/thema?post=1490"},{"taxonomy":"product_brand","embeddable":true,"href":"https:\/\/www.lafecollection.nl\/de\/wp-json\/wp\/v2\/product_brand?post=1490"},{"taxonomy":"product_cat","embeddable":true,"href":"https:\/\/www.lafecollection.nl\/de\/wp-json\/wp\/v2\/product_cat?post=1490"},{"taxonomy":"product_tag","embeddable":true,"href":"https:\/\/www.lafecollection.nl\/de\/wp-json\/wp\/v2\/product_tag?post=1490"}],"curies":[{"name":"wp","href":"https:\/\/api.w.org\/{rel}","templated":true}]}}