{"id":1730,"date":"2026-02-04T12:28:55","date_gmt":"2026-02-04T11:28:55","guid":{"rendered":"https:\/\/www.lafecollection.nl\/?post_type=product&#038;p=1730"},"modified":"2026-02-23T10:19:17","modified_gmt":"2026-02-23T09:19:17","slug":"eltern-kind-osterworkshop-sonntag-8-marz-sonntag-22-marz","status":"publish","type":"product","link":"https:\/\/www.lafecollection.nl\/de\/product\/ouder-kind-paasworkshop-zondag-8-maart-zondag-22-maart\/","title":{"rendered":"Osterworkshop f\u00fcr Eltern und Kinder - 8. M\u00e4rz und 22. M\u00e4rz"},"content":{"rendered":"<p>Osterworkshop f\u00fcr Eltern und Kinder<br \/>\nEin lustiger und kreativer Workshop, bei dem Sie gemeinsam arbeiten (1 Elternteil &amp; 1 Kind ab 6 Jahren). Basteln, kreieren und vor allem Zeit miteinander verbringen. Bei einer leckeren Mahlzeit werden Sie ein sch\u00f6nes Osterobjekt, eine Osterschale und mehrere Anh\u00e4nger f\u00fcr Ihren Osterbaum herstellen, die Sie mit nach Hause nehmen k\u00f6nnen.<\/p>\n<div class=\"Y3BBE\" data-sfc-cp=\"\" data-hveid=\"CAEIBhAA\" data-processed=\"true\" data-complete=\"true\">Da Ihre Kreationen Zeit zum Trocknen und Backen brauchen, besteht der Workshop aus zwei Teilen:<\/div>\n<p><span class=\"T286Pc\" data-sfc-cp=\"\" data-complete=\"true\">Sonntag, 8. M\u00e4rz: Sie werden gemeinsam die Gegenst\u00e4nde gestalten und formen.<\/span><\/p>\n<p><span class=\"T286Pc\" data-sfc-cp=\"\" data-complete=\"true\">Sonntag, 22. M\u00e4rz: Die Backwaren sind gebacken und k\u00f6nnen von Ihnen sch\u00f6n verziert und glasiert werden.<\/span><\/p>\n<div class=\"Y3BBE\" data-sfc-cp=\"\" data-hveid=\"CAEICBAA\" data-complete=\"true\" data-processed=\"true\">Bereit f\u00fcr den Osterbrunch!<br data-serialized-params=\"[]\" data-complete=\"true\" data-processed=\"true\" \/>Wir sorgen dann daf\u00fcr, dass alles rechtzeitig zu den Feiertagen fertig ist. So werden Ihre selbstgemachten Kunstwerke auf dem Ostertisch gl\u00e4nzen!<\/div>\n<div class=\"Fsg96\" data-sfc-cp=\"\" data-complete=\"true\" data-processed=\"true\"><\/div>\n<hr class=\"j3tEEe\" data-serialized-params=\"[]\" data-complete=\"true\" data-processed=\"true\" data-sae=\"\" \/>","protected":false},"excerpt":{"rendered":"<p>Ouder &amp; Kind Paasworkshop Een gezellige en creatieve workshop waarin jullie samen (1 ouder &amp; 1 kind vanaf 6 jaar) aan de slag gaan. Knutselen, cre\u00ebren en vooral quality time met elkaar. Onder het genot van iets lekkers maken jullie een mooi paasitem, een paaschaaltje en een aantal hangers voor in de paastak om uiteindelijk [&hellip;]<\/p>\n","protected":false},"featured_media":1749,"template":"","meta":{"_acf_changed":false},"thema":[],"product_brand":[],"product_cat":[102],"product_tag":[],"class_list":{"0":"post-1730","1":"product","2":"type-product","3":"status-publish","4":"has-post-thumbnail","6":"product_cat-workshop","8":"first","9":"outofstock","10":"virtual","11":"taxable","12":"purchasable","13":"product-type-simple"},"bundled_by":[],"bundle_stock_status":"outofstock","bundle_stock_quantity":0,"bundle_virtual":false,"bundle_layout":"","bundle_add_to_cart_form_location":"","bundle_editable_in_cart":false,"bundle_sold_individually_context":"","bundle_item_grouping":"","bundle_min_size":"","bundle_max_size":"","bundle_price":[],"bundled_items":[],"bundle_sell_ids":[],"acf":[],"_links":{"self":[{"href":"https:\/\/www.lafecollection.nl\/de\/wp-json\/wp\/v2\/product\/1730","targetHints":{"allow":["GET"]}}],"collection":[{"href":"https:\/\/www.lafecollection.nl\/de\/wp-json\/wp\/v2\/product"}],"about":[{"href":"https:\/\/www.lafecollection.nl\/de\/wp-json\/wp\/v2\/types\/product"}],"wp:featuredmedia":[{"embeddable":true,"href":"https:\/\/www.lafecollection.nl\/de\/wp-json\/wp\/v2\/media\/1749"}],"wp:attachment":[{"href":"https:\/\/www.lafecollection.nl\/de\/wp-json\/wp\/v2\/media?parent=1730"}],"wp:term":[{"taxonomy":"thema","embeddable":true,"href":"https:\/\/www.lafecollection.nl\/de\/wp-json\/wp\/v2\/thema?post=1730"},{"taxonomy":"product_brand","embeddable":true,"href":"https:\/\/www.lafecollection.nl\/de\/wp-json\/wp\/v2\/product_brand?post=1730"},{"taxonomy":"product_cat","embeddable":true,"href":"https:\/\/www.lafecollection.nl\/de\/wp-json\/wp\/v2\/product_cat?post=1730"},{"taxonomy":"product_tag","embeddable":true,"href":"https:\/\/www.lafecollection.nl\/de\/wp-json\/wp\/v2\/product_tag?post=1730"}],"curies":[{"name":"wp","href":"https:\/\/api.w.org\/{rel}","templated":true}]}}