{"id":1802,"date":"2026-03-27T17:27:36","date_gmt":"2026-03-27T16:27:36","guid":{"rendered":"https:\/\/www.lafecollection.nl\/?post_type=product&#038;p=1802"},"modified":"2026-03-31T20:52:36","modified_gmt":"2026-03-31T18:52:36","slug":"eltern-kind-workshop-22-april-17-mai","status":"publish","type":"product","link":"https:\/\/www.lafecollection.nl\/de\/product\/ouder-kind-workshop-22-april-17-mei\/","title":{"rendered":"Workshop f\u00fcr Eltern und Kinder - 22. April und 17. Mai"},"content":{"rendered":"<p>Blub blub blub... Tauchen Sie mit uns ins Studio ein?<\/p>\n<p>Nimm die Schutzbrille ab und kremple die \u00c4rmel hoch! In diesem Workshop verwandeln wir Ton in ein magisch widerspenstiges Meerestier.<br \/>\nGemeinsam mit Ihrem Kind (1 Elternteil &amp; 1 Kind ab 6 Jahren) tauchen Sie zwei Vormittage lang in die Tiefen des Tons ein. Beim ersten Mal toben wir uns mit Ton aus: Wir formen einen lustigen Fisch mit Kulleraugen, einen Seestern oder eine Schildkr\u00f6te in einem Fischglas. Am zweiten Vormittag geben wir allem mit Glasur eine sch\u00f6ne, gl\u00e4nzende Farbe.<br \/>\nDas Ergebnis? Eine einzigartige Unterwasserwelt, die kein Wasser braucht, aber auf der Fensterbank oder an einer sch\u00f6nen Stelle an der Wand toll aussieht.<\/p>\n<p>Da Ihre Kreationen Zeit brauchen, um zu trocknen und gebrannt zu werden, besteht der Workshop aus zwei Teilen:<\/p>\n<p>Mittwoch, 22. April: Ihr werdet zusammenarbeiten, um magische Meereskreaturen zu entwerfen und zu formen.<\/p>\n<p>Sonntag, 17. Mai: Die zauberhaften Meerestiere wurden gebrannt und sind bereit, von Ihnen verziert und glasiert zu werden.<\/p>","protected":false},"excerpt":{"rendered":"<p>Blub blub&#8230;\u00a0 Duik je mee het atelier in? Zet je duikbril maar af en stroop je mouwen op! In deze workshop toveren we klei om tot een magisch eigenwijs zeewezen. Samen met je kind (1 ouder &amp; 1 kind vanaf 6 jaar) duik je twee ochtenden lang de diepte in. De eerste keer gaan we [&hellip;]<\/p>\n","protected":false},"featured_media":1803,"template":"","meta":{"_acf_changed":false},"thema":[],"product_brand":[],"product_cat":[102],"product_tag":[],"class_list":{"0":"post-1802","1":"product","2":"type-product","3":"status-publish","4":"has-post-thumbnail","6":"product_cat-workshop","8":"first","9":"instock","10":"virtual","11":"taxable","12":"purchasable","13":"product-type-simple"},"bundled_by":[],"bundle_stock_status":"instock","bundle_stock_quantity":3,"bundle_virtual":false,"bundle_layout":"","bundle_add_to_cart_form_location":"","bundle_editable_in_cart":false,"bundle_sold_individually_context":"","bundle_item_grouping":"","bundle_min_size":"","bundle_max_size":"","bundle_price":[],"bundled_items":[],"bundle_sell_ids":[],"acf":[],"_links":{"self":[{"href":"https:\/\/www.lafecollection.nl\/de\/wp-json\/wp\/v2\/product\/1802","targetHints":{"allow":["GET"]}}],"collection":[{"href":"https:\/\/www.lafecollection.nl\/de\/wp-json\/wp\/v2\/product"}],"about":[{"href":"https:\/\/www.lafecollection.nl\/de\/wp-json\/wp\/v2\/types\/product"}],"wp:featuredmedia":[{"embeddable":true,"href":"https:\/\/www.lafecollection.nl\/de\/wp-json\/wp\/v2\/media\/1803"}],"wp:attachment":[{"href":"https:\/\/www.lafecollection.nl\/de\/wp-json\/wp\/v2\/media?parent=1802"}],"wp:term":[{"taxonomy":"thema","embeddable":true,"href":"https:\/\/www.lafecollection.nl\/de\/wp-json\/wp\/v2\/thema?post=1802"},{"taxonomy":"product_brand","embeddable":true,"href":"https:\/\/www.lafecollection.nl\/de\/wp-json\/wp\/v2\/product_brand?post=1802"},{"taxonomy":"product_cat","embeddable":true,"href":"https:\/\/www.lafecollection.nl\/de\/wp-json\/wp\/v2\/product_cat?post=1802"},{"taxonomy":"product_tag","embeddable":true,"href":"https:\/\/www.lafecollection.nl\/de\/wp-json\/wp\/v2\/product_tag?post=1802"}],"curies":[{"name":"wp","href":"https:\/\/api.w.org\/{rel}","templated":true}]}}