{"id":1806,"date":"2026-03-27T21:52:28","date_gmt":"2026-03-27T20:52:28","guid":{"rendered":"https:\/\/www.lafecollection.nl\/?post_type=product&#038;p=1806"},"modified":"2026-04-02T17:44:35","modified_gmt":"2026-04-02T15:44:35","slug":"workshop-fur-eltern-und-jugendliche-24-april-8-mai","status":"publish","type":"product","link":"https:\/\/www.lafecollection.nl\/de\/product\/ouder-tiener-workshop-24-april-8-mei\/","title":{"rendered":"Workshop f\u00fcr Eltern und Jugendliche - 24. April und 8. Mai"},"content":{"rendered":"<div class=\"Y3BBE\" data-sfc-cp=\"\" data-sfc-root=\"c\" data-sfc-cb=\"\" data-hveid=\"CAEIBBAA\" data-complete=\"true\" data-processed=\"true\">Brauchen Sie einen Abend, an dem Sie wirklich Zeit miteinander verbringen? Kommen Sie mit Ihrem Teenager (1 Elternteil &amp; 1 Kind ab 10 Jahren) zum La F\u00e9 Workshop!<\/div>\n<div class=\"Y3BBE\" data-sfc-cp=\"\" data-sfc-root=\"c\" data-sfc-cb=\"\" data-hveid=\"CAEIBRAA\" data-complete=\"true\" data-processed=\"true\" aria-owns=\"action-menu-parent-container\">W\u00e4hrend dieses entspannten Workshops werden wir einzigartige Schmuckschalen f\u00fcr all deine Ringe und Ohrringe herstellen, sowie ein fr\u00f6hliches Smiley-Gesicht, denn wir lieben gute Laune!.<\/div>\n<div class=\"Y3BBE\" data-sfc-cp=\"\" data-sfc-root=\"c\" data-sfc-cb=\"\" data-hveid=\"CAEIBRAA\" data-complete=\"true\" data-processed=\"true\" aria-owns=\"action-menu-parent-container\">Ganz gleich, ob Sie sich f\u00fcr ein minimalistisches Wei\u00df oder einen farbigen Akzent entscheiden, Sie werden es zu Ihrem eigenen machen.<\/div>\n<div data-sfc-cp=\"\" data-sfc-root=\"c\" data-sfc-cb=\"\" data-hveid=\"CAEIBRAA\" data-complete=\"true\" data-processed=\"true\" aria-owns=\"action-menu-parent-container\"><\/div>\n<div data-sfc-cp=\"\" data-sfc-root=\"c\" data-sfc-cb=\"\" data-hveid=\"CAEIBRAA\" data-complete=\"true\" data-processed=\"true\" aria-owns=\"action-menu-parent-container\">\n<div class=\"Y3BBE\" data-sfc-cp=\"\" data-sfc-root=\"c\" data-sfc-cb=\"\" data-hveid=\"CAEIBhAA\" data-complete=\"true\" data-processed=\"true\">Wann fangen wir an?<br data-sfc-root=\"c\" data-sfc-pl=\"|[]\" data-sfc-cb=\"\" data-complete=\"true\" data-processed=\"true\" \/><span class=\"Yjhzub\" data-sfc-root=\"c\" data-sfc-cb=\"\" data-complete=\"true\" data-processed=\"true\">Freitag <\/span>24. April (19:00 - 21:00 Uhr): Wir werden Schalen und Smileys aus Ton formen.<br data-sfc-root=\"c\" data-sfc-pl=\"|[]\" data-sfc-cb=\"\" data-complete=\"true\" data-processed=\"true\" \/><span class=\"Yjhzub\" data-sfc-root=\"c\" data-sfc-cb=\"\" data-complete=\"true\" data-processed=\"true\">Freitag<\/span> 8. Mai (19:00 - 20:30 Uhr): Sobald alles gebrannt ist, beginnen wir mit der Glasur f\u00fcr das perfekte Finish.<\/div>\n<div data-sfc-cp=\"\" data-sfc-root=\"c\" data-sfc-cb=\"\" data-hveid=\"CAEIBhAA\" data-complete=\"true\" data-processed=\"true\"><\/div>\n<div class=\"Y3BBE\" data-sfc-cp=\"\" data-sfc-root=\"c\" data-sfc-cb=\"\" data-hveid=\"CAEIBxAA\" data-complete=\"true\" data-processed=\"true\" aria-owns=\"action-menu-parent-container\">Gemeinsam einen sch\u00f6nen Moment erleben, lachen und mit einem coolen Geschenk nach Hause gehen.<\/div>\n<\/div>","protected":false},"excerpt":{"rendered":"<p>Even een avondje \u00e9cht tijd voor elkaar? Kom samen met je tiener (1 ouder &amp; 1 kind vanaf 10 jaar) naar het La F\u00e9 atelier! Tijdens deze relaxte workshop maken we unieke sieradenschaaltjes voor al je ringen en oorbellen, \u00e9n een vrolijke smiley omdat we van goede vibes houden!. Of je nu gaat voor minimalistisch [&hellip;]<\/p>\n","protected":false},"featured_media":1808,"template":"","meta":{"_acf_changed":false},"thema":[],"product_brand":[],"product_cat":[102],"product_tag":[],"class_list":{"0":"post-1806","1":"product","2":"type-product","3":"status-publish","4":"has-post-thumbnail","6":"product_cat-workshop","8":"first","9":"instock","10":"virtual","11":"taxable","12":"purchasable","13":"product-type-simple"},"bundled_by":[],"bundle_stock_status":"instock","bundle_stock_quantity":3,"bundle_virtual":false,"bundle_layout":"","bundle_add_to_cart_form_location":"","bundle_editable_in_cart":false,"bundle_sold_individually_context":"","bundle_item_grouping":"","bundle_min_size":"","bundle_max_size":"","bundle_price":[],"bundled_items":[],"bundle_sell_ids":[],"acf":[],"_links":{"self":[{"href":"https:\/\/www.lafecollection.nl\/de\/wp-json\/wp\/v2\/product\/1806","targetHints":{"allow":["GET"]}}],"collection":[{"href":"https:\/\/www.lafecollection.nl\/de\/wp-json\/wp\/v2\/product"}],"about":[{"href":"https:\/\/www.lafecollection.nl\/de\/wp-json\/wp\/v2\/types\/product"}],"wp:featuredmedia":[{"embeddable":true,"href":"https:\/\/www.lafecollection.nl\/de\/wp-json\/wp\/v2\/media\/1808"}],"wp:attachment":[{"href":"https:\/\/www.lafecollection.nl\/de\/wp-json\/wp\/v2\/media?parent=1806"}],"wp:term":[{"taxonomy":"thema","embeddable":true,"href":"https:\/\/www.lafecollection.nl\/de\/wp-json\/wp\/v2\/thema?post=1806"},{"taxonomy":"product_brand","embeddable":true,"href":"https:\/\/www.lafecollection.nl\/de\/wp-json\/wp\/v2\/product_brand?post=1806"},{"taxonomy":"product_cat","embeddable":true,"href":"https:\/\/www.lafecollection.nl\/de\/wp-json\/wp\/v2\/product_cat?post=1806"},{"taxonomy":"product_tag","embeddable":true,"href":"https:\/\/www.lafecollection.nl\/de\/wp-json\/wp\/v2\/product_tag?post=1806"}],"curies":[{"name":"wp","href":"https:\/\/api.w.org\/{rel}","templated":true}]}}