{"id":1838,"date":"2026-04-02T17:39:37","date_gmt":"2026-04-02T15:39:37","guid":{"rendered":"https:\/\/www.lafecollection.nl\/?post_type=product&#038;p=1838"},"modified":"2026-04-02T17:43:22","modified_gmt":"2026-04-02T15:43:22","slug":"vaderdag-special-moeder-kind-workshop-24-mei-7-juni","status":"publish","type":"product","link":"https:\/\/www.lafecollection.nl\/de\/product\/vaderdag-special-moeder-kind-workshop-24-mei-7-juni\/","title":{"rendered":"Vatertags-Special. Mutter &amp; Kind Workshop - 24. Mai &amp; 7. Juni"},"content":{"rendered":"<p>Mama&#8217;s, wij hebben een plan. La F\u00e9 Collection organiseert\u00a0 een unieke keramiek-ervaring voor mama&#8217;s en kinderen. Wat we precies gaan maken, houden we nog even geheim (want papa leest misschien mee!), maar we beloven dat het een prachtig, artistiek kunstwerk wordt dat een ereplek in huis verdient.<\/p>\n<p>Dieser Workshop ist speziell konzipiert f\u00fcr\u00a0<strong class=\"Yjhzub\" data-complete=\"true\">ein Elternteil und ein Kind (ab 7 Jahren)<\/strong>. So haben Sie alle den n\u00f6tigen Freiraum und die M\u00f6glichkeit, gemeinsam an diesem besonderen Projekt zu arbeiten.<\/p>\n<p>Um den Prozess von Anfang bis Ende zu erleben und die besten Ergebnisse zu erzielen, arbeiten wir in zwei Sitzungen. W\u00e4hrend der ersten Sitzung im\u00a0<strong class=\"Yjhzub\" data-complete=\"true\" data-processed=\"true\"> 24 Mei<\/strong>\u00a0beginnen wir mit der Arbeit mit dem Ton. W\u00e4hrend der zweiten Sitzung am<strong class=\"Yjhzub\" data-complete=\"true\" data-processed=\"true\"> 7 juni<\/strong>\u00a0Sie werden zur\u00fcckkommen, um das St\u00fcck selbst zu glasieren und ihm die perfekten Farben zu geben.<\/p>\n<p>Laat bij de boeking een e-mailadres achter waar papa <strong class=\"Yjhzub\" data-complete=\"true\">nicht<\/strong>\u00a0\u00fcber das Aussehen.<\/p>\n<p><span class=\"T286Pc\" data-sfc-cp=\"\" data-complete=\"true\">Sobald die Buchung eingegangen ist, werden wir die\u00a0<strong>Top\u00a0<\/strong><\/span><span class=\"T286Pc\" data-sfc-cp=\"\" data-complete=\"true\"><strong>Geheimes Briefing<\/strong> naar dat mailadres. Daarin onthullen we wat we gaan maken, wat jullie moeten voorbereiden en hoe we zorgen dat papa van niets weet tot Vaderdag zondag 21 juni. <\/span>Wir sorgen daf\u00fcr, dass das Geschenk sch\u00f6n verpackt und p\u00fcnktlich fertig ist.<\/p>","protected":false},"excerpt":{"rendered":"<p>Mama&#8217;s, wij hebben een plan. La F\u00e9 Collection organiseert\u00a0 een unieke keramiek-ervaring voor mama&#8217;s en kinderen. Wat we precies gaan maken, houden we nog even geheim (want papa leest misschien mee!), maar we beloven dat het een prachtig, artistiek kunstwerk wordt dat een ereplek in huis verdient. deze workshop is speciaal ingericht voor\u00a0\u00e9\u00e9n ouder en [&hellip;]<\/p>\n","protected":false},"featured_media":1839,"template":"","meta":{"_acf_changed":false},"thema":[],"product_brand":[],"product_cat":[102],"product_tag":[],"class_list":{"0":"post-1838","1":"product","2":"type-product","3":"status-publish","4":"has-post-thumbnail","6":"product_cat-workshop","8":"first","9":"instock","10":"virtual","11":"taxable","12":"purchasable","13":"product-type-simple"},"bundled_by":[],"bundle_stock_status":"instock","bundle_stock_quantity":6,"bundle_virtual":false,"bundle_layout":"","bundle_add_to_cart_form_location":"","bundle_editable_in_cart":false,"bundle_sold_individually_context":"","bundle_item_grouping":"","bundle_min_size":"","bundle_max_size":"","bundle_price":[],"bundled_items":[],"bundle_sell_ids":[],"acf":[],"_links":{"self":[{"href":"https:\/\/www.lafecollection.nl\/de\/wp-json\/wp\/v2\/product\/1838","targetHints":{"allow":["GET"]}}],"collection":[{"href":"https:\/\/www.lafecollection.nl\/de\/wp-json\/wp\/v2\/product"}],"about":[{"href":"https:\/\/www.lafecollection.nl\/de\/wp-json\/wp\/v2\/types\/product"}],"wp:featuredmedia":[{"embeddable":true,"href":"https:\/\/www.lafecollection.nl\/de\/wp-json\/wp\/v2\/media\/1839"}],"wp:attachment":[{"href":"https:\/\/www.lafecollection.nl\/de\/wp-json\/wp\/v2\/media?parent=1838"}],"wp:term":[{"taxonomy":"thema","embeddable":true,"href":"https:\/\/www.lafecollection.nl\/de\/wp-json\/wp\/v2\/thema?post=1838"},{"taxonomy":"product_brand","embeddable":true,"href":"https:\/\/www.lafecollection.nl\/de\/wp-json\/wp\/v2\/product_brand?post=1838"},{"taxonomy":"product_cat","embeddable":true,"href":"https:\/\/www.lafecollection.nl\/de\/wp-json\/wp\/v2\/product_cat?post=1838"},{"taxonomy":"product_tag","embeddable":true,"href":"https:\/\/www.lafecollection.nl\/de\/wp-json\/wp\/v2\/product_tag?post=1838"}],"curies":[{"name":"wp","href":"https:\/\/api.w.org\/{rel}","templated":true}]}}