{"id":1841,"date":"2026-04-02T19:22:35","date_gmt":"2026-04-02T17:22:35","guid":{"rendered":"https:\/\/www.lafecollection.nl\/?post_type=product&#038;p=1841"},"modified":"2026-04-02T19:28:35","modified_gmt":"2026-04-02T17:28:35","slug":"workshop-gestalte-deinen-eigenen-altar","status":"publish","type":"product","link":"https:\/\/www.lafecollection.nl\/de\/product\/workshop-creeer-je-eigen-altaar\/","title":{"rendered":"Workshop: Gestalte deinen eigenen Altar - 12. Mai &amp; 26. Mai"},"content":{"rendered":"<div class=\"otQkpb\" role=\"heading\" aria-level=\"3\" data-animation-nesting=\"\" data-sfc-cp=\"\" data-sfc-root=\"c\" data-sfc-cb=\"\" data-complete=\"true\" data-processed=\"true\" data-sae=\"\">Workshop: Gestalte deinen eigenen Altar<\/div>\n<div class=\"Y3BBE\" data-sfc-cp=\"\" data-sfc-root=\"c\" data-sfc-cb=\"\" data-hveid=\"CAEIBRAA\" data-complete=\"true\" data-processed=\"true\">Suchen Sie in Ihrem Zuhause einen Platz f\u00fcr Ihre sch\u00f6nsten Erinnerungen, ein wertvolles Foto, einen Edelstein oder einfach einen Moment der Ruhe? In diesem besonderen Workshop mit zwei Unterrichtsstunden werden wir einen handgefertigten Keramikaltar herstellen.<\/div>\n<div class=\"Y3BBE\" data-sfc-cp=\"\" data-sfc-root=\"c\" data-sfc-cb=\"\" data-hveid=\"CAEIBhAA\" data-complete=\"true\" data-processed=\"true\">Ein Altar ist mehr als nur ein Gegenstand; er ist ein pers\u00f6nlicher Ort, der das symbolisiert, was Ihnen wichtig ist. In diesem Workshop nehmen wir uns viel Zeit f\u00fcr die Gestaltung und die Details, damit Ihr Altar genau das richtige Aussehen und Gef\u00fchl bekommt.<\/div>\n<div data-sfc-cp=\"\" data-sfc-root=\"c\" data-sfc-cb=\"\" data-hveid=\"CAEIBhAA\" data-complete=\"true\" data-processed=\"true\"><\/div>\n<div class=\"Y3BBE\" data-sfc-cp=\"\" data-sfc-root=\"c\" data-sfc-cb=\"\" data-hveid=\"CAEIBxAA\" data-complete=\"true\" data-processed=\"true\">Was werden wir jetzt tun?<\/div>\n<ul class=\"KsbFXc U6u95\" data-sfc-root=\"c\" data-sfc-cb=\"\" data-complete=\"true\" data-processed=\"true\">\n<li class=\"dF3vjf\" data-sfc-root=\"c\" data-sfc-cb=\"\" data-hveid=\"CAEICBAA\" data-complete=\"true\" data-sae=\"\"><span class=\"T286Pc\" data-sfc-cp=\"\" data-sfc-root=\"c\" data-sfc-cb=\"\" data-complete=\"true\"><strong class=\"Yjhzub\" data-sfc-root=\"c\" data-sfc-cb=\"\" data-complete=\"true\">Lektion 1: Formen und Gestalten<\/strong><br data-sfc-root=\"c\" data-sfc-pl=\"|[]\" data-sfc-cb=\"\" data-complete=\"true\" \/>Wir machen uns an die Arbeit mit dem Ton. Unter Anleitung werden Sie Ihren Altar Schritt f\u00fcr Schritt gestalten. Soll er schlicht und modern sein oder organisch mit nat\u00fcrlichen Strukturen? Sie lassen Ihre eigenen Ideen im Ton zum Leben erwachen.<\/span><\/li>\n<li class=\"dF3vjf\" data-sfc-root=\"c\" data-sfc-cb=\"\" data-hveid=\"CAEICBAB\" data-complete=\"true\" data-sae=\"\"><span class=\"T286Pc\" data-sfc-cp=\"\" data-sfc-root=\"c\" data-sfc-cb=\"\" data-complete=\"true\"><strong class=\"Yjhzub\" data-sfc-root=\"c\" data-sfc-cb=\"\" data-complete=\"true\">Lektion 2: Farbe und Glasur<\/strong><br data-sfc-root=\"c\" data-sfc-pl=\"|[]\" data-sfc-cb=\"\" data-complete=\"true\" \/>Nachdem Ihr St\u00fcck das erste Mal gebrannt wurde, treffen wir uns, um es zu glasieren. W\u00e4hlen Sie aus sch\u00f6nen Farben und Effekten, die Ihrem Altar das Aussehen geben, das zu Ihnen passt.<\/span><\/li>\n<\/ul>","protected":false},"excerpt":{"rendered":"<p>Workshop:\u00a0Vorm je eigen Altaar Ben je op zoek naar een plekje in huis voor je mooiste herinneringen, een dierbare foto, een edelsteen of simpelweg een moment van rust? In deze bijzondere workshop van twee lessen maken we een handgemaakt\u00a0keramisch altaartje. Een altaar is meer dan alleen een object; het is een persoonlijke plek die symbool [&hellip;]<\/p>\n","protected":false},"featured_media":1842,"template":"","meta":{"_acf_changed":false},"thema":[],"product_brand":[],"product_cat":[102],"product_tag":[],"class_list":{"0":"post-1841","1":"product","2":"type-product","3":"status-publish","4":"has-post-thumbnail","6":"product_cat-workshop","8":"first","9":"instock","10":"virtual","11":"taxable","12":"purchasable","13":"product-type-simple"},"bundled_by":[],"bundle_stock_status":"instock","bundle_stock_quantity":8,"bundle_virtual":false,"bundle_layout":"","bundle_add_to_cart_form_location":"","bundle_editable_in_cart":false,"bundle_sold_individually_context":"","bundle_item_grouping":"","bundle_min_size":"","bundle_max_size":"","bundle_price":[],"bundled_items":[],"bundle_sell_ids":[],"acf":[],"_links":{"self":[{"href":"https:\/\/www.lafecollection.nl\/de\/wp-json\/wp\/v2\/product\/1841","targetHints":{"allow":["GET"]}}],"collection":[{"href":"https:\/\/www.lafecollection.nl\/de\/wp-json\/wp\/v2\/product"}],"about":[{"href":"https:\/\/www.lafecollection.nl\/de\/wp-json\/wp\/v2\/types\/product"}],"wp:featuredmedia":[{"embeddable":true,"href":"https:\/\/www.lafecollection.nl\/de\/wp-json\/wp\/v2\/media\/1842"}],"wp:attachment":[{"href":"https:\/\/www.lafecollection.nl\/de\/wp-json\/wp\/v2\/media?parent=1841"}],"wp:term":[{"taxonomy":"thema","embeddable":true,"href":"https:\/\/www.lafecollection.nl\/de\/wp-json\/wp\/v2\/thema?post=1841"},{"taxonomy":"product_brand","embeddable":true,"href":"https:\/\/www.lafecollection.nl\/de\/wp-json\/wp\/v2\/product_brand?post=1841"},{"taxonomy":"product_cat","embeddable":true,"href":"https:\/\/www.lafecollection.nl\/de\/wp-json\/wp\/v2\/product_cat?post=1841"},{"taxonomy":"product_tag","embeddable":true,"href":"https:\/\/www.lafecollection.nl\/de\/wp-json\/wp\/v2\/product_tag?post=1841"}],"curies":[{"name":"wp","href":"https:\/\/api.w.org\/{rel}","templated":true}]}}