{"id":422,"date":"2025-01-02T12:08:05","date_gmt":"2025-01-02T11:08:05","guid":{"rendered":"https:\/\/lafe.bonsaidev.nl\/?post_type=product&#038;p=422"},"modified":"2025-04-07T17:05:44","modified_gmt":"2025-04-07T15:05:44","slug":"rustikale-holz-tischlampe-mit-braun-beigem-schirm","status":"publish","type":"product","link":"https:\/\/www.lafecollection.nl\/de\/product\/rustieke-houten-tafellamp-met-bruin-beige-kap\/","title":{"rendered":"Beau"},"content":{"rendered":"<p>Verleihen Sie Ihrem Interieur einen warmen und authentischen Look mit dieser einzigartigen Lampe, bestehend aus einem alten h\u00f6lzernen Lampenfu\u00df als Basis und einem stilvollen Lampenschirm in ockergelben und beigen Farbt\u00f6nen.<\/p>\n<p>Der h\u00f6lzerne Lampenfu\u00df mit seinem verwitterten und nat\u00fcrlichen Aussehen bringt rustikalen Charme und Charakter in jeden Raum.<\/p>\n<p>Die sanften Farben des Lampenschirms erzeugen ein harmonisches und stimmungsvolles Licht.<\/p>","protected":false},"excerpt":{"rendered":"<p>Geef je interieur een warme en authentieke uitstraling met deze unieke lamp, bestaande uit een oude houten lampenvoet als basis en een stijlvolle lampenkap in\u00a0 oker gele en beige tinten. De houten lampenvoet, met zijn verweerde en natuurlijke uitstraling, brengt rustieke charme en karakter in elke ruimte. De zachte kleuren van de lampenkap zorgen voor [&hellip;]<\/p>\n","protected":false},"featured_media":412,"template":"","meta":{"_acf_changed":false},"thema":[46],"product_brand":[],"product_cat":[15],"product_tag":[],"class_list":{"0":"post-422","1":"product","2":"type-product","3":"status-publish","4":"has-post-thumbnail","6":"thema-large-statements","7":"product_cat-complete-sets","9":"first","10":"instock","11":"taxable","12":"shipping-taxable","13":"purchasable","14":"product-type-simple"},"bundled_by":[],"bundle_stock_status":"instock","bundle_stock_quantity":1,"bundle_virtual":false,"bundle_layout":"","bundle_add_to_cart_form_location":"","bundle_editable_in_cart":false,"bundle_sold_individually_context":"","bundle_item_grouping":"","bundle_min_size":"","bundle_max_size":"","bundle_price":[],"bundled_items":[],"bundle_sell_ids":[],"acf":[],"_links":{"self":[{"href":"https:\/\/www.lafecollection.nl\/de\/wp-json\/wp\/v2\/product\/422","targetHints":{"allow":["GET"]}}],"collection":[{"href":"https:\/\/www.lafecollection.nl\/de\/wp-json\/wp\/v2\/product"}],"about":[{"href":"https:\/\/www.lafecollection.nl\/de\/wp-json\/wp\/v2\/types\/product"}],"wp:featuredmedia":[{"embeddable":true,"href":"https:\/\/www.lafecollection.nl\/de\/wp-json\/wp\/v2\/media\/412"}],"wp:attachment":[{"href":"https:\/\/www.lafecollection.nl\/de\/wp-json\/wp\/v2\/media?parent=422"}],"wp:term":[{"taxonomy":"thema","embeddable":true,"href":"https:\/\/www.lafecollection.nl\/de\/wp-json\/wp\/v2\/thema?post=422"},{"taxonomy":"product_brand","embeddable":true,"href":"https:\/\/www.lafecollection.nl\/de\/wp-json\/wp\/v2\/product_brand?post=422"},{"taxonomy":"product_cat","embeddable":true,"href":"https:\/\/www.lafecollection.nl\/de\/wp-json\/wp\/v2\/product_cat?post=422"},{"taxonomy":"product_tag","embeddable":true,"href":"https:\/\/www.lafecollection.nl\/de\/wp-json\/wp\/v2\/product_tag?post=422"}],"curies":[{"name":"wp","href":"https:\/\/api.w.org\/{rel}","templated":true}]}}