{"id":549,"date":"2025-02-19T13:30:18","date_gmt":"2025-02-19T12:30:18","guid":{"rendered":"https:\/\/lafe.bonsaidev.nl\/?post_type=product&#038;p=549"},"modified":"2025-04-07T17:05:44","modified_gmt":"2025-04-07T15:05:44","slug":"charlie","status":"publish","type":"product","link":"https:\/\/www.lafecollection.nl\/de\/product\/charlie\/","title":{"rendered":"Charlie"},"content":{"rendered":"<p>Verleihen Sie Ihrer Einrichtung einen Hauch von verspieltem Luxus mit der Tischleuchte Charlie von La F\u00e9 Collection.<\/p>\n<p>Diese handgefertigte Lampe kombiniert einen robusten, nat\u00fcrlichen Holzfu\u00df mit einem auff\u00e4lligen Lampenschirm mit Leopardenmuster. Eine perfekte Mischung aus robust und stilvoll f\u00fcr ein stimmungsvolles Interieur.<\/p>\n<p>&nbsp;<\/p>\n<p>Bitte beachten Sie: Sie kaufen hier nur die komplette Lampe und nicht das Zubeh\u00f6r.<\/p>","protected":false},"excerpt":{"rendered":"<p>Voeg een vleugje speelse luxe toe aan je interieur met de Charlie tafellamp van La F\u00e9 Collection. Deze met de hand gemaakte lamp combineert een stoere, natuurlijke houten voet met een opvallende lampenkap in een luipaardprint. Een perfecte mix van stoer en stijlvol voor een sfeervol interieur. &nbsp; Let op: je koopt hierbij alleen de\u00a0 [&hellip;]<\/p>\n","protected":false},"featured_media":550,"template":"","meta":{"_acf_changed":false},"thema":[47],"product_brand":[],"product_cat":[15],"product_tag":[],"class_list":{"0":"post-549","1":"product","2":"type-product","3":"status-publish","4":"has-post-thumbnail","6":"thema-medium-magic","7":"product_cat-complete-sets","9":"first","10":"instock","11":"taxable","12":"shipping-taxable","13":"purchasable","14":"product-type-simple"},"bundled_by":[],"bundle_stock_status":"instock","bundle_stock_quantity":null,"bundle_virtual":false,"bundle_layout":"","bundle_add_to_cart_form_location":"","bundle_editable_in_cart":false,"bundle_sold_individually_context":"","bundle_item_grouping":"","bundle_min_size":"","bundle_max_size":"","bundle_price":[],"bundled_items":[],"bundle_sell_ids":[],"acf":[],"_links":{"self":[{"href":"https:\/\/www.lafecollection.nl\/de\/wp-json\/wp\/v2\/product\/549","targetHints":{"allow":["GET"]}}],"collection":[{"href":"https:\/\/www.lafecollection.nl\/de\/wp-json\/wp\/v2\/product"}],"about":[{"href":"https:\/\/www.lafecollection.nl\/de\/wp-json\/wp\/v2\/types\/product"}],"wp:featuredmedia":[{"embeddable":true,"href":"https:\/\/www.lafecollection.nl\/de\/wp-json\/wp\/v2\/media\/550"}],"wp:attachment":[{"href":"https:\/\/www.lafecollection.nl\/de\/wp-json\/wp\/v2\/media?parent=549"}],"wp:term":[{"taxonomy":"thema","embeddable":true,"href":"https:\/\/www.lafecollection.nl\/de\/wp-json\/wp\/v2\/thema?post=549"},{"taxonomy":"product_brand","embeddable":true,"href":"https:\/\/www.lafecollection.nl\/de\/wp-json\/wp\/v2\/product_brand?post=549"},{"taxonomy":"product_cat","embeddable":true,"href":"https:\/\/www.lafecollection.nl\/de\/wp-json\/wp\/v2\/product_cat?post=549"},{"taxonomy":"product_tag","embeddable":true,"href":"https:\/\/www.lafecollection.nl\/de\/wp-json\/wp\/v2\/product_tag?post=549"}],"curies":[{"name":"wp","href":"https:\/\/api.w.org\/{rel}","templated":true}]}}