{"id":581,"date":"2025-02-19T15:59:28","date_gmt":"2025-02-19T14:59:28","guid":{"rendered":"https:\/\/lafe.bonsaidev.nl\/?post_type=product&#038;p=581"},"modified":"2025-08-11T16:45:21","modified_gmt":"2025-08-11T14:45:21","slug":"cato","status":"publish","type":"product","link":"https:\/\/www.lafecollection.nl\/de\/product\/cato\/","title":{"rendered":"Cato"},"content":{"rendered":"<p>Diese stimmungsvolle Tischleuchte mit robustem Holzfu\u00df strahlt W\u00e4rme und Authentizit\u00e4t aus.<\/p>\n<p>Der handgewebte Schirm in kr\u00e4ftigen Rosa-, Violett- und Gelbt\u00f6nen verleiht ihm eine verspielte und farbenfrohe Note. Eine perfekte Mischung aus Handwerk und Charakter<\/p>","protected":false},"excerpt":{"rendered":"<p>Deze sfeervolle tafellamp met robuuste houten voet straalt warmte en authenticiteit uit. De handgeweven kap in rijke tinten roze, Paars en geel voegt een speels en kleurrijk accent toe. Een perfecte mix van ambacht en karakter<\/p>","protected":false},"featured_media":806,"template":"","meta":{"_acf_changed":false},"thema":[23],"product_brand":[],"product_cat":[15],"product_tag":[],"class_list":{"0":"post-581","1":"product","2":"type-product","3":"status-publish","4":"has-post-thumbnail","6":"thema-small-stylish","7":"product_cat-complete-sets","9":"first","10":"outofstock","11":"taxable","12":"shipping-taxable","13":"purchasable","14":"product-type-simple"},"bundled_by":[],"bundle_stock_status":"outofstock","bundle_stock_quantity":0,"bundle_virtual":false,"bundle_layout":"","bundle_add_to_cart_form_location":"","bundle_editable_in_cart":false,"bundle_sold_individually_context":"","bundle_item_grouping":"","bundle_min_size":"","bundle_max_size":"","bundle_price":[],"bundled_items":[],"bundle_sell_ids":[],"acf":[],"_links":{"self":[{"href":"https:\/\/www.lafecollection.nl\/de\/wp-json\/wp\/v2\/product\/581","targetHints":{"allow":["GET"]}}],"collection":[{"href":"https:\/\/www.lafecollection.nl\/de\/wp-json\/wp\/v2\/product"}],"about":[{"href":"https:\/\/www.lafecollection.nl\/de\/wp-json\/wp\/v2\/types\/product"}],"wp:featuredmedia":[{"embeddable":true,"href":"https:\/\/www.lafecollection.nl\/de\/wp-json\/wp\/v2\/media\/806"}],"wp:attachment":[{"href":"https:\/\/www.lafecollection.nl\/de\/wp-json\/wp\/v2\/media?parent=581"}],"wp:term":[{"taxonomy":"thema","embeddable":true,"href":"https:\/\/www.lafecollection.nl\/de\/wp-json\/wp\/v2\/thema?post=581"},{"taxonomy":"product_brand","embeddable":true,"href":"https:\/\/www.lafecollection.nl\/de\/wp-json\/wp\/v2\/product_brand?post=581"},{"taxonomy":"product_cat","embeddable":true,"href":"https:\/\/www.lafecollection.nl\/de\/wp-json\/wp\/v2\/product_cat?post=581"},{"taxonomy":"product_tag","embeddable":true,"href":"https:\/\/www.lafecollection.nl\/de\/wp-json\/wp\/v2\/product_tag?post=581"}],"curies":[{"name":"wp","href":"https:\/\/api.w.org\/{rel}","templated":true}]}}