{"id":594,"date":"2025-02-19T16:23:41","date_gmt":"2025-02-19T15:23:41","guid":{"rendered":"https:\/\/lafe.bonsaidev.nl\/?post_type=product&#038;p=594"},"modified":"2025-04-07T18:07:34","modified_gmt":"2025-04-07T16:07:34","slug":"lotte","status":"publish","type":"product","link":"https:\/\/www.lafecollection.nl\/de\/product\/lotte\/","title":{"rendered":"Lotte"},"content":{"rendered":"<p>Diese einzigartige Tischleuchte mit Keramiksockel verbindet robuste Textur mit raffinierter Eleganz.<\/p>\n<p>Die warmen Farbt\u00f6ne und der Lampenschirm aus Samt sorgen f\u00fcr ein luxuri\u00f6ses, stimmungsvolles Aussehen. Ein stilvolles Statement in jedem Interieur.<\/p>","protected":false},"excerpt":{"rendered":"<p>Deze unieke tafellamp met keramieken voet combineert robuuste textuur met verfijnde elegantie. De warme tinten en fluwelen lampenkap zorgen voor een luxe, sfeervolle uitstraling. Een stijlvol statement in elk interieur.<\/p>","protected":false},"featured_media":798,"template":"","meta":{"_acf_changed":false},"thema":[46],"product_brand":[],"product_cat":[15],"product_tag":[],"class_list":{"0":"post-594","1":"product","2":"type-product","3":"status-publish","4":"has-post-thumbnail","6":"thema-large-statements","7":"product_cat-complete-sets","9":"first","10":"instock","11":"taxable","12":"shipping-taxable","13":"purchasable","14":"product-type-simple"},"bundled_by":[],"bundle_stock_status":"instock","bundle_stock_quantity":1,"bundle_virtual":false,"bundle_layout":"","bundle_add_to_cart_form_location":"","bundle_editable_in_cart":false,"bundle_sold_individually_context":"","bundle_item_grouping":"","bundle_min_size":"","bundle_max_size":"","bundle_price":[],"bundled_items":[],"bundle_sell_ids":[],"acf":[],"_links":{"self":[{"href":"https:\/\/www.lafecollection.nl\/de\/wp-json\/wp\/v2\/product\/594","targetHints":{"allow":["GET"]}}],"collection":[{"href":"https:\/\/www.lafecollection.nl\/de\/wp-json\/wp\/v2\/product"}],"about":[{"href":"https:\/\/www.lafecollection.nl\/de\/wp-json\/wp\/v2\/types\/product"}],"wp:featuredmedia":[{"embeddable":true,"href":"https:\/\/www.lafecollection.nl\/de\/wp-json\/wp\/v2\/media\/798"}],"wp:attachment":[{"href":"https:\/\/www.lafecollection.nl\/de\/wp-json\/wp\/v2\/media?parent=594"}],"wp:term":[{"taxonomy":"thema","embeddable":true,"href":"https:\/\/www.lafecollection.nl\/de\/wp-json\/wp\/v2\/thema?post=594"},{"taxonomy":"product_brand","embeddable":true,"href":"https:\/\/www.lafecollection.nl\/de\/wp-json\/wp\/v2\/product_brand?post=594"},{"taxonomy":"product_cat","embeddable":true,"href":"https:\/\/www.lafecollection.nl\/de\/wp-json\/wp\/v2\/product_cat?post=594"},{"taxonomy":"product_tag","embeddable":true,"href":"https:\/\/www.lafecollection.nl\/de\/wp-json\/wp\/v2\/product_tag?post=594"}],"curies":[{"name":"wp","href":"https:\/\/api.w.org\/{rel}","templated":true}]}}