{"id":600,"date":"2025-02-19T16:32:58","date_gmt":"2025-02-19T15:32:58","guid":{"rendered":"https:\/\/lafe.bonsaidev.nl\/?post_type=product&#038;p=600"},"modified":"2025-04-07T17:05:43","modified_gmt":"2025-04-07T15:05:43","slug":"noor","status":"publish","type":"product","link":"https:\/\/www.lafecollection.nl\/de\/product\/noor\/","title":{"rendered":"Noor"},"content":{"rendered":"<p data-start=\"0\" data-end=\"381\">Der Naturholzsockel wirkt mit seiner robusten Maserung und den weichen, gr\u00e4ulichen T\u00f6nen cool.<\/p>\n<p data-start=\"0\" data-end=\"381\">Dieses zeitlose Design bietet einen sch\u00f6nen Kontrast zu dem fr\u00f6hlichen Lampenschirm, der mit bunten, von Hand applizierten Pompons in frischen Gr\u00fcn-, Gelb-, Orange-, Lila- und Rosat\u00f6nen besetzt ist.<\/p>\n<p data-start=\"383\" data-end=\"726\" data-is-last-node=\"\" data-is-only-node=\"\">","protected":false},"excerpt":{"rendered":"<p>De natuurlijke houten voet heeft een stoere uitstraling met zijn robuuste textuur en zachte, vergrijsde tinten. Dit tijdloze ontwerp biedt een prachtig contrast met de vrolijke lampenkap, die bezaaid is met kleurrijke, met de hand aangebrachte pompons in frisse tinten groen, geel, oranje, paars en roze.<\/p>","protected":false},"featured_media":793,"template":"","meta":{"_acf_changed":false},"thema":[47],"product_brand":[],"product_cat":[15],"product_tag":[],"class_list":{"0":"post-600","1":"product","2":"type-product","3":"status-publish","4":"has-post-thumbnail","6":"thema-medium-magic","7":"product_cat-complete-sets","9":"first","10":"instock","11":"taxable","12":"shipping-taxable","13":"purchasable","14":"product-type-simple"},"bundled_by":[],"bundle_stock_status":"instock","bundle_stock_quantity":1,"bundle_virtual":false,"bundle_layout":"","bundle_add_to_cart_form_location":"","bundle_editable_in_cart":false,"bundle_sold_individually_context":"","bundle_item_grouping":"","bundle_min_size":"","bundle_max_size":"","bundle_price":[],"bundled_items":[],"bundle_sell_ids":[],"acf":[],"_links":{"self":[{"href":"https:\/\/www.lafecollection.nl\/de\/wp-json\/wp\/v2\/product\/600","targetHints":{"allow":["GET"]}}],"collection":[{"href":"https:\/\/www.lafecollection.nl\/de\/wp-json\/wp\/v2\/product"}],"about":[{"href":"https:\/\/www.lafecollection.nl\/de\/wp-json\/wp\/v2\/types\/product"}],"wp:featuredmedia":[{"embeddable":true,"href":"https:\/\/www.lafecollection.nl\/de\/wp-json\/wp\/v2\/media\/793"}],"wp:attachment":[{"href":"https:\/\/www.lafecollection.nl\/de\/wp-json\/wp\/v2\/media?parent=600"}],"wp:term":[{"taxonomy":"thema","embeddable":true,"href":"https:\/\/www.lafecollection.nl\/de\/wp-json\/wp\/v2\/thema?post=600"},{"taxonomy":"product_brand","embeddable":true,"href":"https:\/\/www.lafecollection.nl\/de\/wp-json\/wp\/v2\/product_brand?post=600"},{"taxonomy":"product_cat","embeddable":true,"href":"https:\/\/www.lafecollection.nl\/de\/wp-json\/wp\/v2\/product_cat?post=600"},{"taxonomy":"product_tag","embeddable":true,"href":"https:\/\/www.lafecollection.nl\/de\/wp-json\/wp\/v2\/product_tag?post=600"}],"curies":[{"name":"wp","href":"https:\/\/api.w.org\/{rel}","templated":true}]}}