{"id":2,"date":"2024-09-12T14:20:39","date_gmt":"2024-09-12T14:20:39","guid":{"rendered":"http:\/\/lafe.bonsaidev.nl\/?page_id=2"},"modified":"2025-03-26T15:31:49","modified_gmt":"2025-03-26T14:31:49","slug":"home","status":"publish","type":"page","link":"https:\/\/www.lafecollection.nl\/fr\/","title":{"rendered":"Home"},"content":{"rendered":"<div id='av_section_1'  class='avia-section av-8aj0-b18ff6a48aa72c1bca76ad7008de0399 main_color avia-section-default avia-no-border-styling  avia-builder-el-0  el_before_av_section  avia-builder-el-first  avia-bg-style-scroll container_wrap fullsize'  ><div class='container av-section-cont-open' ><main  role=\"main\" itemprop=\"mainContentOfPage\"  class='template-page content  av-content-full alpha units'><div class='post-entry post-entry-type-page post-entry-2'><div class='entry-content-wrapper clearfix'>\n<div class='flex_column_table av-5xk4-d356a76f5ec45111667add3ae808e6f9 sc-av_one_fourth av-break-at-tablet-flextable av-mobile-columns-flex av-columns-individual av-equal-height-column-flextable'>\n<style type=\"text\/css\" data-created_by=\"avia_inline_auto\" id=\"style-css-av-5xk4-d356a76f5ec45111667add3ae808e6f9\">\n.flex_column.av-5xk4-d356a76f5ec45111667add3ae808e6f9{\nwidth:23.5%;\nmargin-left:0;\norder:1;\nborder-radius:30px 30px 30px 30px;\npadding:20px 20px 80px 20px;\nbackground-color:#ffe5cd;\n}\n#top .flex_column_table.av-equal-height-column-flextable.av-5xk4-d356a76f5ec45111667add3ae808e6f9 .av-flex-placeholder{\nwidth:2%;\n}\n<\/style>\n<div  class='flex_column av-5xk4-d356a76f5ec45111667add3ae808e6f9 av_one_fourth  avia-builder-el-1  el_before_av_three_fourth  avia-builder-el-first  first av-break-at-tablet flex_column_table_cell av-equal-height-column av-align-bottom'     ><p>\n<style type=\"text\/css\" data-created_by=\"avia_inline_auto\" id=\"style-css-av-m3zvde8w-774ed3e7b66b05bfcf938401b26b10ea\">\n#top .av-special-heading.av-m3zvde8w-774ed3e7b66b05bfcf938401b26b10ea{\npadding-bottom:10px;\n}\nbody .av-special-heading.av-m3zvde8w-774ed3e7b66b05bfcf938401b26b10ea .av-special-heading-tag .heading-char{\nfont-size:25px;\n}\n.av-special-heading.av-m3zvde8w-774ed3e7b66b05bfcf938401b26b10ea .av-subheading{\nfont-size:15px;\n}\n<\/style>\n<div  class='av-special-heading av-m3zvde8w-774ed3e7b66b05bfcf938401b26b10ea av-special-heading-h4 blockquote modern-quote  avia-builder-el-2  el_before_av_textblock  avia-builder-el-first'><h4 class='av-special-heading-tag'  itemprop=\"headline\"  >Acheter le look<\/h4><div class=\"special-heading-border\"><div class=\"special-heading-inner-border\"><\/div><\/div><\/div><br \/>\n<section  class='av_textblock_section av-m3zwfzsa-ec74ddcbba791701501f85b28c71959d'   itemscope=\"itemscope\" itemtype=\"https:\/\/schema.org\/CreativeWork\" ><div class='avia_textblock'  itemprop=\"text\" ><div class=\"thema-blocks-container\"><a href=\"https:\/\/www.lafecollection.nl\/fr\/gamme\/\" class=\"thema-block\"><img decoding=\"async\" class=\"thema-thumbnail\" src=\"https:\/\/www.lafecollection.nl\/wp-content\/uploads\/2024\/12\/DSC_7713.jpg\" alt=\"Collection La F\u00e9\" \/><span class=\"thema-name\">Collection La F\u00e9<\/span><\/a><a href=\"\/fr\/gamme\/?_productgroep_2=large-statements\" class=\"thema-block\"><img decoding=\"async\" class=\"thema-thumbnail\" src=\"https:\/\/www.lafecollection.nl\/wp-content\/uploads\/2024\/11\/lafe-collections-over-ons2.jpg.jpg\" alt=\"Grandes d\u00e9clarations\" \/><span class=\"thema-name\">Grandes d\u00e9clarations<\/span><\/a><a href=\"\/fr\/gamme\/?_productgroep_2=medium-magic\" class=\"thema-block\"><img decoding=\"async\" class=\"thema-thumbnail\" src=\"https:\/\/www.lafecollection.nl\/wp-content\/uploads\/2024\/12\/DSC_8061.jpg\" alt=\"Magie moyenne\" \/><span class=\"thema-name\">Magie moyenne<\/span><\/a><a href=\"\/fr\/gamme\/?_productgroep_2=small-stylish\" class=\"thema-block\"><img decoding=\"async\" class=\"thema-thumbnail\" src=\"https:\/\/www.lafecollection.nl\/wp-content\/uploads\/2024\/12\/DSC_7952.jpg\" alt=\"Petit et \u00e9l\u00e9gant\" \/><span class=\"thema-name\">Petit et \u00e9l\u00e9gant<\/span><\/a><a href=\"\/fr\/gamme\/?_productgroep_2=vintage-vibes\" class=\"thema-block\"><img decoding=\"async\" class=\"thema-thumbnail\" src=\"https:\/\/www.lafecollection.nl\/wp-content\/uploads\/2024\/12\/DSC_4369.jpg\" alt=\"Des vibrations vintage\" \/><span class=\"thema-name\">Des vibrations vintage<\/span><\/a><a href=\"https:\/\/www.lafecollection.nl\/fr\/gamme\/?_productgroep=wandlampen\" class=\"thema-block\"><img decoding=\"async\" class=\"thema-thumbnail\" src=\"https:\/\/www.lafecollection.nl\/wp-content\/uploads\/2024\/12\/DSC_7510.jpg\" alt=\"Merveilles murales\" \/><span class=\"thema-name\">Merveilles murales<\/span><\/a><\/div>\n<\/div><\/section><\/p><\/div><div class='av-flex-placeholder'><\/div>\n<style type=\"text\/css\" data-created_by=\"avia_inline_auto\" id=\"style-css-av-azw-7bdaf3e35fa98b886731434c2696ebb5\">\n.flex_column.av-azw-7bdaf3e35fa98b886731434c2696ebb5{\nwidth:74.5%;\nmargin-left:0;\norder:0;\nborder-radius:30px 120px 30px 60px;\npadding:60px 250px 80px 60px;\nbackground:url(https:\/\/www.lafecollection.nl\/wp-content\/uploads\/2024\/12\/DSC_7649.jpg) 50% 50% no-repeat scroll ;\n}\n#top .flex_column_table.av-equal-height-column-flextable.av-azw-7bdaf3e35fa98b886731434c2696ebb5 .av-flex-placeholder{\nwidth:2%;\n}\n\n@media only screen and (min-width: 990px){ \n.flex_column.av-azw-7bdaf3e35fa98b886731434c2696ebb5{\npadding:60px 120px 60px 60px;\n}\n}\n\n@media only screen and (min-width: 768px) and (max-width: 989px){ \n.flex_column.av-azw-7bdaf3e35fa98b886731434c2696ebb5{\npadding:60px 30px 60px 30px;\n}\n}\n\n@media only screen and (min-width: 480px) and (max-width: 767px){ \n.flex_column.av-azw-7bdaf3e35fa98b886731434c2696ebb5{\npadding:60px 30px 60px 30px;\n}\n}\n\n@media only screen and (max-width: 479px){ \n.flex_column.av-azw-7bdaf3e35fa98b886731434c2696ebb5{\npadding:80px 30px 60px 30px;\n}\n}\n<\/style>\n<div  class='flex_column av-azw-7bdaf3e35fa98b886731434c2696ebb5 av_three_fourth  avia-builder-el-4  el_after_av_one_fourth  el_before_av_one_full  av-break-at-tablet flex_column_table_cell av-equal-height-column av-align-bottom avia-full-stretch'     ><p>\n<style type=\"text\/css\" data-created_by=\"avia_inline_auto\" id=\"style-css-av-m3zvhbv6-a57bdff94ace2a564eb465f5697fcc70\">\n#top .av-special-heading.av-m3zvhbv6-a57bdff94ace2a564eb465f5697fcc70{\npadding-bottom:10px;\ncolor:#ffffff;\n}\nbody .av-special-heading.av-m3zvhbv6-a57bdff94ace2a564eb465f5697fcc70 .av-special-heading-tag .heading-char{\nfont-size:25px;\n}\n#top #wrap_all .av-special-heading.av-m3zvhbv6-a57bdff94ace2a564eb465f5697fcc70 .av-special-heading-tag{\nfont-size:90px;\n}\n.av-special-heading.av-m3zvhbv6-a57bdff94ace2a564eb465f5697fcc70 .special-heading-inner-border{\nborder-color:#ffffff;\n}\n.av-special-heading.av-m3zvhbv6-a57bdff94ace2a564eb465f5697fcc70 .av-subheading{\nfont-size:15px;\n}\n\n@media only screen and (min-width: 768px) and (max-width: 989px){ \n#top #wrap_all .av-special-heading.av-m3zvhbv6-a57bdff94ace2a564eb465f5697fcc70 .av-special-heading-tag{\nfont-size:74px;\n}\n}\n\n@media only screen and (min-width: 480px) and (max-width: 767px){ \n#top #wrap_all .av-special-heading.av-m3zvhbv6-a57bdff94ace2a564eb465f5697fcc70 .av-special-heading-tag{\nfont-size:46px;\n}\n}\n\n@media only screen and (max-width: 479px){ \n#top #wrap_all .av-special-heading.av-m3zvhbv6-a57bdff94ace2a564eb465f5697fcc70 .av-special-heading-tag{\nfont-size:46px;\n}\n}\n<\/style>\n<div  class='av-special-heading av-m3zvhbv6-a57bdff94ace2a564eb465f5697fcc70 av-special-heading-h1 custom-color-heading  avia-builder-el-5  el_before_av_hr  avia-builder-el-first  home-banner-tekst'><h1 class='av-special-heading-tag'  itemprop=\"headline\"  >Des lampes uniques avec une histoire<\/h1><div class=\"special-heading-border\"><div class=\"special-heading-inner-border\"><\/div><\/div><\/div><br \/>\n\n<style type=\"text\/css\" data-created_by=\"avia_inline_auto\" id=\"style-css-av-m3zvlfd5-714e8dc1f83df77a64b9333a983e3290\">\n#top .hr.hr-invisible.av-m3zvlfd5-714e8dc1f83df77a64b9333a983e3290{\nheight:45px;\n}\n<\/style>\n<div  class='hr av-m3zvlfd5-714e8dc1f83df77a64b9333a983e3290 hr-invisible  avia-builder-el-6  el_after_av_heading  el_before_av_buttonrow'><span class='hr-inner'><span class=\"hr-inner-style\"><\/span><\/span><\/div><br \/>\n<div  class='avia-buttonrow-wrap av-m3zvhsmg-937359292bd495561e4abd1978cb21ba avia-buttonrow-left  avia-builder-el-7  el_after_av_hr  avia-builder-el-last'>\n\n<style type=\"text\/css\" data-created_by=\"avia_inline_auto\" id=\"style-css-av-m3zvhj07-fc2fc0d3b0216e6af0baa706311612f7\">\n#top #wrap_all .avia-button.av-m3zvhj07-fc2fc0d3b0216e6af0baa706311612f7{\nmargin-bottom:20px;\nmargin-right:20px;\n}\n<\/style>\n<a href='https:\/\/www.lafecollection.nl\/fr\/assortiment\/'  class='avia-button av-m3zvhj07-fc2fc0d3b0216e6af0baa706311612f7 avia-icon_select-no avia-size-small avia-color-theme-color'   aria-label=\"Voir notre collection\"><span class='avia_iconbox_title' >Voir notre collection<\/span><\/a>\n\n<style type=\"text\/css\" data-created_by=\"avia_inline_auto\" id=\"style-css-av-m3zvhr9u-a2d570ab4f8724b5954b29767be8e300\">\n#top #wrap_all .avia-button.av-m3zvhr9u-a2d570ab4f8724b5954b29767be8e300{\nmargin-bottom:20px;\nmargin-right:20px;\n}\n<\/style>\n<a href='https:\/\/www.lafecollection.nl\/fr\/over-ons\/'  class='avia-button av-m3zvhr9u-a2d570ab4f8724b5954b29767be8e300 avia-icon_select-no avia-size-small avia-color-theme-color-highlight'   aria-label=\"Notre histoire\"><span class='avia_iconbox_title' >Notre histoire<\/span><\/a>\n<\/div><\/p><\/div><\/div><!--close column table wrapper. Autoclose: 1 -->\n<style type=\"text\/css\" data-created_by=\"avia_inline_auto\" id=\"style-css-av-4ypo-fe50a6341bcc2462ee7102c53f9fecb7\">\n#top .flex_column.av-4ypo-fe50a6341bcc2462ee7102c53f9fecb7{\nmargin-top:60px;\nmargin-bottom:40px;\n}\n.flex_column.av-4ypo-fe50a6341bcc2462ee7102c53f9fecb7{\npadding:0 280px 0 280px;\n}\n.responsive #top #wrap_all .flex_column.av-4ypo-fe50a6341bcc2462ee7102c53f9fecb7{\nmargin-top:60px;\nmargin-bottom:40px;\n}\n\n@media only screen and (min-width: 768px) and (max-width: 989px){ \n#top .flex_column.av-4ypo-fe50a6341bcc2462ee7102c53f9fecb7{\nmargin-top:50px;\nmargin-bottom:30px;\n}\n.flex_column.av-4ypo-fe50a6341bcc2462ee7102c53f9fecb7{\npadding:0 0 0 0;\n}\n.responsive #top #wrap_all .flex_column.av-4ypo-fe50a6341bcc2462ee7102c53f9fecb7{\nmargin-top:50px;\nmargin-bottom:30px;\n}\n}\n\n@media only screen and (min-width: 480px) and (max-width: 767px){ \n#top .flex_column.av-4ypo-fe50a6341bcc2462ee7102c53f9fecb7{\nmargin-top:20px;\nmargin-bottom:30px;\n}\n.flex_column.av-4ypo-fe50a6341bcc2462ee7102c53f9fecb7{\npadding:0 0 0 0;\n}\n.responsive #top #wrap_all .flex_column.av-4ypo-fe50a6341bcc2462ee7102c53f9fecb7{\nmargin-top:20px;\nmargin-bottom:30px;\n}\n}\n\n@media only screen and (max-width: 479px){ \n.flex_column.av-4ypo-fe50a6341bcc2462ee7102c53f9fecb7{\npadding:0 0 0 0;\n}\n}\n<\/style>\n<div  class='flex_column av-4ypo-fe50a6341bcc2462ee7102c53f9fecb7 av_one_full  avia-builder-el-8  el_after_av_three_fourth  el_before_av_one_full  usp-wrapper first flex_column_div  column-top-margin'     ><section  class='av_textblock_section av-m4b1fvvu-16a409d308f9d478629e3a624938a97c'   itemscope=\"itemscope\" itemtype=\"https:\/\/schema.org\/CreativeWork\" ><div class='avia_textblock usp-tekst'  itemprop=\"text\" ><ul>\n<li>Unique et fait \u00e0 la main<\/li>\n<li>Mat\u00e9riaux de qualit\u00e9 luxueuse<\/li>\n<li>Directement de notre atelier<\/li>\n<\/ul>\n<\/div><\/section><\/div><div  class='flex_column av-332y-378e56c5f267bfd4369938369da5674b av_one_full  avia-builder-el-10  el_after_av_one_full  avia-builder-el-last  first flex_column_div  column-top-margin'     ><p>\n<style type=\"text\/css\" data-created_by=\"avia_inline_auto\" id=\"style-css-av-m3zv82x5-073739e3116b5adcec2ba43066ac7e14\">\n#top .av-special-heading.av-m3zv82x5-073739e3116b5adcec2ba43066ac7e14{\npadding-bottom:10px;\ncolor:#f65d5a;\nfont-size:44px;\n}\nbody .av-special-heading.av-m3zv82x5-073739e3116b5adcec2ba43066ac7e14 .av-special-heading-tag .heading-char{\nfont-size:25px;\n}\n#top #wrap_all .av-special-heading.av-m3zv82x5-073739e3116b5adcec2ba43066ac7e14 .av-special-heading-tag{\nfont-size:44px;\n}\n.av-special-heading.av-m3zv82x5-073739e3116b5adcec2ba43066ac7e14 .special-heading-inner-border{\nborder-color:#f65d5a;\n}\n.av-special-heading.av-m3zv82x5-073739e3116b5adcec2ba43066ac7e14 .av-subheading{\nfont-size:15px;\n}\n\n@media only screen and (min-width: 480px) and (max-width: 767px){ \n#top #wrap_all .av-special-heading.av-m3zv82x5-073739e3116b5adcec2ba43066ac7e14 .av-special-heading-tag{\nfont-size:0.8em;\n}\n}\n\n@media only screen and (max-width: 479px){ \n#top #wrap_all .av-special-heading.av-m3zv82x5-073739e3116b5adcec2ba43066ac7e14 .av-special-heading-tag{\nfont-size:0.8em;\n}\n}\n<\/style>\n<div  class='av-special-heading av-m3zv82x5-073739e3116b5adcec2ba43066ac7e14 av-special-heading-h2 custom-color-heading blockquote modern-quote  avia-builder-el-11  el_before_av_hr  avia-builder-el-first  av-inherit-size'><h2 class='av-special-heading-tag'  itemprop=\"headline\"  >Produits populaires<\/h2><div class=\"special-heading-border\"><div class=\"special-heading-inner-border\"><\/div><\/div><\/div><br \/>\n\n<style type=\"text\/css\" data-created_by=\"avia_inline_auto\" id=\"style-css-av-m3zz087j-118b3c9f1456c3d87c185c364e200d4b\">\n#top .hr.hr-invisible.av-m3zz087j-118b3c9f1456c3d87c185c364e200d4b{\nmargin-top:-58px;\nheight:1px;\n}\n<\/style>\n<div  class='hr av-m3zz087j-118b3c9f1456c3d87c185c364e200d4b hr-invisible  avia-builder-el-12  el_after_av_heading  el_before_av_codeblock  av-small-hide av-mini-hide'><span class='hr-inner'><span class=\"hr-inner-style\"><\/span><\/span><\/div><br \/>\n<br \/>\n\n<style type=\"text\/css\" data-created_by=\"avia_inline_auto\" id=\"style-css-av-m3zz2o2n-b552a19ee0d573af37e584ce008b61b4\">\n#top .hr.hr-invisible.av-m3zz2o2n-b552a19ee0d573af37e584ce008b61b4{\nheight:60px;\n}\n<\/style>\n<div  class='hr av-m3zz2o2n-b552a19ee0d573af37e584ce008b61b4 hr-invisible  avia-builder-el-14  el_after_av_codeblock  el_before_av_button'><span class='hr-inner'><span class=\"hr-inner-style\"><\/span><\/span><\/div><br \/>\n<div  class='avia-button-wrap av-m3zv8ddy-ff206a62a25e8015b65852e3bf20d9ca-wrap avia-button-center  avia-builder-el-15  el_after_av_hr  el_before_av_hr'><a href='https:\/\/www.lafecollection.nl\/fr\/assortiment\/'  class='avia-button av-m3zv8ddy-ff206a62a25e8015b65852e3bf20d9ca av-link-btn avia-icon_select-no avia-size-small avia-position-center avia-color-theme-color'   aria-label=\"Voir notre collection\"><span class='avia_iconbox_title' >Voir notre collection<\/span><\/a><\/div><br \/>\n\n<style type=\"text\/css\" data-created_by=\"avia_inline_auto\" id=\"style-css-av-m4b1v8ko-82ac6f44589654b180b4b6ef7ef0fb94\">\n#top .hr.hr-invisible.av-m4b1v8ko-82ac6f44589654b180b4b6ef7ef0fb94{\nheight:40px;\n}\n<\/style>\n<div  class='hr av-m4b1v8ko-82ac6f44589654b180b4b6ef7ef0fb94 hr-invisible  avia-builder-el-16  el_after_av_button  el_before_av_textblock'><span class='hr-inner'><span class=\"hr-inner-style\"><\/span><\/span><\/div><br \/>\n<section  class='av_textblock_section av-m3zv9r99-b20add7c44497f30fe3fb6a3d4ee07e1'   itemscope=\"itemscope\" itemtype=\"https:\/\/schema.org\/CreativeWork\" ><div class='avia_textblock'  itemprop=\"text\" ><p><img loading=\"lazy\" decoding=\"async\" class=\"wp-image-123 aligncenter\" src=\"https:\/\/www.lafecollection.nl\/wp-content\/uploads\/2024\/11\/La-fe-Icon.png\" alt=\"\" width=\"121\" height=\"122\" srcset=\"https:\/\/www.lafecollection.nl\/wp-content\/uploads\/2024\/11\/La-fe-Icon.png 239w, https:\/\/www.lafecollection.nl\/wp-content\/uploads\/2024\/11\/La-fe-Icon-80x80.png 80w, https:\/\/www.lafecollection.nl\/wp-content\/uploads\/2024\/11\/La-fe-Icon-36x36.png 36w, https:\/\/www.lafecollection.nl\/wp-content\/uploads\/2024\/11\/La-fe-Icon-180x180.png 180w, https:\/\/www.lafecollection.nl\/wp-content\/uploads\/2024\/11\/La-fe-Icon-120x120.png 120w, https:\/\/www.lafecollection.nl\/wp-content\/uploads\/2024\/11\/La-fe-Icon-100x100.png 100w\" sizes=\"auto, (max-width: 121px) 100vw, 121px\" \/><\/p>\n<\/div><\/section><\/p><\/div>\n\n<\/div><\/div><\/main><!-- close content main element --><\/div><\/div>\n<style type=\"text\/css\" data-created_by=\"avia_inline_auto\" id=\"style-css-av-m3zuohcw-a773f1d8b7bae86c394f33b4ad68ae81\">\n.avia-section.av-m3zuohcw-a773f1d8b7bae86c394f33b4ad68ae81 .av-parallax .av-parallax-inner{\nbackground-repeat:no-repeat;\nbackground-image:url(https:\/\/www.lafecollection.nl\/wp-content\/uploads\/2024\/12\/DSC_8067.jpg);\nbackground-position:50% 100%;\nbackground-attachment:scroll;\n}\n<\/style>\n<div id='av_section_2'  class='avia-section av-m3zuohcw-a773f1d8b7bae86c394f33b4ad68ae81 main_color avia-section-large avia-no-border-styling  avia-builder-el-18  el_after_av_section  avia-builder-el-last  avia-full-stretch av-parallax-section avia-bg-style-parallax container_wrap fullsize'  data-section-bg-repeat='stretch'><div class='av-parallax' data-avia-parallax-ratio='0.3' ><div class='av-parallax-inner main_color avia-full-stretch'><\/div><\/div><div class='container av-section-cont-open' ><div class='template-page content  av-content-full alpha units'><div class='post-entry post-entry-type-page post-entry-2'><div class='entry-content-wrapper clearfix'>\n\n<style type=\"text\/css\" data-created_by=\"avia_inline_auto\" id=\"style-css-av-2l7m-25b46bbe563b23bd5b995dad7b33c0e9\">\n.flex_column.av-2l7m-25b46bbe563b23bd5b995dad7b33c0e9{\nwidth:38.2%;\n}\n<\/style>\n<div  class='flex_column av-2l7m-25b46bbe563b23bd5b995dad7b33c0e9 av_two_fifth  avia-builder-el-19  el_before_av_three_fifth  avia-builder-el-first  first av-break-at-tablet flex_column_div'     ><\/div>\n<style type=\"text\/css\" data-created_by=\"avia_inline_auto\" id=\"style-css-av-m3zust1z-b771e81369f7bc5cb6ac2285c8d87f11\">\n.flex_column.av-m3zust1z-b771e81369f7bc5cb6ac2285c8d87f11{\nwidth:58.8%;\nmargin-left:3%;\nborder-radius:30px 120px 30px 60px;\npadding:80px 60px 80px 60px;\nbackground-color:#ffffff;\n}\n\n@media only screen and (min-width: 768px) and (max-width: 989px){ \n.flex_column.av-m3zust1z-b771e81369f7bc5cb6ac2285c8d87f11{\npadding:40px 30px 40px 30px;\n}\n}\n\n@media only screen and (min-width: 480px) and (max-width: 767px){ \n.flex_column.av-m3zust1z-b771e81369f7bc5cb6ac2285c8d87f11{\npadding:30px 30px 30px 30px;\n}\n}\n\n@media only screen and (max-width: 479px){ \n.flex_column.av-m3zust1z-b771e81369f7bc5cb6ac2285c8d87f11{\npadding:30px 30px 30px 30px;\n}\n}\n<\/style>\n<div  class='flex_column av-m3zust1z-b771e81369f7bc5cb6ac2285c8d87f11 av_three_fifth  avia-builder-el-20  el_after_av_two_fifth  avia-builder-el-last  av-break-at-tablet flex_column_div'     ><p>\n<style type=\"text\/css\" data-created_by=\"avia_inline_auto\" id=\"style-css-av-m3zutyxu-fb77a8c21a6bbc50a98ecea046ea8e34\">\n#top .av-special-heading.av-m3zutyxu-fb77a8c21a6bbc50a98ecea046ea8e34{\npadding-bottom:10px;\ncolor:#f65d5a;\nfont-size:55px;\n}\nbody .av-special-heading.av-m3zutyxu-fb77a8c21a6bbc50a98ecea046ea8e34 .av-special-heading-tag .heading-char{\nfont-size:25px;\n}\n#top #wrap_all .av-special-heading.av-m3zutyxu-fb77a8c21a6bbc50a98ecea046ea8e34 .av-special-heading-tag{\nfont-size:55px;\n}\n.av-special-heading.av-m3zutyxu-fb77a8c21a6bbc50a98ecea046ea8e34 .special-heading-inner-border{\nborder-color:#f65d5a;\n}\n.av-special-heading.av-m3zutyxu-fb77a8c21a6bbc50a98ecea046ea8e34 .av-subheading{\nfont-size:15px;\n}\n\n@media only screen and (min-width: 480px) and (max-width: 767px){ \n#top #wrap_all .av-special-heading.av-m3zutyxu-fb77a8c21a6bbc50a98ecea046ea8e34 .av-special-heading-tag{\nfont-size:40px;\n}\n}\n\n@media only screen and (max-width: 479px){ \n#top #wrap_all .av-special-heading.av-m3zutyxu-fb77a8c21a6bbc50a98ecea046ea8e34 .av-special-heading-tag{\nfont-size:40px;\n}\n}\n<\/style>\n<div  class='av-special-heading av-m3zutyxu-fb77a8c21a6bbc50a98ecea046ea8e34 av-special-heading-h1 custom-color-heading blockquote modern-quote  avia-builder-el-21  el_before_av_textblock  avia-builder-el-first  av-inherit-size'><h1 class='av-special-heading-tag'  itemprop=\"headline\"  >Des \u00e9clairages uniques fabriqu\u00e9s \u00e0 la main avec passion<\/h1><div class=\"special-heading-border\"><div class=\"special-heading-inner-border\"><\/div><\/div><\/div><br \/>\n<section  class='av_textblock_section av-m3zutd79-f46cc40a13baf3e62add718800bb380d'   itemscope=\"itemscope\" itemtype=\"https:\/\/schema.org\/CreativeWork\" ><div class='avia_textblock'  itemprop=\"text\" ><p>Chez La F\u00e9 Collection, nous cr\u00e9ons avec amour et savoir-faire des lampes extraordinaires qui feront briller votre int\u00e9rieur.<\/p>\n<p>Chaque lampe est fabriqu\u00e9e \u00e0 la main, avec le souci du d\u00e9tail et \u00e0 l'aide de mat\u00e9riaux de haute qualit\u00e9. Que vous soyez \u00e0 la recherche d'une lampe color\u00e9e ou d'une lampe d'ambiance subtile, nous nous ferons un plaisir de concevoir une pi\u00e8ce unique qui vous conviendra parfaitement.<\/p>\n<\/div><\/section><br \/>\n\n<style type=\"text\/css\" data-created_by=\"avia_inline_auto\" id=\"style-css-av-m3zv09oo-71c6671723baf03484b21bc8bc4f340a\">\n#top .hr.hr-invisible.av-m3zv09oo-71c6671723baf03484b21bc8bc4f340a{\nheight:35px;\n}\n<\/style>\n<div  class='hr av-m3zv09oo-71c6671723baf03484b21bc8bc4f340a hr-invisible  avia-builder-el-23  el_after_av_textblock  el_before_av_buttonrow'><span class='hr-inner'><span class=\"hr-inner-style\"><\/span><\/span><\/div><br \/>\n<div  class='avia-buttonrow-wrap av-m3zuvo1e-630d291b84efcb58b7734706db4a43db avia-buttonrow-left  avia-builder-el-24  el_after_av_hr  avia-builder-el-last'>\n\n<style type=\"text\/css\" data-created_by=\"avia_inline_auto\" id=\"style-css-av-m3zuv8wy-effc6e5e6a83614e62daee82a2ef4bbc\">\n#top #wrap_all .avia-button.av-m3zuv8wy-effc6e5e6a83614e62daee82a2ef4bbc{\nmargin-bottom:20px;\nmargin-right:20px;\n}\n<\/style>\n<a href='https:\/\/www.lafecollection.nl\/fr\/assortiment\/'  class='avia-button av-m3zuv8wy-effc6e5e6a83614e62daee82a2ef4bbc avia-icon_select-no avia-size-small avia-color-theme-color'   aria-label=\"Voir notre collection\"><span class='avia_iconbox_title' >Voir notre collection<\/span><\/a>\n\n<style type=\"text\/css\" data-created_by=\"avia_inline_auto\" id=\"style-css-av-m3zuv346-6ca503445455ccf8a56d376e50144121\">\n#top #wrap_all .avia-button.av-m3zuv346-6ca503445455ccf8a56d376e50144121{\nmargin-bottom:20px;\nmargin-right:20px;\n}\n<\/style>\n<a href='https:\/\/www.lafecollection.nl\/fr\/lampen-op-maat\/'  class='avia-button av-m3zuv346-6ca503445455ccf8a56d376e50144121 avia-icon_select-no avia-size-small avia-color-theme-color-subtle'   aria-label=\"Lampe sur mesure\"><span class='avia_iconbox_title' >Lampe sur mesure<\/span><\/a>\n<\/div><\/p><\/div>","protected":false},"excerpt":{"rendered":"","protected":false},"author":1,"featured_media":0,"parent":0,"menu_order":0,"comment_status":"closed","ping_status":"closed","template":"","meta":{"_acf_changed":false,"footnotes":""},"class_list":["post-2","page","type-page","status-publish","hentry"],"acf":[],"_links":{"self":[{"href":"https:\/\/www.lafecollection.nl\/fr\/wp-json\/wp\/v2\/pages\/2","targetHints":{"allow":["GET"]}}],"collection":[{"href":"https:\/\/www.lafecollection.nl\/fr\/wp-json\/wp\/v2\/pages"}],"about":[{"href":"https:\/\/www.lafecollection.nl\/fr\/wp-json\/wp\/v2\/types\/page"}],"author":[{"embeddable":true,"href":"https:\/\/www.lafecollection.nl\/fr\/wp-json\/wp\/v2\/users\/1"}],"replies":[{"embeddable":true,"href":"https:\/\/www.lafecollection.nl\/fr\/wp-json\/wp\/v2\/comments?post=2"}],"version-history":[{"count":77,"href":"https:\/\/www.lafecollection.nl\/fr\/wp-json\/wp\/v2\/pages\/2\/revisions"}],"predecessor-version":[{"id":1612,"href":"https:\/\/www.lafecollection.nl\/fr\/wp-json\/wp\/v2\/pages\/2\/revisions\/1612"}],"wp:attachment":[{"href":"https:\/\/www.lafecollection.nl\/fr\/wp-json\/wp\/v2\/media?parent=2"}],"curies":[{"name":"wp","href":"https:\/\/api.w.org\/{rel}","templated":true}]}}