{"id":89,"date":"2024-11-27T11:26:00","date_gmt":"2024-11-27T10:26:00","guid":{"rendered":"https:\/\/lafe.bonsaidev.nl\/?page_id=89"},"modified":"2025-03-25T20:16:42","modified_gmt":"2025-03-25T19:16:42","slug":"a-propos-de-nous","status":"publish","type":"page","link":"https:\/\/www.lafecollection.nl\/fr\/over-ons\/","title":{"rendered":"A propos de nous"},"content":{"rendered":"<div id='av_section_1'  class='avia-section av-650xp-aad7fedba455cce5baba85fbf96d0ca5 main_color avia-section-default avia-no-border-styling  avia-builder-el-0  avia-builder-el-no-sibling  avia-bg-style-scroll container_wrap fullsize'  ><div class='container av-section-cont-open' ><main  role=\"main\" itemprop=\"mainContentOfPage\"  class='template-page content  av-content-full alpha units'><div class='post-entry post-entry-type-page post-entry-89'><div class='entry-content-wrapper clearfix'>\n<div  class='flex_column av-5rtxp-f6a0acbb6397024df83897f5948b7169 av_one_fifth  avia-builder-el-1  el_before_av_three_fifth  avia-builder-el-first  first flex_column_div'     ><\/div><div  class='flex_column av-4y3n5-58e3c2e01f3827f215c4c0385d8a8f80 av_three_fifth  avia-builder-el-2  el_after_av_one_fifth  el_before_av_one_fifth  flex_column_div'     ><section  class='av_textblock_section av-4m96d-5aa529e1a181464163397c42007222b7'   itemscope=\"itemscope\" itemtype=\"https:\/\/schema.org\/CreativeWork\" ><div class='avia_textblock'  itemprop=\"text\" ><h1>Des lampes uniques avec une histoire. Pr\u00eates \u00e0 illuminer votre vie.<\/h1>\n<p>Chez La F\u00e9 Collection, nous donnons vie \u00e0 votre int\u00e9rieur avec des lampes uniques qui sont plus qu'une simple source de lumi\u00e8re - elles racontent une histoire. Chaque pi\u00e8ce est faite \u00e0 la main, soigneusement s\u00e9lectionn\u00e9e et fabriqu\u00e9e avec une passion qui se ressent dans chaque d\u00e9tail.<\/p>\n<h3>Couleur et vari\u00e9t\u00e9<\/h3>\n<p>Nous croyons au pouvoir de la couleur et de la variation, c'est pourquoi nous proposons des solutions sur mesure pour s'adapter \u00e0 votre style unique et \u00e0 votre espace. <a href=\"https:\/\/www.lafecollection.nl\/fr\/gamme\/\">Nos lampes<\/a> ne se contentent pas d'ajouter de l'ambiance \u00e0 votre int\u00e9rieur, ils cr\u00e9ent \u00e9galement un look exclusif. Avec une touche vintage et une touche moderne, nous cr\u00e9ons des cr\u00e9ateurs d'ambiance qui sont \u00e0 la fois uniques et intemporels.<\/p>\n<p>Chez La F\u00e9 Collection, la qualit\u00e9 des produits est toujours au premier plan. Vous avez donc l'assurance d'une source de lumi\u00e8re qui illumine votre vie, au sens propre comme au sens figur\u00e9. Choisissez une lampe de caract\u00e8re. Choisissez une exp\u00e9rience con\u00e7ue pour vous.<\/p>\n<h3>Comment tout a commenc\u00e9.<\/h3>\n<p>L'histoire de La F\u00e9 Collection commence au Sri Lanka, un pays plein de couleurs, de chaleur et de traditions. La fondatrice, F\u00e9 Verkoelen, n\u00e9e sur cette \u00eele magnifique, ressent toujours le lien avec ses teintes vibrantes, ses textures riches et son appr\u00e9ciation profonde de l'artisanat. D\u00e8s son plus jeune \u00e2ge, elle a \u00e9t\u00e9 fascin\u00e9e par la beaut\u00e9 des mat\u00e9riaux et la magie que la couleur peut apporter \u00e0 la vie.<\/p>\n<p>Avec un esprit cr\u00e9atif et un c\u0153ur plein d'enthousiasme, apr\u00e8s de nombreuses ann\u00e9es de croissance personnelle et professionnelle, elle a d\u00e9cid\u00e9 de relever un nouveau d\u00e9fi : cr\u00e9er quelque chose qui rendrait le monde un peu plus lumineux et color\u00e9. C'est ainsi qu'est n\u00e9e La F\u00e9 Collection, un lieu o\u00f9 son amour de la couleur, de l'artisanat et de l'esth\u00e9tique prend vie dans chaque pi\u00e8ce unique, <a href=\"https:\/\/www.lafecollection.nl\/fr\/lampes-personnalisees\/\">objet lumineux fait \u00e0 la main<\/a>.<\/p>\n<p>Inspir\u00e9e par ses racines et anim\u00e9e par la passion, elle a cr\u00e9\u00e9 une marque qui met l'accent sur l'originalit\u00e9, la qualit\u00e9 et la touche personnelle. Chaque pi\u00e8ce est le reflet de son \u00e2me cr\u00e9ative et du soin avec lequel elle s\u00e9lectionne les mat\u00e9riaux les plus nobles. C'est ainsi qu'elle cr\u00e9e des lampes qui ne se contentent pas d'\u00e9clairer, mais qui racontent une histoire et apportent une atmosph\u00e8re \u00e0 chaque maison.<\/p>\n<p>Avec La F\u00e9 Collection, elle a transform\u00e9 son r\u00eave en une collection \u00e0 la fois unique et exclusive, pour tous ceux qui recherchent un luminaire aussi sp\u00e9cial qu'elle.<\/p>\n<\/div><\/section><\/div><div  class='flex_column av-440gp-dde087c98c23a6220ca676fcf85ec7b8 av_one_fifth  avia-builder-el-4  el_after_av_three_fifth  el_before_av_two_fifth  flex_column_div'     ><\/div><div class='flex_column_table av-3akl5-0cb1e3c56f13a4235ef49a5b992a3d64 sc-av_two_fifth av-equal-height-column-flextable'>\n<style type=\"text\/css\" data-created_by=\"avia_inline_auto\" id=\"style-css-av-3akl5-0cb1e3c56f13a4235ef49a5b992a3d64\">\n#top .flex_column_table.av-equal-height-column-flextable.av-3akl5-0cb1e3c56f13a4235ef49a5b992a3d64{\nmargin-top:50px;\nmargin-bottom:60px;\n}\n.flex_column.av-3akl5-0cb1e3c56f13a4235ef49a5b992a3d64{\nwidth:38.2%;\nmargin-left:0;\n}\n#top .flex_column_table.av-equal-height-column-flextable.av-3akl5-0cb1e3c56f13a4235ef49a5b992a3d64 .av-flex-placeholder{\nwidth:3%;\n}\n<\/style>\n<div  class='flex_column av-3akl5-0cb1e3c56f13a4235ef49a5b992a3d64 av_two_fifth  avia-builder-el-5  el_after_av_one_fifth  el_before_av_three_fifth  first flex_column_table_cell av-equal-height-column av-align-middle  column-top-margin'     ><style type=\"text\/css\" data-created_by=\"avia_inline_auto\" id=\"style-css-av-m411z1pv-9593b042e3e83cfc0dd3097c89567d3c\">\n.avia-image-container.av-m411z1pv-9593b042e3e83cfc0dd3097c89567d3c img.avia_image{\nbox-shadow:none;\n}\n.avia-image-container.av-m411z1pv-9593b042e3e83cfc0dd3097c89567d3c .av-image-caption-overlay-center{\ncolor:#ffffff;\n}\n<\/style>\n<div  class='avia-image-container av-m411z1pv-9593b042e3e83cfc0dd3097c89567d3c av-styling-no-styling avia-align-center  avia-builder-el-6  avia-builder-el-no-sibling  split-foto-links'   itemprop=\"image\" itemscope=\"itemscope\" itemtype=\"https:\/\/schema.org\/ImageObject\" ><div class=\"avia-image-container-inner\"><div class=\"avia-image-overlay-wrap\"><img decoding=\"async\" fetchpriority=\"high\" class='wp-image-400 avia-img-lazy-loading-not-400 avia_image' src=\"https:\/\/www.lafecollection.nl\/wp-content\/uploads\/2024\/12\/foto-fe-vierkant.jpg\" alt='' title='photo-fe-square'  height=\"1003\" width=\"1003\"  itemprop=\"thumbnailUrl\" srcset=\"https:\/\/www.lafecollection.nl\/wp-content\/uploads\/2024\/12\/foto-fe-vierkant.jpg 1003w, https:\/\/www.lafecollection.nl\/wp-content\/uploads\/2024\/12\/foto-fe-vierkant-300x300.jpg 300w, https:\/\/www.lafecollection.nl\/wp-content\/uploads\/2024\/12\/foto-fe-vierkant-80x80.jpg 80w, https:\/\/www.lafecollection.nl\/wp-content\/uploads\/2024\/12\/foto-fe-vierkant-768x768.jpg 768w, https:\/\/www.lafecollection.nl\/wp-content\/uploads\/2024\/12\/foto-fe-vierkant-36x36.jpg 36w, https:\/\/www.lafecollection.nl\/wp-content\/uploads\/2024\/12\/foto-fe-vierkant-180x180.jpg 180w, https:\/\/www.lafecollection.nl\/wp-content\/uploads\/2024\/12\/foto-fe-vierkant-705x705.jpg 705w, https:\/\/www.lafecollection.nl\/wp-content\/uploads\/2024\/12\/foto-fe-vierkant-120x120.jpg 120w, https:\/\/www.lafecollection.nl\/wp-content\/uploads\/2024\/12\/foto-fe-vierkant-450x450.jpg 450w, https:\/\/www.lafecollection.nl\/wp-content\/uploads\/2024\/12\/foto-fe-vierkant-400x400.jpg 400w, https:\/\/www.lafecollection.nl\/wp-content\/uploads\/2024\/12\/foto-fe-vierkant-600x600.jpg 600w, https:\/\/www.lafecollection.nl\/wp-content\/uploads\/2024\/12\/foto-fe-vierkant-100x100.jpg 100w\" sizes=\"(max-width: 1003px) 100vw, 1003px\" \/><\/div><\/div><\/div><\/div><div class='av-flex-placeholder'><\/div>\n<style type=\"text\/css\" data-created_by=\"avia_inline_auto\" id=\"style-css-av-2p8j5-74996918a19b639703d2c00706163df4\">\n#top .flex_column_table.av-equal-height-column-flextable.av-2p8j5-74996918a19b639703d2c00706163df4{\nmargin-top:50px;\nmargin-bottom:60px;\n}\n.flex_column.av-2p8j5-74996918a19b639703d2c00706163df4{\nwidth:58.8%;\nmargin-left:0;\n}\n#top .flex_column_table.av-equal-height-column-flextable.av-2p8j5-74996918a19b639703d2c00706163df4 .av-flex-placeholder{\nwidth:3%;\n}\n<\/style>\n<div  class='flex_column av-2p8j5-74996918a19b639703d2c00706163df4 av_three_fifth  avia-builder-el-7  el_after_av_two_fifth  el_before_av_one_fifth  flex_column_table_cell av-equal-height-column av-align-middle  column-top-margin'     ><style type=\"text\/css\" data-created_by=\"avia_inline_auto\" id=\"style-css-av-m411z7yu-4f3e7745587ecf43f263397bbed7df5a\">\n.avia-image-container.av-m411z7yu-4f3e7745587ecf43f263397bbed7df5a img.avia_image{\nbox-shadow:none;\n}\n.avia-image-container.av-m411z7yu-4f3e7745587ecf43f263397bbed7df5a .av-image-caption-overlay-center{\ncolor:#ffffff;\n}\n<\/style>\n<div  class='avia-image-container av-m411z7yu-4f3e7745587ecf43f263397bbed7df5a av-styling-no-styling avia-align-center  avia-builder-el-8  avia-builder-el-no-sibling  split-foto-rechts'   itemprop=\"image\" itemscope=\"itemscope\" itemtype=\"https:\/\/schema.org\/ImageObject\" ><div class=\"avia-image-container-inner\"><div class=\"avia-image-overlay-wrap\"><img decoding=\"async\" fetchpriority=\"high\" class='wp-image-403 avia-img-lazy-loading-not-403 avia_image' src=\"https:\/\/www.lafecollection.nl\/wp-content\/uploads\/2024\/12\/op-maat-gemaakte-lampen.jpg\" alt='' title='lampes sur mesure'  height=\"972\" width=\"1505\"  itemprop=\"thumbnailUrl\" srcset=\"https:\/\/www.lafecollection.nl\/wp-content\/uploads\/2024\/12\/op-maat-gemaakte-lampen.jpg 1505w, https:\/\/www.lafecollection.nl\/wp-content\/uploads\/2024\/12\/op-maat-gemaakte-lampen-300x194.jpg 300w, https:\/\/www.lafecollection.nl\/wp-content\/uploads\/2024\/12\/op-maat-gemaakte-lampen-1030x665.jpg 1030w, https:\/\/www.lafecollection.nl\/wp-content\/uploads\/2024\/12\/op-maat-gemaakte-lampen-768x496.jpg 768w, https:\/\/www.lafecollection.nl\/wp-content\/uploads\/2024\/12\/op-maat-gemaakte-lampen-1500x969.jpg 1500w, https:\/\/www.lafecollection.nl\/wp-content\/uploads\/2024\/12\/op-maat-gemaakte-lampen-705x455.jpg 705w, https:\/\/www.lafecollection.nl\/wp-content\/uploads\/2024\/12\/op-maat-gemaakte-lampen-450x291.jpg 450w, https:\/\/www.lafecollection.nl\/wp-content\/uploads\/2024\/12\/op-maat-gemaakte-lampen-600x388.jpg 600w\" sizes=\"(max-width: 1505px) 100vw, 1505px\" \/><\/div><\/div><\/div><\/div><\/div><!--close column table wrapper. Autoclose: 1 --><div  class='flex_column av-1yvdp-e7edbd1dd435c274355defe21d6a0e49 av_one_fifth  avia-builder-el-9  el_after_av_three_fifth  el_before_av_three_fifth  first flex_column_div'     ><\/div><div  class='flex_column av-1ni75-631760afe837e12a1ed05ba20d85ab23 av_three_fifth  avia-builder-el-10  el_after_av_one_fifth  el_before_av_one_fifth  flex_column_div'     ><p>\n<style type=\"text\/css\" data-created_by=\"avia_inline_auto\" id=\"style-css-av-m4137y3m-2f1a37f52c79728ed55edf4037866889\">\n#top .hr.hr-invisible.av-m4137y3m-2f1a37f52c79728ed55edf4037866889{\nheight:35px;\n}\n<\/style>\n<div  class='hr av-m4137y3m-2f1a37f52c79728ed55edf4037866889 hr-invisible  avia-builder-el-11  el_before_av_textblock  avia-builder-el-first'><span class='hr-inner'><span class=\"hr-inner-style\"><\/span><\/span><\/div><br \/>\n<section  class='av_textblock_section av-m4136t25-9ee714ae3d0d2a74b584917e80fa5a8b'   itemscope=\"itemscope\" itemtype=\"https:\/\/schema.org\/CreativeWork\" ><div class='avia_textblock'  itemprop=\"text\" ><p><img loading=\"lazy\" decoding=\"async\" class=\"wp-image-123 aligncenter\" src=\"https:\/\/www.lafecollection.nl\/wp-content\/uploads\/2024\/11\/La-fe-Icon.png\" alt=\"\" width=\"120\" height=\"121\" srcset=\"https:\/\/www.lafecollection.nl\/wp-content\/uploads\/2024\/11\/La-fe-Icon.png 239w, https:\/\/www.lafecollection.nl\/wp-content\/uploads\/2024\/11\/La-fe-Icon-80x80.png 80w, https:\/\/www.lafecollection.nl\/wp-content\/uploads\/2024\/11\/La-fe-Icon-36x36.png 36w, https:\/\/www.lafecollection.nl\/wp-content\/uploads\/2024\/11\/La-fe-Icon-180x180.png 180w, https:\/\/www.lafecollection.nl\/wp-content\/uploads\/2024\/11\/La-fe-Icon-120x120.png 120w, https:\/\/www.lafecollection.nl\/wp-content\/uploads\/2024\/11\/La-fe-Icon-100x100.png 100w\" sizes=\"auto, (max-width: 120px) 100vw, 120px\" \/><\/p>\n<\/div><\/section><\/p><\/div><div  class='flex_column av-xwo5-a655d9682dbee128d07f5cba2c7c2cf0 av_one_fifth  avia-builder-el-13  el_after_av_three_fifth  avia-builder-el-last  flex_column_div'     ><\/div>","protected":false},"excerpt":{"rendered":"","protected":false},"author":1,"featured_media":0,"parent":0,"menu_order":0,"comment_status":"closed","ping_status":"closed","template":"","meta":{"_acf_changed":false,"footnotes":""},"class_list":["post-89","page","type-page","status-publish","hentry"],"acf":[],"_links":{"self":[{"href":"https:\/\/www.lafecollection.nl\/fr\/wp-json\/wp\/v2\/pages\/89","targetHints":{"allow":["GET"]}}],"collection":[{"href":"https:\/\/www.lafecollection.nl\/fr\/wp-json\/wp\/v2\/pages"}],"about":[{"href":"https:\/\/www.lafecollection.nl\/fr\/wp-json\/wp\/v2\/types\/page"}],"author":[{"embeddable":true,"href":"https:\/\/www.lafecollection.nl\/fr\/wp-json\/wp\/v2\/users\/1"}],"replies":[{"embeddable":true,"href":"https:\/\/www.lafecollection.nl\/fr\/wp-json\/wp\/v2\/comments?post=89"}],"version-history":[{"count":41,"href":"https:\/\/www.lafecollection.nl\/fr\/wp-json\/wp\/v2\/pages\/89\/revisions"}],"predecessor-version":[{"id":1788,"href":"https:\/\/www.lafecollection.nl\/fr\/wp-json\/wp\/v2\/pages\/89\/revisions\/1788"}],"wp:attachment":[{"href":"https:\/\/www.lafecollection.nl\/fr\/wp-json\/wp\/v2\/media?parent=89"}],"curies":[{"name":"wp","href":"https:\/\/api.w.org\/{rel}","templated":true}]}}