{"id":1029,"date":"2025-03-29T19:56:49","date_gmt":"2025-03-29T18:56:49","guid":{"rendered":"https:\/\/lafe.bonsaidev.nl\/?post_type=product&#038;p=1029"},"modified":"2025-04-07T17:05:43","modified_gmt":"2025-04-07T15:05:43","slug":"mees","status":"publish","type":"product","link":"https:\/\/www.lafecollection.nl\/fr\/product\/mees\/","title":{"rendered":"Mees"},"content":{"rendered":"<p>Ce pied de lampe en c\u00e9ramique, avec ses formes ondul\u00e9es et sa belle gla\u00e7ure dans des tons chauds de rouge et de doux accents bleu-vert, est un v\u00e9ritable accroche-regard.<\/p>\n<p>La lampe est compl\u00e9t\u00e9e par un abat-jour chic aux subtils reflets dor\u00e9s, qui lui conf\u00e8re un aspect chaleureux et luxueux.<\/p>","protected":false},"excerpt":{"rendered":"<p>Deze keramieken lampenvoet, met zijn golvende vormen en prachtige glazuur in warme roodtinten en zachte blauwgroene accenten, is een echte blikvanger. De lamp wordt compleet gemaakt door een chique kap met een subtiele gouden glans, die zorgt voor een warme en luxe uitstraling.<\/p>","protected":false},"featured_media":1058,"template":"","meta":{"_acf_changed":false},"thema":[75],"product_brand":[],"product_cat":[76],"product_tag":[],"class_list":{"0":"post-1029","1":"product","2":"type-product","3":"status-publish","4":"has-post-thumbnail","6":"thema-la-fe-collection","7":"product_cat-la-fe-collection","9":"first","10":"instock","11":"taxable","12":"shipping-taxable","13":"purchasable","14":"product-type-simple"},"bundled_by":[],"bundle_stock_status":"instock","bundle_stock_quantity":1,"bundle_virtual":false,"bundle_layout":"","bundle_add_to_cart_form_location":"","bundle_editable_in_cart":false,"bundle_sold_individually_context":"","bundle_item_grouping":"","bundle_min_size":"","bundle_max_size":"","bundle_price":[],"bundled_items":[],"bundle_sell_ids":[],"acf":[],"_links":{"self":[{"href":"https:\/\/www.lafecollection.nl\/fr\/wp-json\/wp\/v2\/product\/1029","targetHints":{"allow":["GET"]}}],"collection":[{"href":"https:\/\/www.lafecollection.nl\/fr\/wp-json\/wp\/v2\/product"}],"about":[{"href":"https:\/\/www.lafecollection.nl\/fr\/wp-json\/wp\/v2\/types\/product"}],"wp:featuredmedia":[{"embeddable":true,"href":"https:\/\/www.lafecollection.nl\/fr\/wp-json\/wp\/v2\/media\/1058"}],"wp:attachment":[{"href":"https:\/\/www.lafecollection.nl\/fr\/wp-json\/wp\/v2\/media?parent=1029"}],"wp:term":[{"taxonomy":"thema","embeddable":true,"href":"https:\/\/www.lafecollection.nl\/fr\/wp-json\/wp\/v2\/thema?post=1029"},{"taxonomy":"product_brand","embeddable":true,"href":"https:\/\/www.lafecollection.nl\/fr\/wp-json\/wp\/v2\/product_brand?post=1029"},{"taxonomy":"product_cat","embeddable":true,"href":"https:\/\/www.lafecollection.nl\/fr\/wp-json\/wp\/v2\/product_cat?post=1029"},{"taxonomy":"product_tag","embeddable":true,"href":"https:\/\/www.lafecollection.nl\/fr\/wp-json\/wp\/v2\/product_tag?post=1029"}],"curies":[{"name":"wp","href":"https:\/\/api.w.org\/{rel}","templated":true}]}}