{"id":1066,"date":"2025-04-01T14:21:39","date_gmt":"2025-04-01T12:21:39","guid":{"rendered":"https:\/\/lafe.bonsaidev.nl\/?post_type=product&#038;p=1066"},"modified":"2025-04-17T17:47:14","modified_gmt":"2025-04-17T15:47:14","slug":"soleil","status":"publish","type":"product","link":"https:\/\/www.lafecollection.nl\/fr\/product\/sun\/","title":{"rendered":"Soleil"},"content":{"rendered":"<p>Cette magnifique lampe d\u00e9gage chaleur et luxe gr\u00e2ce \u00e0 sa base en c\u00e9ramique d'un vert fonc\u00e9 profond et d'un jaune ocre riche.<\/p>\n<p>La teinte dans les tons de vert avec un subtil reflet argent\u00e9 ajoute une touche de sophistication et capte la lumi\u00e8re d'une mani\u00e8re enchanteresse.<\/p>\n<p>Un accroche-regard attrayant pour tout int\u00e9rieur<\/p>","protected":false},"excerpt":{"rendered":"<p>Deze prachtige lamp straalt warmte en luxe uit met zijn keramische voet in diep donkergroen en rijk okergeel. De kap in groene tinten met een subtiele zilveren glans voegt een vleugje verfijning toe en vangt het licht op een betoverende manier. Een sfeervolle eyecatcher voor elk interieur<\/p>","protected":false},"featured_media":1057,"template":"","meta":{"_acf_changed":false},"thema":[75],"product_brand":[],"product_cat":[76],"product_tag":[],"class_list":{"0":"post-1066","1":"product","2":"type-product","3":"status-publish","4":"has-post-thumbnail","6":"thema-la-fe-collection","7":"product_cat-la-fe-collection","9":"first","10":"outofstock","11":"taxable","12":"shipping-taxable","13":"purchasable","14":"product-type-simple"},"bundled_by":[],"bundle_stock_status":"outofstock","bundle_stock_quantity":0,"bundle_virtual":false,"bundle_layout":"","bundle_add_to_cart_form_location":"","bundle_editable_in_cart":false,"bundle_sold_individually_context":"","bundle_item_grouping":"","bundle_min_size":"","bundle_max_size":"","bundle_price":[],"bundled_items":[],"bundle_sell_ids":[],"acf":[],"_links":{"self":[{"href":"https:\/\/www.lafecollection.nl\/fr\/wp-json\/wp\/v2\/product\/1066","targetHints":{"allow":["GET"]}}],"collection":[{"href":"https:\/\/www.lafecollection.nl\/fr\/wp-json\/wp\/v2\/product"}],"about":[{"href":"https:\/\/www.lafecollection.nl\/fr\/wp-json\/wp\/v2\/types\/product"}],"wp:featuredmedia":[{"embeddable":true,"href":"https:\/\/www.lafecollection.nl\/fr\/wp-json\/wp\/v2\/media\/1057"}],"wp:attachment":[{"href":"https:\/\/www.lafecollection.nl\/fr\/wp-json\/wp\/v2\/media?parent=1066"}],"wp:term":[{"taxonomy":"thema","embeddable":true,"href":"https:\/\/www.lafecollection.nl\/fr\/wp-json\/wp\/v2\/thema?post=1066"},{"taxonomy":"product_brand","embeddable":true,"href":"https:\/\/www.lafecollection.nl\/fr\/wp-json\/wp\/v2\/product_brand?post=1066"},{"taxonomy":"product_cat","embeddable":true,"href":"https:\/\/www.lafecollection.nl\/fr\/wp-json\/wp\/v2\/product_cat?post=1066"},{"taxonomy":"product_tag","embeddable":true,"href":"https:\/\/www.lafecollection.nl\/fr\/wp-json\/wp\/v2\/product_tag?post=1066"}],"curies":[{"name":"wp","href":"https:\/\/api.w.org\/{rel}","templated":true}]}}