{"id":1069,"date":"2025-04-01T14:29:10","date_gmt":"2025-04-01T12:29:10","guid":{"rendered":"https:\/\/lafe.bonsaidev.nl\/?post_type=product&#038;p=1069"},"modified":"2025-04-14T09:11:41","modified_gmt":"2025-04-14T07:11:41","slug":"marguerite","status":"publish","type":"product","link":"https:\/\/www.lafecollection.nl\/fr\/product\/madelief\/","title":{"rendered":"Marguerite"},"content":{"rendered":"<p>Cette lampe de caract\u00e8re combine une base en c\u00e9ramique aux tons bruns profonds et aux accents rouges chauds avec un \u00e9l\u00e9gant abat-jour en lin. Le d\u00e9tail subtil de la sangle ajoute une touche ludique.<\/p>\n<p>Un cr\u00e9ateur d'ambiance qui s'impose d'embl\u00e9e.<\/p>","protected":false},"excerpt":{"rendered":"<p>Deze karaktervolle lamp combineert een keramische voet met diepe bruintinten en warme roodaccenten met een elegante linnen kap. Het subtiele banddetail voegt een speelse touch toe. Een sfeermaker die direct een statement maakt.<\/p>","protected":false},"featured_media":1070,"template":"","meta":{"_acf_changed":false},"thema":[75],"product_brand":[],"product_cat":[76],"product_tag":[],"class_list":{"0":"post-1069","1":"product","2":"type-product","3":"status-publish","4":"has-post-thumbnail","6":"thema-la-fe-collection","7":"product_cat-la-fe-collection","9":"first","10":"instock","11":"taxable","12":"shipping-taxable","13":"purchasable","14":"product-type-simple"},"bundled_by":[],"bundle_stock_status":"instock","bundle_stock_quantity":1,"bundle_virtual":false,"bundle_layout":"","bundle_add_to_cart_form_location":"","bundle_editable_in_cart":false,"bundle_sold_individually_context":"","bundle_item_grouping":"","bundle_min_size":"","bundle_max_size":"","bundle_price":[],"bundled_items":[],"bundle_sell_ids":[],"acf":[],"_links":{"self":[{"href":"https:\/\/www.lafecollection.nl\/fr\/wp-json\/wp\/v2\/product\/1069","targetHints":{"allow":["GET"]}}],"collection":[{"href":"https:\/\/www.lafecollection.nl\/fr\/wp-json\/wp\/v2\/product"}],"about":[{"href":"https:\/\/www.lafecollection.nl\/fr\/wp-json\/wp\/v2\/types\/product"}],"wp:featuredmedia":[{"embeddable":true,"href":"https:\/\/www.lafecollection.nl\/fr\/wp-json\/wp\/v2\/media\/1070"}],"wp:attachment":[{"href":"https:\/\/www.lafecollection.nl\/fr\/wp-json\/wp\/v2\/media?parent=1069"}],"wp:term":[{"taxonomy":"thema","embeddable":true,"href":"https:\/\/www.lafecollection.nl\/fr\/wp-json\/wp\/v2\/thema?post=1069"},{"taxonomy":"product_brand","embeddable":true,"href":"https:\/\/www.lafecollection.nl\/fr\/wp-json\/wp\/v2\/product_brand?post=1069"},{"taxonomy":"product_cat","embeddable":true,"href":"https:\/\/www.lafecollection.nl\/fr\/wp-json\/wp\/v2\/product_cat?post=1069"},{"taxonomy":"product_tag","embeddable":true,"href":"https:\/\/www.lafecollection.nl\/fr\/wp-json\/wp\/v2\/product_tag?post=1069"}],"curies":[{"name":"wp","href":"https:\/\/api.w.org\/{rel}","templated":true}]}}