{"id":1133,"date":"2025-04-02T10:51:40","date_gmt":"2025-04-02T08:51:40","guid":{"rendered":"https:\/\/lafe.bonsaidev.nl\/?post_type=product&#038;p=1133"},"modified":"2025-04-07T17:05:43","modified_gmt":"2025-04-07T15:05:43","slug":"nele","status":"publish","type":"product","link":"https:\/\/www.lafecollection.nl\/fr\/product\/nele\/","title":{"rendered":"Nele"},"content":{"rendered":"<p>Le socle de la lampe, de couleur dor\u00e9e et fabriqu\u00e9 \u00e0 la main, pr\u00e9sente une texture subtile qui refl\u00e8te magnifiquement la lumi\u00e8re.<\/p>\n<p>Associ\u00e9e \u00e0 l'abat-jour chic au motif ludique rehauss\u00e9 d'or, cette lampe respire la chaleur et le luxe.<\/p>","protected":false},"excerpt":{"rendered":"<p>De goudkleurige, met de hand bewerkte lampenvoet heeft een subtiele textuur die het licht prachtig weerspiegelt. Gecombineerd met de chique lampenkap met een speels, goudaccent patroon, straalt deze lamp warmte en luxe uit.<\/p>","protected":false},"featured_media":1155,"template":"","meta":{"_acf_changed":false},"thema":[75],"product_brand":[],"product_cat":[76],"product_tag":[],"class_list":{"0":"post-1133","1":"product","2":"type-product","3":"status-publish","4":"has-post-thumbnail","6":"thema-la-fe-collection","7":"product_cat-la-fe-collection","9":"first","10":"instock","11":"taxable","12":"shipping-taxable","13":"purchasable","14":"product-type-simple"},"bundled_by":[],"bundle_stock_status":"instock","bundle_stock_quantity":1,"bundle_virtual":false,"bundle_layout":"","bundle_add_to_cart_form_location":"","bundle_editable_in_cart":false,"bundle_sold_individually_context":"","bundle_item_grouping":"","bundle_min_size":"","bundle_max_size":"","bundle_price":[],"bundled_items":[],"bundle_sell_ids":[],"acf":[],"_links":{"self":[{"href":"https:\/\/www.lafecollection.nl\/fr\/wp-json\/wp\/v2\/product\/1133","targetHints":{"allow":["GET"]}}],"collection":[{"href":"https:\/\/www.lafecollection.nl\/fr\/wp-json\/wp\/v2\/product"}],"about":[{"href":"https:\/\/www.lafecollection.nl\/fr\/wp-json\/wp\/v2\/types\/product"}],"wp:featuredmedia":[{"embeddable":true,"href":"https:\/\/www.lafecollection.nl\/fr\/wp-json\/wp\/v2\/media\/1155"}],"wp:attachment":[{"href":"https:\/\/www.lafecollection.nl\/fr\/wp-json\/wp\/v2\/media?parent=1133"}],"wp:term":[{"taxonomy":"thema","embeddable":true,"href":"https:\/\/www.lafecollection.nl\/fr\/wp-json\/wp\/v2\/thema?post=1133"},{"taxonomy":"product_brand","embeddable":true,"href":"https:\/\/www.lafecollection.nl\/fr\/wp-json\/wp\/v2\/product_brand?post=1133"},{"taxonomy":"product_cat","embeddable":true,"href":"https:\/\/www.lafecollection.nl\/fr\/wp-json\/wp\/v2\/product_cat?post=1133"},{"taxonomy":"product_tag","embeddable":true,"href":"https:\/\/www.lafecollection.nl\/fr\/wp-json\/wp\/v2\/product_tag?post=1133"}],"curies":[{"name":"wp","href":"https:\/\/api.w.org\/{rel}","templated":true}]}}