{"id":1135,"date":"2025-04-02T14:08:03","date_gmt":"2025-04-02T12:08:03","guid":{"rendered":"https:\/\/lafe.bonsaidev.nl\/?post_type=product&#038;p=1135"},"modified":"2025-06-03T12:21:49","modified_gmt":"2025-06-03T10:21:49","slug":"merle","status":"publish","type":"product","link":"https:\/\/www.lafecollection.nl\/fr\/product\/merel\/","title":{"rendered":"Merel"},"content":{"rendered":"<p>Cette lampe unique combine une magnifique base en c\u00e9ramique avec de d\u00e9licats d\u00e9tails en relief et une patine verte profonde pour un look enchanteur.<\/p>\n<p>L'abat-jour \u00e9tincelant aux accents m\u00e9talliques subtils ajoute une touche de luxe.<\/p>","protected":false},"excerpt":{"rendered":"<p>Deze unieke lamp combineert een prachtige keramische voet met verfijnde reli\u00ebfdetails en een diep groene patina voor een betoverende uitstraling. De sprankelende lampenkap met subtiele metallic accenten voegt een vleugje luxe toe.<\/p>","protected":false},"featured_media":1157,"template":"","meta":{"_acf_changed":false},"thema":[75],"product_brand":[],"product_cat":[76],"product_tag":[],"class_list":{"0":"post-1135","1":"product","2":"type-product","3":"status-publish","4":"has-post-thumbnail","6":"thema-la-fe-collection","7":"product_cat-la-fe-collection","9":"first","10":"outofstock","11":"taxable","12":"shipping-taxable","13":"purchasable","14":"product-type-simple"},"bundled_by":[],"bundle_stock_status":"outofstock","bundle_stock_quantity":0,"bundle_virtual":false,"bundle_layout":"","bundle_add_to_cart_form_location":"","bundle_editable_in_cart":false,"bundle_sold_individually_context":"","bundle_item_grouping":"","bundle_min_size":"","bundle_max_size":"","bundle_price":[],"bundled_items":[],"bundle_sell_ids":[],"acf":[],"_links":{"self":[{"href":"https:\/\/www.lafecollection.nl\/fr\/wp-json\/wp\/v2\/product\/1135","targetHints":{"allow":["GET"]}}],"collection":[{"href":"https:\/\/www.lafecollection.nl\/fr\/wp-json\/wp\/v2\/product"}],"about":[{"href":"https:\/\/www.lafecollection.nl\/fr\/wp-json\/wp\/v2\/types\/product"}],"wp:featuredmedia":[{"embeddable":true,"href":"https:\/\/www.lafecollection.nl\/fr\/wp-json\/wp\/v2\/media\/1157"}],"wp:attachment":[{"href":"https:\/\/www.lafecollection.nl\/fr\/wp-json\/wp\/v2\/media?parent=1135"}],"wp:term":[{"taxonomy":"thema","embeddable":true,"href":"https:\/\/www.lafecollection.nl\/fr\/wp-json\/wp\/v2\/thema?post=1135"},{"taxonomy":"product_brand","embeddable":true,"href":"https:\/\/www.lafecollection.nl\/fr\/wp-json\/wp\/v2\/product_brand?post=1135"},{"taxonomy":"product_cat","embeddable":true,"href":"https:\/\/www.lafecollection.nl\/fr\/wp-json\/wp\/v2\/product_cat?post=1135"},{"taxonomy":"product_tag","embeddable":true,"href":"https:\/\/www.lafecollection.nl\/fr\/wp-json\/wp\/v2\/product_tag?post=1135"}],"curies":[{"name":"wp","href":"https:\/\/api.w.org\/{rel}","templated":true}]}}