{"id":1296,"date":"2025-05-26T20:24:55","date_gmt":"2025-05-26T18:24:55","guid":{"rendered":"https:\/\/www.lafecollection.nl\/?post_type=product&#038;p=1296"},"modified":"2025-05-26T20:42:55","modified_gmt":"2025-05-26T18:42:55","slug":"maya","status":"publish","type":"product","link":"https:\/\/www.lafecollection.nl\/fr\/product\/maya\/","title":{"rendered":"Maya"},"content":{"rendered":"<p>Cette lampe de table tropicale fabriqu\u00e9e \u00e0 la main attire l'attention avec sa base en forme de palmier et son imprim\u00e9 l\u00e9opard.<\/p>\n<p>Sans fil, excentrique et pr\u00eat pour les douces nuits d'\u00e9t\u00e9.<\/p>\n<p>Gr\u00e2ce \u00e0 sa conception sans fil, vous pouvez facilement emporter la lumi\u00e8re \u00e0 l'ext\u00e9rieur, parfaite pour la table de votre cuisine ext\u00e9rieure, sur une terrasse couverte ou pendant les belles soir\u00e9es d'\u00e9t\u00e9 dans le jardin.<\/p>\n<p>Aucune prise de courant n'est n\u00e9cessaire, il suffit de l'allumer et d'en profiter.<\/p>\n<p>Une touche de Sri Lanka dans votre jardin.<\/p>","protected":false},"excerpt":{"rendered":"<p>Note : Vous n'achetez ici que la lampe compl\u00e8te, pas les accessoires.<\/p>","protected":false},"featured_media":1297,"template":"","meta":{"_acf_changed":false},"thema":[47],"product_brand":[],"product_cat":[15,76],"product_tag":[],"class_list":{"0":"post-1296","1":"product","2":"type-product","3":"status-publish","4":"has-post-thumbnail","6":"thema-medium-magic","7":"product_cat-complete-sets","8":"product_cat-la-fe-collection","10":"first","11":"instock","12":"taxable","13":"shipping-taxable","14":"purchasable","15":"product-type-simple"},"bundled_by":[],"bundle_stock_status":"instock","bundle_stock_quantity":2,"bundle_virtual":false,"bundle_layout":"","bundle_add_to_cart_form_location":"","bundle_editable_in_cart":false,"bundle_sold_individually_context":"","bundle_item_grouping":"","bundle_min_size":"","bundle_max_size":"","bundle_price":[],"bundled_items":[],"bundle_sell_ids":[],"acf":[],"_links":{"self":[{"href":"https:\/\/www.lafecollection.nl\/fr\/wp-json\/wp\/v2\/product\/1296","targetHints":{"allow":["GET"]}}],"collection":[{"href":"https:\/\/www.lafecollection.nl\/fr\/wp-json\/wp\/v2\/product"}],"about":[{"href":"https:\/\/www.lafecollection.nl\/fr\/wp-json\/wp\/v2\/types\/product"}],"wp:featuredmedia":[{"embeddable":true,"href":"https:\/\/www.lafecollection.nl\/fr\/wp-json\/wp\/v2\/media\/1297"}],"wp:attachment":[{"href":"https:\/\/www.lafecollection.nl\/fr\/wp-json\/wp\/v2\/media?parent=1296"}],"wp:term":[{"taxonomy":"thema","embeddable":true,"href":"https:\/\/www.lafecollection.nl\/fr\/wp-json\/wp\/v2\/thema?post=1296"},{"taxonomy":"product_brand","embeddable":true,"href":"https:\/\/www.lafecollection.nl\/fr\/wp-json\/wp\/v2\/product_brand?post=1296"},{"taxonomy":"product_cat","embeddable":true,"href":"https:\/\/www.lafecollection.nl\/fr\/wp-json\/wp\/v2\/product_cat?post=1296"},{"taxonomy":"product_tag","embeddable":true,"href":"https:\/\/www.lafecollection.nl\/fr\/wp-json\/wp\/v2\/product_tag?post=1296"}],"curies":[{"name":"wp","href":"https:\/\/api.w.org\/{rel}","templated":true}]}}