{"id":1319,"date":"2025-06-11T13:28:31","date_gmt":"2025-06-11T11:28:31","guid":{"rendered":"https:\/\/www.lafecollection.nl\/?post_type=product&#038;p=1319"},"modified":"2025-06-11T13:28:31","modified_gmt":"2025-06-11T11:28:31","slug":"cleo","status":"publish","type":"product","link":"https:\/\/www.lafecollection.nl\/fr\/product\/cleo\/","title":{"rendered":"Cl\u00e9o"},"content":{"rendered":"<p>Apportez de la chaleur et du caract\u00e8re \u00e0 votre int\u00e9rieur avec cette lampe de table unique La F\u00e9.<\/p>\n<p>La base peinte \u00e0 la main dans des tons roses doux est d\u00e9cor\u00e9e de motifs floraux vibrants en rouge et en vert, avec un clin d'\u0153il \u00e0 la gaiet\u00e9 tropicale.<\/p>\n<p>L'abat-jour aux teintes rouge fonc\u00e9 et orange apporte une lumi\u00e8re \u00e9l\u00e9gante et atmosph\u00e9rique.<\/p>","protected":false},"excerpt":{"rendered":"<p>Breng warmte en karakter in je interieur met deze unieke La F\u00e9 tafellamp. De handbeschilderde voet in zachte roze tinten is versierd met levendige bloemenmotieven in rood en groen, met een\u00a0 knipoog naar tropische vrolijkheid. De lampenkap in diep rood en oranje tinten geeft een stijlvolle, sfeervolle gloed.<\/p>","protected":false},"featured_media":1267,"template":"","meta":{"_acf_changed":false},"thema":[75,47],"product_brand":[],"product_cat":[15],"product_tag":[],"class_list":{"0":"post-1319","1":"product","2":"type-product","3":"status-publish","4":"has-post-thumbnail","6":"thema-la-fe-collection","7":"thema-medium-magic","8":"product_cat-complete-sets","10":"first","11":"instock","12":"taxable","13":"shipping-taxable","14":"purchasable","15":"product-type-simple"},"bundled_by":[],"bundle_stock_status":"instock","bundle_stock_quantity":1,"bundle_virtual":false,"bundle_layout":"","bundle_add_to_cart_form_location":"","bundle_editable_in_cart":false,"bundle_sold_individually_context":"","bundle_item_grouping":"","bundle_min_size":"","bundle_max_size":"","bundle_price":[],"bundled_items":[],"bundle_sell_ids":[],"acf":[],"_links":{"self":[{"href":"https:\/\/www.lafecollection.nl\/fr\/wp-json\/wp\/v2\/product\/1319","targetHints":{"allow":["GET"]}}],"collection":[{"href":"https:\/\/www.lafecollection.nl\/fr\/wp-json\/wp\/v2\/product"}],"about":[{"href":"https:\/\/www.lafecollection.nl\/fr\/wp-json\/wp\/v2\/types\/product"}],"wp:featuredmedia":[{"embeddable":true,"href":"https:\/\/www.lafecollection.nl\/fr\/wp-json\/wp\/v2\/media\/1267"}],"wp:attachment":[{"href":"https:\/\/www.lafecollection.nl\/fr\/wp-json\/wp\/v2\/media?parent=1319"}],"wp:term":[{"taxonomy":"thema","embeddable":true,"href":"https:\/\/www.lafecollection.nl\/fr\/wp-json\/wp\/v2\/thema?post=1319"},{"taxonomy":"product_brand","embeddable":true,"href":"https:\/\/www.lafecollection.nl\/fr\/wp-json\/wp\/v2\/product_brand?post=1319"},{"taxonomy":"product_cat","embeddable":true,"href":"https:\/\/www.lafecollection.nl\/fr\/wp-json\/wp\/v2\/product_cat?post=1319"},{"taxonomy":"product_tag","embeddable":true,"href":"https:\/\/www.lafecollection.nl\/fr\/wp-json\/wp\/v2\/product_tag?post=1319"}],"curies":[{"name":"wp","href":"https:\/\/api.w.org\/{rel}","templated":true}]}}