{"id":1362,"date":"2025-07-16T20:28:02","date_gmt":"2025-07-16T18:28:02","guid":{"rendered":"https:\/\/www.lafecollection.nl\/?post_type=product&#038;p=1362"},"modified":"2025-08-12T19:51:50","modified_gmt":"2025-08-12T17:51:50","slug":"rosie","status":"publish","type":"product","link":"https:\/\/www.lafecollection.nl\/fr\/product\/rosie\/","title":{"rendered":"Rosie"},"content":{"rendered":"<p>Avec sa teinte rose p\u00e2le, ses franges bleues subtiles et sa base en bambou tress\u00e9 orn\u00e9e de fleurs en coquillage, Rosie est un v\u00e9ritable cr\u00e9ateur d'ambiance. Fabriqu\u00e9e \u00e0 la main avec amour et dans le souci du d\u00e9tail, elle apporte une touche tropicale \u00e0 n'importe quelle pi\u00e8ce.<\/p>\n<p data-start=\"430\" data-end=\"460\">","protected":false},"excerpt":{"rendered":"<p>Avec sa teinte rose p\u00e2le, ses franges bleues subtiles et sa base en bambou tress\u00e9 orn\u00e9e de fleurs en coquillage, Rosie est un v\u00e9ritable cr\u00e9ateur d'ambiance. Fabriqu\u00e9e \u00e0 la main avec amour et dans le souci du d\u00e9tail, elle apporte une touche tropicale \u00e0 n'importe quelle pi\u00e8ce.<\/p>","protected":false},"featured_media":1364,"template":"","meta":{"_acf_changed":false},"thema":[75,47],"product_brand":[],"product_cat":[15,76],"product_tag":[],"class_list":{"0":"post-1362","1":"product","2":"type-product","3":"status-publish","4":"has-post-thumbnail","6":"thema-la-fe-collection","7":"thema-medium-magic","8":"product_cat-complete-sets","9":"product_cat-la-fe-collection","11":"first","12":"instock","13":"taxable","14":"shipping-taxable","15":"purchasable","16":"product-type-simple"},"bundled_by":[],"bundle_stock_status":"instock","bundle_stock_quantity":1,"bundle_virtual":false,"bundle_layout":"","bundle_add_to_cart_form_location":"","bundle_editable_in_cart":false,"bundle_sold_individually_context":"","bundle_item_grouping":"","bundle_min_size":"","bundle_max_size":"","bundle_price":[],"bundled_items":[],"bundle_sell_ids":[],"acf":[],"_links":{"self":[{"href":"https:\/\/www.lafecollection.nl\/fr\/wp-json\/wp\/v2\/product\/1362","targetHints":{"allow":["GET"]}}],"collection":[{"href":"https:\/\/www.lafecollection.nl\/fr\/wp-json\/wp\/v2\/product"}],"about":[{"href":"https:\/\/www.lafecollection.nl\/fr\/wp-json\/wp\/v2\/types\/product"}],"wp:featuredmedia":[{"embeddable":true,"href":"https:\/\/www.lafecollection.nl\/fr\/wp-json\/wp\/v2\/media\/1364"}],"wp:attachment":[{"href":"https:\/\/www.lafecollection.nl\/fr\/wp-json\/wp\/v2\/media?parent=1362"}],"wp:term":[{"taxonomy":"thema","embeddable":true,"href":"https:\/\/www.lafecollection.nl\/fr\/wp-json\/wp\/v2\/thema?post=1362"},{"taxonomy":"product_brand","embeddable":true,"href":"https:\/\/www.lafecollection.nl\/fr\/wp-json\/wp\/v2\/product_brand?post=1362"},{"taxonomy":"product_cat","embeddable":true,"href":"https:\/\/www.lafecollection.nl\/fr\/wp-json\/wp\/v2\/product_cat?post=1362"},{"taxonomy":"product_tag","embeddable":true,"href":"https:\/\/www.lafecollection.nl\/fr\/wp-json\/wp\/v2\/product_tag?post=1362"}],"curies":[{"name":"wp","href":"https:\/\/api.w.org\/{rel}","templated":true}]}}