{"id":1382,"date":"2025-07-19T17:14:55","date_gmt":"2025-07-19T15:14:55","guid":{"rendered":"https:\/\/www.lafecollection.nl\/?post_type=product&#038;p=1382"},"modified":"2025-07-19T17:14:55","modified_gmt":"2025-07-19T15:14:55","slug":"lyo","status":"publish","type":"product","link":"https:\/\/www.lafecollection.nl\/fr\/product\/lyo\/","title":{"rendered":"Lyo"},"content":{"rendered":"<p>L'applique murale Lyo est un \u00e9l\u00e9gant cr\u00e9ateur d'ambiance, recouvert d'un papier peint exclusif de Karin Sajo. La texture subtile et les couleurs sophistiqu\u00e9es cr\u00e9ent un look calme et \u00e9l\u00e9gant qui s'int\u00e8gre parfaitement dans les int\u00e9rieurs chaleureux et personnels. Chaque lampe est fabriqu\u00e9e \u00e0 la main et a du caract\u00e8re.<\/p>\n<p>Si vous souhaitez un passepoil d'une autre couleur, demandez-nous les options.<\/p>","protected":false},"excerpt":{"rendered":"<p>Wandlamp Lyo is een elegante sfeermaker, bekleed met exclusief designerbehang van Karin Sajo. De subtiele structuur en verfijnde kleuren zorgen voor een rustige, stijlvolle uitstraling die perfect past in een warm en persoonlijk interieur. Elk exemplaar is met de hand gemaakt en straalt karakter uit. Graag een ander kleur biesje, vraag naar de mogelijkheden.<\/p>","protected":false},"featured_media":1383,"template":"","meta":{"_acf_changed":false},"thema":[75,23,96],"product_brand":[],"product_cat":[76,95],"product_tag":[],"class_list":{"0":"post-1382","1":"product","2":"type-product","3":"status-publish","4":"has-post-thumbnail","6":"thema-la-fe-collection","7":"thema-small-stylish","8":"thema-wall-wonders","9":"product_cat-la-fe-collection","10":"product_cat-wandlampen","12":"first","13":"instock","14":"taxable","15":"shipping-taxable","16":"purchasable","17":"product-type-simple"},"bundled_by":[],"bundle_stock_status":"instock","bundle_stock_quantity":4,"bundle_virtual":false,"bundle_layout":"","bundle_add_to_cart_form_location":"","bundle_editable_in_cart":false,"bundle_sold_individually_context":"","bundle_item_grouping":"","bundle_min_size":"","bundle_max_size":"","bundle_price":[],"bundled_items":[],"bundle_sell_ids":[],"acf":[],"_links":{"self":[{"href":"https:\/\/www.lafecollection.nl\/fr\/wp-json\/wp\/v2\/product\/1382","targetHints":{"allow":["GET"]}}],"collection":[{"href":"https:\/\/www.lafecollection.nl\/fr\/wp-json\/wp\/v2\/product"}],"about":[{"href":"https:\/\/www.lafecollection.nl\/fr\/wp-json\/wp\/v2\/types\/product"}],"wp:featuredmedia":[{"embeddable":true,"href":"https:\/\/www.lafecollection.nl\/fr\/wp-json\/wp\/v2\/media\/1383"}],"wp:attachment":[{"href":"https:\/\/www.lafecollection.nl\/fr\/wp-json\/wp\/v2\/media?parent=1382"}],"wp:term":[{"taxonomy":"thema","embeddable":true,"href":"https:\/\/www.lafecollection.nl\/fr\/wp-json\/wp\/v2\/thema?post=1382"},{"taxonomy":"product_brand","embeddable":true,"href":"https:\/\/www.lafecollection.nl\/fr\/wp-json\/wp\/v2\/product_brand?post=1382"},{"taxonomy":"product_cat","embeddable":true,"href":"https:\/\/www.lafecollection.nl\/fr\/wp-json\/wp\/v2\/product_cat?post=1382"},{"taxonomy":"product_tag","embeddable":true,"href":"https:\/\/www.lafecollection.nl\/fr\/wp-json\/wp\/v2\/product_tag?post=1382"}],"curies":[{"name":"wp","href":"https:\/\/api.w.org\/{rel}","templated":true}]}}