{"id":1387,"date":"2025-07-19T17:47:26","date_gmt":"2025-07-19T15:47:26","guid":{"rendered":"https:\/\/www.lafecollection.nl\/?post_type=product&#038;p=1387"},"modified":"2025-07-19T18:48:08","modified_gmt":"2025-07-19T16:48:08","slug":"houx","status":"publish","type":"product","link":"https:\/\/www.lafecollection.nl\/fr\/product\/holly\/","title":{"rendered":"Houx"},"content":{"rendered":"<p data-start=\"252\" data-end=\"549\">La lampe murale Holly attire tous les regards. Elle est recouverte d'un luxueux papier peint Prairie, issu des derni\u00e8res collections de l'Union europ\u00e9enne. <strong>Collection de roses tr\u00e9mi\u00e8res de House of Hackney<\/strong>. Le riche imprim\u00e9 floral rend hommage aux jardins anglais, avec des couleurs profondes et des d\u00e9tails sophistiqu\u00e9s qui ajoutent instantan\u00e9ment de l'atmosph\u00e8re et du caract\u00e8re \u00e0 votre espace.<\/p>\n<p data-start=\"551\" data-end=\"678\">Fabriqu\u00e9 \u00e0 la main et avec une finition \u00e9l\u00e9gante. Holly est une d\u00e9claration distincte de La F\u00e9 : unique, audacieuse et pleine de personnalit\u00e9.<\/p>","protected":false},"excerpt":{"rendered":"<p>Wandlamp Holly is een echte eyecatcher, bekleed met het luxe Prairie behang uit de nieuwste Hollyhocks-collectie van House of Hackney. De rijke, bloemige print brengt een ode aan Engelse tuinen, met diepe kleuren en verfijnde details die meteen sfeer en karakter geven aan je ruimte. Met de hand gemaakt en stijlvol afgewerkt. Holly is een [&hellip;]<\/p>\n","protected":false},"featured_media":1388,"template":"","meta":{"_acf_changed":false},"thema":[75,23,96],"product_brand":[],"product_cat":[76,95],"product_tag":[],"class_list":{"0":"post-1387","1":"product","2":"type-product","3":"status-publish","4":"has-post-thumbnail","6":"thema-la-fe-collection","7":"thema-small-stylish","8":"thema-wall-wonders","9":"product_cat-la-fe-collection","10":"product_cat-wandlampen","12":"first","13":"instock","14":"taxable","15":"shipping-taxable","16":"purchasable","17":"product-type-simple"},"bundled_by":[],"bundle_stock_status":"instock","bundle_stock_quantity":null,"bundle_virtual":false,"bundle_layout":"","bundle_add_to_cart_form_location":"","bundle_editable_in_cart":false,"bundle_sold_individually_context":"","bundle_item_grouping":"","bundle_min_size":"","bundle_max_size":"","bundle_price":[],"bundled_items":[],"bundle_sell_ids":[],"acf":[],"_links":{"self":[{"href":"https:\/\/www.lafecollection.nl\/fr\/wp-json\/wp\/v2\/product\/1387","targetHints":{"allow":["GET"]}}],"collection":[{"href":"https:\/\/www.lafecollection.nl\/fr\/wp-json\/wp\/v2\/product"}],"about":[{"href":"https:\/\/www.lafecollection.nl\/fr\/wp-json\/wp\/v2\/types\/product"}],"wp:featuredmedia":[{"embeddable":true,"href":"https:\/\/www.lafecollection.nl\/fr\/wp-json\/wp\/v2\/media\/1388"}],"wp:attachment":[{"href":"https:\/\/www.lafecollection.nl\/fr\/wp-json\/wp\/v2\/media?parent=1387"}],"wp:term":[{"taxonomy":"thema","embeddable":true,"href":"https:\/\/www.lafecollection.nl\/fr\/wp-json\/wp\/v2\/thema?post=1387"},{"taxonomy":"product_brand","embeddable":true,"href":"https:\/\/www.lafecollection.nl\/fr\/wp-json\/wp\/v2\/product_brand?post=1387"},{"taxonomy":"product_cat","embeddable":true,"href":"https:\/\/www.lafecollection.nl\/fr\/wp-json\/wp\/v2\/product_cat?post=1387"},{"taxonomy":"product_tag","embeddable":true,"href":"https:\/\/www.lafecollection.nl\/fr\/wp-json\/wp\/v2\/product_tag?post=1387"}],"curies":[{"name":"wp","href":"https:\/\/api.w.org\/{rel}","templated":true}]}}