{"id":1396,"date":"2025-07-19T18:42:04","date_gmt":"2025-07-19T16:42:04","guid":{"rendered":"https:\/\/www.lafecollection.nl\/?post_type=product&#038;p=1396"},"modified":"2025-07-19T18:42:04","modified_gmt":"2025-07-19T16:42:04","slug":"ine","status":"publish","type":"product","link":"https:\/\/www.lafecollection.nl\/fr\/product\/ine\/","title":{"rendered":"Ine"},"content":{"rendered":"<p>La lampe murale Ine est un \u00e9l\u00e9gant cr\u00e9ateur d'ambiance, habill\u00e9e de soie gr\u00e8ge rose qui brille subtilement et s'associe magnifiquement \u00e0 la frange de couleur bordeaux profond. Les mat\u00e9riaux riches et les couleurs chaudes cr\u00e9ent un look f\u00e9minin et distinct. Chaque pi\u00e8ce est fabriqu\u00e9e \u00e0 la main et finie avec soin. Exactement comme vous l'attendez de La F\u00e9 : unique, atmosph\u00e9rique et plein de personnalit\u00e9.<\/p>","protected":false},"excerpt":{"rendered":"<p>Wandlamp Ine is een stijlvolle sfeermaker, bekleed met roze ruwe zijde die subtiel glanst en prachtig combineert met de diepe burgundy kleur franje. De rijke materialen en warme kleuren zorgen voor een vrouwelijke en uitgesproken uitstraling. Elk exemplaar is met de hand gemaakt en met zorg afgewerkt. Precies zoals je mag verwachten van La F\u00e9: [&hellip;]<\/p>\n","protected":false},"featured_media":1397,"template":"","meta":{"_acf_changed":false},"thema":[75,23,96],"product_brand":[],"product_cat":[76,95],"product_tag":[],"class_list":{"0":"post-1396","1":"product","2":"type-product","3":"status-publish","4":"has-post-thumbnail","6":"thema-la-fe-collection","7":"thema-small-stylish","8":"thema-wall-wonders","9":"product_cat-la-fe-collection","10":"product_cat-wandlampen","12":"first","13":"instock","14":"taxable","15":"shipping-taxable","16":"purchasable","17":"product-type-simple"},"bundled_by":[],"bundle_stock_status":"instock","bundle_stock_quantity":1,"bundle_virtual":false,"bundle_layout":"","bundle_add_to_cart_form_location":"","bundle_editable_in_cart":false,"bundle_sold_individually_context":"","bundle_item_grouping":"","bundle_min_size":"","bundle_max_size":"","bundle_price":[],"bundled_items":[],"bundle_sell_ids":[],"acf":[],"_links":{"self":[{"href":"https:\/\/www.lafecollection.nl\/fr\/wp-json\/wp\/v2\/product\/1396","targetHints":{"allow":["GET"]}}],"collection":[{"href":"https:\/\/www.lafecollection.nl\/fr\/wp-json\/wp\/v2\/product"}],"about":[{"href":"https:\/\/www.lafecollection.nl\/fr\/wp-json\/wp\/v2\/types\/product"}],"wp:featuredmedia":[{"embeddable":true,"href":"https:\/\/www.lafecollection.nl\/fr\/wp-json\/wp\/v2\/media\/1397"}],"wp:attachment":[{"href":"https:\/\/www.lafecollection.nl\/fr\/wp-json\/wp\/v2\/media?parent=1396"}],"wp:term":[{"taxonomy":"thema","embeddable":true,"href":"https:\/\/www.lafecollection.nl\/fr\/wp-json\/wp\/v2\/thema?post=1396"},{"taxonomy":"product_brand","embeddable":true,"href":"https:\/\/www.lafecollection.nl\/fr\/wp-json\/wp\/v2\/product_brand?post=1396"},{"taxonomy":"product_cat","embeddable":true,"href":"https:\/\/www.lafecollection.nl\/fr\/wp-json\/wp\/v2\/product_cat?post=1396"},{"taxonomy":"product_tag","embeddable":true,"href":"https:\/\/www.lafecollection.nl\/fr\/wp-json\/wp\/v2\/product_tag?post=1396"}],"curies":[{"name":"wp","href":"https:\/\/api.w.org\/{rel}","templated":true}]}}