{"id":1424,"date":"2025-08-11T16:18:16","date_gmt":"2025-08-11T14:18:16","guid":{"rendered":"https:\/\/www.lafecollection.nl\/?post_type=product&#038;p=1424"},"modified":"2025-08-11T16:47:19","modified_gmt":"2025-08-11T14:47:19","slug":"joes","status":"publish","type":"product","link":"https:\/\/www.lafecollection.nl\/fr\/product\/joes\/","title":{"rendered":"Joes"},"content":{"rendered":"<p>Cette lampe de table sp\u00e9ciale attire tous les regards. La base robuste est fabriqu\u00e9e en bois massif avec une finition naturelle, vieillie, qui donne \u00e0 chaque lampe son propre charme.<\/p>\n<p>L'abat-jour est recouvert d'un tissu denim robuste et orn\u00e9 de broches vintage originales. La combinaison de mat\u00e9riaux robustes et de d\u00e9tails ludiques rend cette lampe parfaite pour un int\u00e9rieur un peu diff\u00e9rent.<\/p>","protected":false},"excerpt":{"rendered":"<p>Deze bijzondere tafellamp is een echte blikvanger. De robuuste voet is gemaakt van massief hout met een natuurlijke, doorleefde afwerking, waardoor elk exemplaar zijn eigen charme heeft. De kap is bekleed met stevige denim stof en verfraaid met originele vintage broches. De combinatie van stoere materialen en speelse details maakt deze lamp perfect voor een [&hellip;]<\/p>\n","protected":false},"featured_media":1425,"template":"","meta":{"_acf_changed":false},"thema":[75,23,26],"product_brand":[],"product_cat":[15,76],"product_tag":[],"class_list":{"0":"post-1424","1":"product","2":"type-product","3":"status-publish","4":"has-post-thumbnail","6":"thema-la-fe-collection","7":"thema-small-stylish","8":"thema-vintage-vibes","9":"product_cat-complete-sets","10":"product_cat-la-fe-collection","12":"first","13":"instock","14":"taxable","15":"shipping-taxable","16":"purchasable","17":"product-type-simple"},"bundled_by":[],"bundle_stock_status":"instock","bundle_stock_quantity":1,"bundle_virtual":false,"bundle_layout":"","bundle_add_to_cart_form_location":"","bundle_editable_in_cart":false,"bundle_sold_individually_context":"","bundle_item_grouping":"","bundle_min_size":"","bundle_max_size":"","bundle_price":[],"bundled_items":[],"bundle_sell_ids":[],"acf":[],"_links":{"self":[{"href":"https:\/\/www.lafecollection.nl\/fr\/wp-json\/wp\/v2\/product\/1424","targetHints":{"allow":["GET"]}}],"collection":[{"href":"https:\/\/www.lafecollection.nl\/fr\/wp-json\/wp\/v2\/product"}],"about":[{"href":"https:\/\/www.lafecollection.nl\/fr\/wp-json\/wp\/v2\/types\/product"}],"wp:featuredmedia":[{"embeddable":true,"href":"https:\/\/www.lafecollection.nl\/fr\/wp-json\/wp\/v2\/media\/1425"}],"wp:attachment":[{"href":"https:\/\/www.lafecollection.nl\/fr\/wp-json\/wp\/v2\/media?parent=1424"}],"wp:term":[{"taxonomy":"thema","embeddable":true,"href":"https:\/\/www.lafecollection.nl\/fr\/wp-json\/wp\/v2\/thema?post=1424"},{"taxonomy":"product_brand","embeddable":true,"href":"https:\/\/www.lafecollection.nl\/fr\/wp-json\/wp\/v2\/product_brand?post=1424"},{"taxonomy":"product_cat","embeddable":true,"href":"https:\/\/www.lafecollection.nl\/fr\/wp-json\/wp\/v2\/product_cat?post=1424"},{"taxonomy":"product_tag","embeddable":true,"href":"https:\/\/www.lafecollection.nl\/fr\/wp-json\/wp\/v2\/product_tag?post=1424"}],"curies":[{"name":"wp","href":"https:\/\/api.w.org\/{rel}","templated":true}]}}