{"id":1471,"date":"2025-09-03T22:00:33","date_gmt":"2025-09-03T20:00:33","guid":{"rendered":"https:\/\/www.lafecollection.nl\/?post_type=product&#038;p=1471"},"modified":"2025-09-04T08:43:08","modified_gmt":"2025-09-04T06:43:08","slug":"ame","status":"publish","type":"product","link":"https:\/\/www.lafecollection.nl\/fr\/product\/ame\/","title":{"rendered":"Am\u00e9"},"content":{"rendered":"<p>Cette lampe unique est un v\u00e9ritable cr\u00e9ateur d'ambiance ! Son socle en bois chaleureux lui conf\u00e8re un aspect naturel et douillet, tandis que l'abat-jour exclusif de Karin Sajo apporte une touche de luxe et de cr\u00e9ativit\u00e9. Avec son design ludique et color\u00e9, cette lampe donne imm\u00e9diatement du caract\u00e8re \u00e0 votre int\u00e9rieur. Parfaite pour \u00e9clairer un coin douillet<\/p>","protected":false},"excerpt":{"rendered":"<p>Cette lampe unique est un v\u00e9ritable cr\u00e9ateur d'ambiance ! Son socle en bois chaleureux lui conf\u00e8re un aspect naturel et douillet, tandis que l'abat-jour exclusif de Karin Sajo apporte une touche de luxe et de cr\u00e9ativit\u00e9. Avec son design ludique et color\u00e9, cette lampe donne imm\u00e9diatement du caract\u00e8re \u00e0 votre int\u00e9rieur. Parfaite pour \u00e9clairer un coin douillet<\/p>","protected":false},"featured_media":1472,"template":"","meta":{"_acf_changed":false},"thema":[75,47],"product_brand":[],"product_cat":[15,76],"product_tag":[],"class_list":{"0":"post-1471","1":"product","2":"type-product","3":"status-publish","4":"has-post-thumbnail","6":"thema-la-fe-collection","7":"thema-medium-magic","8":"product_cat-complete-sets","9":"product_cat-la-fe-collection","11":"first","12":"instock","13":"taxable","14":"shipping-taxable","15":"purchasable","16":"product-type-simple"},"bundled_by":[],"bundle_stock_status":"instock","bundle_stock_quantity":1,"bundle_virtual":false,"bundle_layout":"","bundle_add_to_cart_form_location":"","bundle_editable_in_cart":false,"bundle_sold_individually_context":"","bundle_item_grouping":"","bundle_min_size":"","bundle_max_size":"","bundle_price":[],"bundled_items":[],"bundle_sell_ids":[],"acf":[],"_links":{"self":[{"href":"https:\/\/www.lafecollection.nl\/fr\/wp-json\/wp\/v2\/product\/1471","targetHints":{"allow":["GET"]}}],"collection":[{"href":"https:\/\/www.lafecollection.nl\/fr\/wp-json\/wp\/v2\/product"}],"about":[{"href":"https:\/\/www.lafecollection.nl\/fr\/wp-json\/wp\/v2\/types\/product"}],"wp:featuredmedia":[{"embeddable":true,"href":"https:\/\/www.lafecollection.nl\/fr\/wp-json\/wp\/v2\/media\/1472"}],"wp:attachment":[{"href":"https:\/\/www.lafecollection.nl\/fr\/wp-json\/wp\/v2\/media?parent=1471"}],"wp:term":[{"taxonomy":"thema","embeddable":true,"href":"https:\/\/www.lafecollection.nl\/fr\/wp-json\/wp\/v2\/thema?post=1471"},{"taxonomy":"product_brand","embeddable":true,"href":"https:\/\/www.lafecollection.nl\/fr\/wp-json\/wp\/v2\/product_brand?post=1471"},{"taxonomy":"product_cat","embeddable":true,"href":"https:\/\/www.lafecollection.nl\/fr\/wp-json\/wp\/v2\/product_cat?post=1471"},{"taxonomy":"product_tag","embeddable":true,"href":"https:\/\/www.lafecollection.nl\/fr\/wp-json\/wp\/v2\/product_tag?post=1471"}],"curies":[{"name":"wp","href":"https:\/\/api.w.org\/{rel}","templated":true}]}}