{"id":1474,"date":"2025-09-03T22:42:32","date_gmt":"2025-09-03T20:42:32","guid":{"rendered":"https:\/\/www.lafecollection.nl\/?post_type=product&#038;p=1474"},"modified":"2025-09-07T13:59:17","modified_gmt":"2025-09-07T11:59:17","slug":"faire","status":"publish","type":"product","link":"https:\/\/www.lafecollection.nl\/fr\/product\/do\/","title":{"rendered":"Faire"},"content":{"rendered":"<p>Cette lampe murale est un v\u00e9ritable cr\u00e9ateur d'ambiance pour votre int\u00e9rieur ! Avec sa forme \u00e9l\u00e9gante et ses couleurs riches, elle apporte chaleur et caract\u00e8re \u00e0 n'importe quel mur. L'aspect ludique <strong>Missoni<\/strong> lui conf\u00e8re un aspect \u00e9l\u00e9gant et exclusif, tout en diffusant une lumi\u00e8re douce et agr\u00e9able.<\/p>","protected":false},"excerpt":{"rendered":"<p>Cette lampe murale est un v\u00e9ritable cr\u00e9ateur d'ambiance pour votre int\u00e9rieur ! Avec sa forme \u00e9l\u00e9gante et ses couleurs riches, elle apporte chaleur et caract\u00e8re \u00e0 n'importe quel mur. Le motif ludique de Missoni lui conf\u00e8re un aspect \u00e9l\u00e9gant et exclusif, tout en diffusant une lumi\u00e8re douce et agr\u00e9able.<\/p>","protected":false},"featured_media":1475,"template":"","meta":{"_acf_changed":false},"thema":[96],"product_brand":[],"product_cat":[95],"product_tag":[],"class_list":{"0":"post-1474","1":"product","2":"type-product","3":"status-publish","4":"has-post-thumbnail","6":"thema-wall-wonders","7":"product_cat-wandlampen","9":"first","10":"instock","11":"taxable","12":"shipping-taxable","13":"purchasable","14":"product-type-simple"},"bundled_by":[],"bundle_stock_status":"instock","bundle_stock_quantity":null,"bundle_virtual":false,"bundle_layout":"","bundle_add_to_cart_form_location":"","bundle_editable_in_cart":false,"bundle_sold_individually_context":"","bundle_item_grouping":"","bundle_min_size":"","bundle_max_size":"","bundle_price":[],"bundled_items":[],"bundle_sell_ids":[],"acf":[],"_links":{"self":[{"href":"https:\/\/www.lafecollection.nl\/fr\/wp-json\/wp\/v2\/product\/1474","targetHints":{"allow":["GET"]}}],"collection":[{"href":"https:\/\/www.lafecollection.nl\/fr\/wp-json\/wp\/v2\/product"}],"about":[{"href":"https:\/\/www.lafecollection.nl\/fr\/wp-json\/wp\/v2\/types\/product"}],"wp:featuredmedia":[{"embeddable":true,"href":"https:\/\/www.lafecollection.nl\/fr\/wp-json\/wp\/v2\/media\/1475"}],"wp:attachment":[{"href":"https:\/\/www.lafecollection.nl\/fr\/wp-json\/wp\/v2\/media?parent=1474"}],"wp:term":[{"taxonomy":"thema","embeddable":true,"href":"https:\/\/www.lafecollection.nl\/fr\/wp-json\/wp\/v2\/thema?post=1474"},{"taxonomy":"product_brand","embeddable":true,"href":"https:\/\/www.lafecollection.nl\/fr\/wp-json\/wp\/v2\/product_brand?post=1474"},{"taxonomy":"product_cat","embeddable":true,"href":"https:\/\/www.lafecollection.nl\/fr\/wp-json\/wp\/v2\/product_cat?post=1474"},{"taxonomy":"product_tag","embeddable":true,"href":"https:\/\/www.lafecollection.nl\/fr\/wp-json\/wp\/v2\/product_tag?post=1474"}],"curies":[{"name":"wp","href":"https:\/\/api.w.org\/{rel}","templated":true}]}}