{"id":1478,"date":"2025-09-03T23:01:11","date_gmt":"2025-09-03T21:01:11","guid":{"rendered":"https:\/\/www.lafecollection.nl\/?post_type=product&#038;p=1478"},"modified":"2025-09-04T09:26:29","modified_gmt":"2025-09-04T07:26:29","slug":"palet","status":"publish","type":"product","link":"https:\/\/www.lafecollection.nl\/fr\/product\/puck\/","title":{"rendered":"Palet"},"content":{"rendered":"<p>Cette lampe murale est un v\u00e9ritable objet d'appel ! Avec ses teintes rose vif et son motif ludique, elle apporte instantan\u00e9ment de l'\u00e9nergie et de la gaiet\u00e9 \u00e0 votre int\u00e9rieur. Elle est parfaite pour donner vie \u00e0 un mur terne ou pour ajouter un accent color\u00e9 \u00e0 votre chambre \u00e0 coucher, \u00e0 votre couloir ou \u00e0 votre coin lecture. Tout en diffusant une lumi\u00e8re douce et atmosph\u00e9rique, elle reste le point de mire de la pi\u00e8ce.<\/p>","protected":false},"excerpt":{"rendered":"<p>Deze wandlamp is een echte statement piece! Met haar felle roze tinten en speels patroon brengt ze direct energie en vrolijkheid in je interieur. Perfect om een saaie muur tot leven te brengen of een kleurrijk accent toe te voegen aan je slaapkamer, hal of knusse leeshoek. Terwijl ze zacht, sfeervol licht verspreidt, blijft ze [&hellip;]<\/p>\n","protected":false},"featured_media":1479,"template":"","meta":{"_acf_changed":false},"thema":[96],"product_brand":[],"product_cat":[95],"product_tag":[],"class_list":{"0":"post-1478","1":"product","2":"type-product","3":"status-publish","4":"has-post-thumbnail","6":"thema-wall-wonders","7":"product_cat-wandlampen","9":"first","10":"instock","11":"taxable","12":"shipping-taxable","13":"purchasable","14":"product-type-simple"},"bundled_by":[],"bundle_stock_status":"instock","bundle_stock_quantity":null,"bundle_virtual":false,"bundle_layout":"","bundle_add_to_cart_form_location":"","bundle_editable_in_cart":false,"bundle_sold_individually_context":"","bundle_item_grouping":"","bundle_min_size":"","bundle_max_size":"","bundle_price":[],"bundled_items":[],"bundle_sell_ids":[],"acf":[],"_links":{"self":[{"href":"https:\/\/www.lafecollection.nl\/fr\/wp-json\/wp\/v2\/product\/1478","targetHints":{"allow":["GET"]}}],"collection":[{"href":"https:\/\/www.lafecollection.nl\/fr\/wp-json\/wp\/v2\/product"}],"about":[{"href":"https:\/\/www.lafecollection.nl\/fr\/wp-json\/wp\/v2\/types\/product"}],"wp:featuredmedia":[{"embeddable":true,"href":"https:\/\/www.lafecollection.nl\/fr\/wp-json\/wp\/v2\/media\/1479"}],"wp:attachment":[{"href":"https:\/\/www.lafecollection.nl\/fr\/wp-json\/wp\/v2\/media?parent=1478"}],"wp:term":[{"taxonomy":"thema","embeddable":true,"href":"https:\/\/www.lafecollection.nl\/fr\/wp-json\/wp\/v2\/thema?post=1478"},{"taxonomy":"product_brand","embeddable":true,"href":"https:\/\/www.lafecollection.nl\/fr\/wp-json\/wp\/v2\/product_brand?post=1478"},{"taxonomy":"product_cat","embeddable":true,"href":"https:\/\/www.lafecollection.nl\/fr\/wp-json\/wp\/v2\/product_cat?post=1478"},{"taxonomy":"product_tag","embeddable":true,"href":"https:\/\/www.lafecollection.nl\/fr\/wp-json\/wp\/v2\/product_tag?post=1478"}],"curies":[{"name":"wp","href":"https:\/\/api.w.org\/{rel}","templated":true}]}}