{"id":1481,"date":"2025-09-03T23:18:57","date_gmt":"2025-09-03T21:18:57","guid":{"rendered":"https:\/\/www.lafecollection.nl\/?post_type=product&#038;p=1481"},"modified":"2025-09-04T08:11:03","modified_gmt":"2025-09-04T06:11:03","slug":"nowi","status":"publish","type":"product","link":"https:\/\/www.lafecollection.nl\/fr\/product\/nowi\/","title":{"rendered":"Nowi"},"content":{"rendered":"<p>Cette lampe murale attire l'attention avec style gr\u00e2ce \u00e0 un papier peint de luxe Pierre Frey \u00e0 la doublure unique. Le motif ludique et les couleurs chaudes cr\u00e9ent un effet vivant et artistique sur votre mur. Elle diffuse une lumi\u00e8re douce et atmosph\u00e9rique et apporte imm\u00e9diatement chaleur et caract\u00e8re \u00e0 votre int\u00e9rieur. Parfait pour le couloir, la chambre \u00e0 coucher ou pour attirer subtilement le regard dans le salon.<\/p>","protected":false},"excerpt":{"rendered":"<p>Deze wandlamp is een stijlvolle blikvanger met een uniek bekleed met luxe Pierre Frey-behang. Het speelse patroon en de warme kleuren zorgen voor een levendig en artistiek effect aan je muur. Ze verspreidt zacht, sfeervol licht en brengt direct warmte en karakter in je interieur. Perfect voor in de hal, slaapkamer of als subtiele eyecatcher [&hellip;]<\/p>\n","protected":false},"featured_media":1482,"template":"","meta":{"_acf_changed":false},"thema":[96],"product_brand":[],"product_cat":[95],"product_tag":[],"class_list":{"0":"post-1481","1":"product","2":"type-product","3":"status-publish","4":"has-post-thumbnail","6":"thema-wall-wonders","7":"product_cat-wandlampen","9":"first","10":"instock","11":"taxable","12":"shipping-taxable","13":"purchasable","14":"product-type-simple"},"bundled_by":[],"bundle_stock_status":"instock","bundle_stock_quantity":null,"bundle_virtual":false,"bundle_layout":"","bundle_add_to_cart_form_location":"","bundle_editable_in_cart":false,"bundle_sold_individually_context":"","bundle_item_grouping":"","bundle_min_size":"","bundle_max_size":"","bundle_price":[],"bundled_items":[],"bundle_sell_ids":[],"acf":[],"_links":{"self":[{"href":"https:\/\/www.lafecollection.nl\/fr\/wp-json\/wp\/v2\/product\/1481","targetHints":{"allow":["GET"]}}],"collection":[{"href":"https:\/\/www.lafecollection.nl\/fr\/wp-json\/wp\/v2\/product"}],"about":[{"href":"https:\/\/www.lafecollection.nl\/fr\/wp-json\/wp\/v2\/types\/product"}],"wp:featuredmedia":[{"embeddable":true,"href":"https:\/\/www.lafecollection.nl\/fr\/wp-json\/wp\/v2\/media\/1482"}],"wp:attachment":[{"href":"https:\/\/www.lafecollection.nl\/fr\/wp-json\/wp\/v2\/media?parent=1481"}],"wp:term":[{"taxonomy":"thema","embeddable":true,"href":"https:\/\/www.lafecollection.nl\/fr\/wp-json\/wp\/v2\/thema?post=1481"},{"taxonomy":"product_brand","embeddable":true,"href":"https:\/\/www.lafecollection.nl\/fr\/wp-json\/wp\/v2\/product_brand?post=1481"},{"taxonomy":"product_cat","embeddable":true,"href":"https:\/\/www.lafecollection.nl\/fr\/wp-json\/wp\/v2\/product_cat?post=1481"},{"taxonomy":"product_tag","embeddable":true,"href":"https:\/\/www.lafecollection.nl\/fr\/wp-json\/wp\/v2\/product_tag?post=1481"}],"curies":[{"name":"wp","href":"https:\/\/api.w.org\/{rel}","templated":true}]}}