{"id":1494,"date":"2025-09-04T09:14:36","date_gmt":"2025-09-04T07:14:36","guid":{"rendered":"https:\/\/www.lafecollection.nl\/?post_type=product&#038;p=1494"},"modified":"2025-09-04T09:14:36","modified_gmt":"2025-09-04T07:14:36","slug":"rio","status":"publish","type":"product","link":"https:\/\/www.lafecollection.nl\/fr\/product\/rio\/","title":{"rendered":"Rio"},"content":{"rendered":"<p>Lampe de table \u00e9l\u00e9gante avec une base en bois chaud et un abat-jour recouvert de tissu luxueux.<strong data-start=\"85\" data-end=\"130\"> Missoni<\/strong> papier peint. Le motif embl\u00e9matique et les couleurs riches conf\u00e8rent \u00e0 cette lampe un aspect exclusif et ludique. Parfaite pour donner de l'ambiance et du caract\u00e8re \u00e0 votre int\u00e9rieur.<\/p>","protected":false},"excerpt":{"rendered":"<p>Lampe de table \u00e9l\u00e9gante avec une base en bois chaud et un abat-jour recouvert de papier peint Missoni de luxe. Le motif embl\u00e9matique et les couleurs riches conf\u00e8rent \u00e0 cette lampe un aspect exclusif et ludique. Parfaite pour donner de l'ambiance et du caract\u00e8re \u00e0 votre int\u00e9rieur.<\/p>","protected":false},"featured_media":1495,"template":"","meta":{"_acf_changed":false},"thema":[75,47],"product_brand":[],"product_cat":[15,76],"product_tag":[],"class_list":{"0":"post-1494","1":"product","2":"type-product","3":"status-publish","4":"has-post-thumbnail","6":"thema-la-fe-collection","7":"thema-medium-magic","8":"product_cat-complete-sets","9":"product_cat-la-fe-collection","11":"first","12":"instock","13":"taxable","14":"shipping-taxable","15":"purchasable","16":"product-type-simple"},"bundled_by":[],"bundle_stock_status":"instock","bundle_stock_quantity":1,"bundle_virtual":false,"bundle_layout":"","bundle_add_to_cart_form_location":"","bundle_editable_in_cart":false,"bundle_sold_individually_context":"","bundle_item_grouping":"","bundle_min_size":"","bundle_max_size":"","bundle_price":[],"bundled_items":[],"bundle_sell_ids":[],"acf":[],"_links":{"self":[{"href":"https:\/\/www.lafecollection.nl\/fr\/wp-json\/wp\/v2\/product\/1494","targetHints":{"allow":["GET"]}}],"collection":[{"href":"https:\/\/www.lafecollection.nl\/fr\/wp-json\/wp\/v2\/product"}],"about":[{"href":"https:\/\/www.lafecollection.nl\/fr\/wp-json\/wp\/v2\/types\/product"}],"wp:featuredmedia":[{"embeddable":true,"href":"https:\/\/www.lafecollection.nl\/fr\/wp-json\/wp\/v2\/media\/1495"}],"wp:attachment":[{"href":"https:\/\/www.lafecollection.nl\/fr\/wp-json\/wp\/v2\/media?parent=1494"}],"wp:term":[{"taxonomy":"thema","embeddable":true,"href":"https:\/\/www.lafecollection.nl\/fr\/wp-json\/wp\/v2\/thema?post=1494"},{"taxonomy":"product_brand","embeddable":true,"href":"https:\/\/www.lafecollection.nl\/fr\/wp-json\/wp\/v2\/product_brand?post=1494"},{"taxonomy":"product_cat","embeddable":true,"href":"https:\/\/www.lafecollection.nl\/fr\/wp-json\/wp\/v2\/product_cat?post=1494"},{"taxonomy":"product_tag","embeddable":true,"href":"https:\/\/www.lafecollection.nl\/fr\/wp-json\/wp\/v2\/product_tag?post=1494"}],"curies":[{"name":"wp","href":"https:\/\/api.w.org\/{rel}","templated":true}]}}