{"id":1730,"date":"2026-02-04T12:28:55","date_gmt":"2026-02-04T11:28:55","guid":{"rendered":"https:\/\/www.lafecollection.nl\/?post_type=product&#038;p=1730"},"modified":"2026-02-23T10:19:17","modified_gmt":"2026-02-23T09:19:17","slug":"atelier-de-paques-parents-enfants-dimanche-8-mars-dimanche-22-mars","status":"publish","type":"product","link":"https:\/\/www.lafecollection.nl\/fr\/product\/ouder-kind-paasworkshop-zondag-8-maart-zondag-22-maart\/","title":{"rendered":"Atelier de P\u00e2ques pour parents et enfants - 8 mars et 22 mars"},"content":{"rendered":"<p>Atelier de P\u00e2ques pour parents et enfants<br \/>\nUn atelier amusant et cr\u00e9atif dans lequel vous travaillez ensemble (1 parent et 1 enfant \u00e0 partir de 6 ans). Bricoler, cr\u00e9er et surtout passer du bon temps ensemble. Tout en d\u00e9gustant quelque chose de savoureux, vous fabriquerez un bel objet de P\u00e2ques, un plat de P\u00e2ques et un certain nombre de pendentifs pour votre arbre de P\u00e2ques, que vous emporterez chez vous.<\/p>\n<div class=\"Y3BBE\" data-sfc-cp=\"\" data-hveid=\"CAEIBhAA\" data-processed=\"true\" data-complete=\"true\">Comme vos cr\u00e9ations ont besoin de temps pour s\u00e9cher et \u00eatre cuites, l'atelier se compose de deux parties :<\/div>\n<p><span class=\"T286Pc\" data-sfc-cp=\"\" data-complete=\"true\">Dimanche 8 mars : Vous travaillerez ensemble pour concevoir et sculpter les objets.<\/span><\/p>\n<p><span class=\"T286Pc\" data-sfc-cp=\"\" data-complete=\"true\">Dimanche 22 mars : Les produits ont \u00e9t\u00e9 cuits et sont pr\u00eats \u00e0 \u00eatre d\u00e9cor\u00e9s et glac\u00e9s par vos soins.<\/span><\/p>\n<div class=\"Y3BBE\" data-sfc-cp=\"\" data-hveid=\"CAEICBAA\" data-complete=\"true\" data-processed=\"true\">Pr\u00eat pour le brunch de P\u00e2ques !<br data-serialized-params=\"[]\" data-complete=\"true\" data-processed=\"true\" \/>Nous veillerons ensuite \u00e0 ce que tout soit pr\u00eat \u00e0 temps pour les f\u00eates. Ainsi, vos \u0153uvres d'art maison brilleront sur la table de P\u00e2ques !<\/div>\n<div class=\"Fsg96\" data-sfc-cp=\"\" data-complete=\"true\" data-processed=\"true\"><\/div>\n<hr class=\"j3tEEe\" data-serialized-params=\"[]\" data-complete=\"true\" data-processed=\"true\" data-sae=\"\" \/>","protected":false},"excerpt":{"rendered":"<p>Ouder &amp; Kind Paasworkshop Een gezellige en creatieve workshop waarin jullie samen (1 ouder &amp; 1 kind vanaf 6 jaar) aan de slag gaan. Knutselen, cre\u00ebren en vooral quality time met elkaar. Onder het genot van iets lekkers maken jullie een mooi paasitem, een paaschaaltje en een aantal hangers voor in de paastak om uiteindelijk [&hellip;]<\/p>\n","protected":false},"featured_media":1749,"template":"","meta":{"_acf_changed":false},"thema":[],"product_brand":[],"product_cat":[102],"product_tag":[],"class_list":{"0":"post-1730","1":"product","2":"type-product","3":"status-publish","4":"has-post-thumbnail","6":"product_cat-workshop","8":"first","9":"outofstock","10":"virtual","11":"taxable","12":"purchasable","13":"product-type-simple"},"bundled_by":[],"bundle_stock_status":"outofstock","bundle_stock_quantity":0,"bundle_virtual":false,"bundle_layout":"","bundle_add_to_cart_form_location":"","bundle_editable_in_cart":false,"bundle_sold_individually_context":"","bundle_item_grouping":"","bundle_min_size":"","bundle_max_size":"","bundle_price":[],"bundled_items":[],"bundle_sell_ids":[],"acf":[],"_links":{"self":[{"href":"https:\/\/www.lafecollection.nl\/fr\/wp-json\/wp\/v2\/product\/1730","targetHints":{"allow":["GET"]}}],"collection":[{"href":"https:\/\/www.lafecollection.nl\/fr\/wp-json\/wp\/v2\/product"}],"about":[{"href":"https:\/\/www.lafecollection.nl\/fr\/wp-json\/wp\/v2\/types\/product"}],"wp:featuredmedia":[{"embeddable":true,"href":"https:\/\/www.lafecollection.nl\/fr\/wp-json\/wp\/v2\/media\/1749"}],"wp:attachment":[{"href":"https:\/\/www.lafecollection.nl\/fr\/wp-json\/wp\/v2\/media?parent=1730"}],"wp:term":[{"taxonomy":"thema","embeddable":true,"href":"https:\/\/www.lafecollection.nl\/fr\/wp-json\/wp\/v2\/thema?post=1730"},{"taxonomy":"product_brand","embeddable":true,"href":"https:\/\/www.lafecollection.nl\/fr\/wp-json\/wp\/v2\/product_brand?post=1730"},{"taxonomy":"product_cat","embeddable":true,"href":"https:\/\/www.lafecollection.nl\/fr\/wp-json\/wp\/v2\/product_cat?post=1730"},{"taxonomy":"product_tag","embeddable":true,"href":"https:\/\/www.lafecollection.nl\/fr\/wp-json\/wp\/v2\/product_tag?post=1730"}],"curies":[{"name":"wp","href":"https:\/\/api.w.org\/{rel}","templated":true}]}}