{"id":1745,"date":"2026-02-12T13:13:25","date_gmt":"2026-02-12T12:13:25","guid":{"rendered":"https:\/\/www.lafecollection.nl\/?post_type=product&#038;p=1745"},"modified":"2026-03-27T09:05:19","modified_gmt":"2026-03-27T08:05:19","slug":"fete-des-meres-special-mission-secrete-atelier-pere-enfant-12-avril-3-mai","status":"publish","type":"product","link":"https:\/\/www.lafecollection.nl\/fr\/product\/moederdag-special-geheime-missie-vader-kind-workshop-12-april-3-mei\/","title":{"rendered":"Sp\u00e9cial f\u00eate des m\u00e8res. Atelier p\u00e8re et enfant - 12 avril et 3 mai"},"content":{"rendered":"<p>P\u00e8res, nous avons un plan. La F\u00e9 Collection organise une exp\u00e9rience unique de c\u00e9ramique pour les papas et les enfants. Nous garderons le secret sur ce que nous ferons exactement (parce que maman pourrait lire !), mais nous promettons que ce sera une belle \u0153uvre d'art qui m\u00e9ritera une place d'honneur dans la maison.<\/p>\n<p>Cet atelier est sp\u00e9cialement con\u00e7u pour <strong class=\"Yjhzub\" data-complete=\"true\">un parent et un enfant (\u00e0 partir de 7 ans)<\/strong>. Vous disposerez ainsi de l'espace et de la concentration n\u00e9cessaires pour travailler ensemble sur ce projet sp\u00e9cial.<\/p>\n<p>Pour vivre le processus du d\u00e9but \u00e0 la fin et obtenir les meilleurs r\u00e9sultats, nous travaillons en deux sessions. Lors de la premi\u00e8re s\u00e9ance \u00e0 <strong class=\"Yjhzub\" data-complete=\"true\" data-processed=\"true\">\u00a012 avril<\/strong> nous commen\u00e7ons \u00e0 travailler l'argile. Au cours de la deuxi\u00e8me session sur<strong class=\"Yjhzub\" data-complete=\"true\" data-processed=\"true\">\u00a03 mai<\/strong>\u00a0vous reviendrez pour \u00e9mailler vous-m\u00eame la pi\u00e8ce et lui donner les couleurs parfaites.<\/p>\n<p>Lors de la r\u00e9servation, laissez une adresse e-mail o\u00f9 mum\u00a0<strong class=\"Yjhzub\" data-complete=\"true\">pas<\/strong>\u00a0sur l'apparence.<\/p>\n<p><span class=\"T286Pc\" data-sfc-cp=\"\" data-complete=\"true\">Une fois la r\u00e9servation re\u00e7ue, nous enverrons le formulaire de r\u00e9servation \u00e0 l'adresse suivante <strong>Haut de page\u00a0<\/strong><\/span><span class=\"T286Pc\" data-sfc-cp=\"\" data-complete=\"true\"><strong>Briefing secret<\/strong> \u00e0 cette adresse \u00e9lectronique. Nous y d\u00e9voilerons ce que nous allons pr\u00e9parer, ce que vous devez pr\u00e9parer et comment nous ferons pour que maman ne soit au courant de rien jusqu'au dimanche 10 mai, jour de la f\u00eate des m\u00e8res.\u00a0<\/span>Nous veillons \u00e0 ce que le cadeau soit joliment emball\u00e9 et pr\u00eat \u00e0 temps.<\/p>","protected":false},"excerpt":{"rendered":"<p>Vaders, wij hebben een plan. La F\u00e9 Collection organiseert\u00a0 een unieke keramiek-ervaring voor vaders en kinderen. Wat we precies gaan maken, houden we nog even geheim (want mama leest misschien mee!), maar we beloven dat het een prachtig, artistiek kunstwerk wordt dat een ereplek in huis verdient. deze workshop is speciaal ingericht voor \u00e9\u00e9n ouder [&hellip;]<\/p>\n","protected":false},"featured_media":1695,"template":"","meta":{"_acf_changed":false},"thema":[],"product_brand":[],"product_cat":[102],"product_tag":[],"class_list":{"0":"post-1745","1":"product","2":"type-product","3":"status-publish","4":"has-post-thumbnail","6":"product_cat-workshop","8":"first","9":"outofstock","10":"virtual","11":"taxable","12":"purchasable","13":"product-type-simple"},"bundled_by":[],"bundle_stock_status":"outofstock","bundle_stock_quantity":0,"bundle_virtual":false,"bundle_layout":"","bundle_add_to_cart_form_location":"","bundle_editable_in_cart":false,"bundle_sold_individually_context":"","bundle_item_grouping":"","bundle_min_size":"","bundle_max_size":"","bundle_price":[],"bundled_items":[],"bundle_sell_ids":[],"acf":[],"_links":{"self":[{"href":"https:\/\/www.lafecollection.nl\/fr\/wp-json\/wp\/v2\/product\/1745","targetHints":{"allow":["GET"]}}],"collection":[{"href":"https:\/\/www.lafecollection.nl\/fr\/wp-json\/wp\/v2\/product"}],"about":[{"href":"https:\/\/www.lafecollection.nl\/fr\/wp-json\/wp\/v2\/types\/product"}],"wp:featuredmedia":[{"embeddable":true,"href":"https:\/\/www.lafecollection.nl\/fr\/wp-json\/wp\/v2\/media\/1695"}],"wp:attachment":[{"href":"https:\/\/www.lafecollection.nl\/fr\/wp-json\/wp\/v2\/media?parent=1745"}],"wp:term":[{"taxonomy":"thema","embeddable":true,"href":"https:\/\/www.lafecollection.nl\/fr\/wp-json\/wp\/v2\/thema?post=1745"},{"taxonomy":"product_brand","embeddable":true,"href":"https:\/\/www.lafecollection.nl\/fr\/wp-json\/wp\/v2\/product_brand?post=1745"},{"taxonomy":"product_cat","embeddable":true,"href":"https:\/\/www.lafecollection.nl\/fr\/wp-json\/wp\/v2\/product_cat?post=1745"},{"taxonomy":"product_tag","embeddable":true,"href":"https:\/\/www.lafecollection.nl\/fr\/wp-json\/wp\/v2\/product_tag?post=1745"}],"curies":[{"name":"wp","href":"https:\/\/api.w.org\/{rel}","templated":true}]}}