{"id":1802,"date":"2026-03-27T17:27:36","date_gmt":"2026-03-27T16:27:36","guid":{"rendered":"https:\/\/www.lafecollection.nl\/?post_type=product&#038;p=1802"},"modified":"2026-03-31T20:52:36","modified_gmt":"2026-03-31T18:52:36","slug":"atelier-parents-enfants-22-avril-17-mai","status":"publish","type":"product","link":"https:\/\/www.lafecollection.nl\/fr\/product\/ouder-kind-workshop-22-april-17-mei\/","title":{"rendered":"Atelier parents-enfants - 22 avril et 17 mai"},"content":{"rendered":"<p>Blub blub blub... Vous plongez dans le studio avec nous ?<\/p>\n<p>Enlevez vos lunettes et retroussez vos manches ! Dans cet atelier, nous transformons l'argile en une cr\u00e9ature marine magiquement t\u00eatue.<br \/>\nAvec votre enfant (1 parent et 1 enfant \u00e0 partir de 6 ans), vous plongez dans les profondeurs de l'argile pendant deux matin\u00e9es. La premi\u00e8re fois, nous nous d\u00e9cha\u00eenons avec l'argile : nous moulons ce dr\u00f4le de poisson aux yeux globuleux, une \u00e9toile de mer ou une tortue dans un aquarium. Le deuxi\u00e8me matin, nous donnons \u00e0 l'ensemble une belle couleur brillante \u00e0 l'aide d'une gla\u00e7ure.<br \/>\nLe r\u00e9sultat ? Un monde sous-marin unique qui n'a jamais besoin d'eau, mais qui est magnifique sur le rebord de la fen\u00eatre ou sur le mur.<\/p>\n<p>Comme vos cr\u00e9ations ont besoin de temps pour s\u00e9cher et \u00eatre cuites, l'atelier se compose de deux parties :<\/p>\n<p>Mercredi 22 avril : Vous travaillerez ensemble pour concevoir et sculpter des cr\u00e9atures marines magiques.<\/p>\n<p>Dimanche 17 mai : Les cr\u00e9atures marines magiques ont \u00e9t\u00e9 cuites et sont pr\u00eates \u00e0 \u00eatre d\u00e9cor\u00e9es et \u00e9maill\u00e9es par vos soins.<\/p>","protected":false},"excerpt":{"rendered":"<p>Blub blub&#8230;\u00a0 Duik je mee het atelier in? Zet je duikbril maar af en stroop je mouwen op! In deze workshop toveren we klei om tot een magisch eigenwijs zeewezen. Samen met je kind (1 ouder &amp; 1 kind vanaf 6 jaar) duik je twee ochtenden lang de diepte in. De eerste keer gaan we [&hellip;]<\/p>\n","protected":false},"featured_media":1803,"template":"","meta":{"_acf_changed":false},"thema":[],"product_brand":[],"product_cat":[102],"product_tag":[],"class_list":{"0":"post-1802","1":"product","2":"type-product","3":"status-publish","4":"has-post-thumbnail","6":"product_cat-workshop","8":"first","9":"instock","10":"virtual","11":"taxable","12":"purchasable","13":"product-type-simple"},"bundled_by":[],"bundle_stock_status":"instock","bundle_stock_quantity":3,"bundle_virtual":false,"bundle_layout":"","bundle_add_to_cart_form_location":"","bundle_editable_in_cart":false,"bundle_sold_individually_context":"","bundle_item_grouping":"","bundle_min_size":"","bundle_max_size":"","bundle_price":[],"bundled_items":[],"bundle_sell_ids":[],"acf":[],"_links":{"self":[{"href":"https:\/\/www.lafecollection.nl\/fr\/wp-json\/wp\/v2\/product\/1802","targetHints":{"allow":["GET"]}}],"collection":[{"href":"https:\/\/www.lafecollection.nl\/fr\/wp-json\/wp\/v2\/product"}],"about":[{"href":"https:\/\/www.lafecollection.nl\/fr\/wp-json\/wp\/v2\/types\/product"}],"wp:featuredmedia":[{"embeddable":true,"href":"https:\/\/www.lafecollection.nl\/fr\/wp-json\/wp\/v2\/media\/1803"}],"wp:attachment":[{"href":"https:\/\/www.lafecollection.nl\/fr\/wp-json\/wp\/v2\/media?parent=1802"}],"wp:term":[{"taxonomy":"thema","embeddable":true,"href":"https:\/\/www.lafecollection.nl\/fr\/wp-json\/wp\/v2\/thema?post=1802"},{"taxonomy":"product_brand","embeddable":true,"href":"https:\/\/www.lafecollection.nl\/fr\/wp-json\/wp\/v2\/product_brand?post=1802"},{"taxonomy":"product_cat","embeddable":true,"href":"https:\/\/www.lafecollection.nl\/fr\/wp-json\/wp\/v2\/product_cat?post=1802"},{"taxonomy":"product_tag","embeddable":true,"href":"https:\/\/www.lafecollection.nl\/fr\/wp-json\/wp\/v2\/product_tag?post=1802"}],"curies":[{"name":"wp","href":"https:\/\/api.w.org\/{rel}","templated":true}]}}