{"id":373,"date":"2024-12-12T11:49:30","date_gmt":"2024-12-12T10:49:30","guid":{"rendered":"https:\/\/lafe.bonsaidev.nl\/?post_type=product&#038;p=373"},"modified":"2025-04-07T17:05:44","modified_gmt":"2025-04-07T15:05:44","slug":"grand-pot-en-forme-de-dragon-avec-abat-jour-en-soie-brute","status":"publish","type":"product","link":"https:\/\/www.lafecollection.nl\/fr\/product\/grote-drakenpot-met-ruwe-zijde-lampenkap\/","title":{"rendered":"Julius"},"content":{"rendered":"<p>Apportez un morceau d'art et d'artisanat chinois dans votre int\u00e9rieur avec ce grand pot en forme de dragon, fabriqu\u00e9 \u00e0 la main en c\u00e9ramique de haute qualit\u00e9. Les d\u00e9licates d\u00e9corations bleues et blanches donnent vie \u00e0 la puissance et \u00e0 la mystique du dragon, symbole de force et de sagesse dans la culture chinoise ancienne.<\/p>\n<p>La lampe est dot\u00e9e d'un luxueux abat-jour en soie gr\u00e8ge, qui lui conf\u00e8re un aspect chaleureux et sophistiqu\u00e9.<\/p>\n<p>La texture de la soie ajoute une dimension suppl\u00e9mentaire au design et diffuse la lumi\u00e8re de mani\u00e8re douce et atmosph\u00e9rique.<\/p>","protected":false},"excerpt":{"rendered":"<p>Breng een stukje Chinese kunst en vakmanschap in je interieur met deze handgemaakte grote drakenpot, vervaardigd uit hoogwaardig keramiek. De verfijnde blauwe en witte versieringen brengen de kracht en mystiek van de draak tot leven, een symbool van kracht en wijsheid uit de oude Chinese cultuur. De lamp is voorzien van een luxe lampenkap van [&hellip;]<\/p>\n","protected":false},"featured_media":844,"template":"","meta":{"_acf_changed":false},"thema":[46],"product_brand":[],"product_cat":[15],"product_tag":[],"class_list":{"0":"post-373","1":"product","2":"type-product","3":"status-publish","4":"has-post-thumbnail","6":"thema-large-statements","7":"product_cat-complete-sets","9":"first","10":"instock","11":"taxable","12":"shipping-taxable","13":"purchasable","14":"product-type-simple"},"bundled_by":[],"bundle_stock_status":"instock","bundle_stock_quantity":1,"bundle_virtual":false,"bundle_layout":"","bundle_add_to_cart_form_location":"","bundle_editable_in_cart":false,"bundle_sold_individually_context":"","bundle_item_grouping":"","bundle_min_size":"","bundle_max_size":"","bundle_price":[],"bundled_items":[],"bundle_sell_ids":[],"acf":[],"_links":{"self":[{"href":"https:\/\/www.lafecollection.nl\/fr\/wp-json\/wp\/v2\/product\/373","targetHints":{"allow":["GET"]}}],"collection":[{"href":"https:\/\/www.lafecollection.nl\/fr\/wp-json\/wp\/v2\/product"}],"about":[{"href":"https:\/\/www.lafecollection.nl\/fr\/wp-json\/wp\/v2\/types\/product"}],"wp:featuredmedia":[{"embeddable":true,"href":"https:\/\/www.lafecollection.nl\/fr\/wp-json\/wp\/v2\/media\/844"}],"wp:attachment":[{"href":"https:\/\/www.lafecollection.nl\/fr\/wp-json\/wp\/v2\/media?parent=373"}],"wp:term":[{"taxonomy":"thema","embeddable":true,"href":"https:\/\/www.lafecollection.nl\/fr\/wp-json\/wp\/v2\/thema?post=373"},{"taxonomy":"product_brand","embeddable":true,"href":"https:\/\/www.lafecollection.nl\/fr\/wp-json\/wp\/v2\/product_brand?post=373"},{"taxonomy":"product_cat","embeddable":true,"href":"https:\/\/www.lafecollection.nl\/fr\/wp-json\/wp\/v2\/product_cat?post=373"},{"taxonomy":"product_tag","embeddable":true,"href":"https:\/\/www.lafecollection.nl\/fr\/wp-json\/wp\/v2\/product_tag?post=373"}],"curies":[{"name":"wp","href":"https:\/\/api.w.org\/{rel}","templated":true}]}}