{"id":447,"date":"2025-01-02T14:05:23","date_gmt":"2025-01-02T13:05:23","guid":{"rendered":"https:\/\/lafe.bonsaidev.nl\/?post_type=product&#038;p=447"},"modified":"2025-04-10T23:22:20","modified_gmt":"2025-04-10T21:22:20","slug":"ensemble-de-lampes-a-elephant-vintage-avec-abat-jour-en-tissu-boucle","status":"publish","type":"product","link":"https:\/\/www.lafecollection.nl\/fr\/product\/set-van-vintage-olifant-lampenvoeten-met-boucle-stof-lampenkappen\/","title":{"rendered":"Azra"},"content":{"rendered":"<p>Apportez une touche d'\u00e9l\u00e9gance et de charme exotique \u00e0 votre int\u00e9rieur avec ce magnifique ensemble de deux pieds de lampe \u00e9l\u00e9phant vintage. Chaque pi\u00e8ce est soigneusement fabriqu\u00e9e avec des motifs d\u00e9taill\u00e9s d'\u00e9l\u00e9phants qui symbolisent la force et la sagesse.<\/p>\n<p>Les abat-jour assortis, en luxueux tissu boucl\u00e9, ajoutent une texture douce et diffusent la lumi\u00e8re de mani\u00e8re chaleureuse et atmosph\u00e9rique.<\/p>","protected":false},"excerpt":{"rendered":"<p>Breng een vleugje elegantie en exotische charme in je interieur met deze prachtige set van twee vintage olifant lampenvoeten. Elk stuk is zorgvuldig vervaardigd met gedetailleerde olifant designs die kracht en wijsheid symboliseren. De bijpassende lampenkappen, gemaakt van luxe boucl\u00e9 stof, voegen een zachte textuur toe en verspreiden het licht op een warme, sfeervolle manier.<\/p>","protected":false},"featured_media":835,"template":"","meta":{"_acf_changed":false},"thema":[26],"product_brand":[],"product_cat":[15],"product_tag":[],"class_list":{"0":"post-447","1":"product","2":"type-product","3":"status-publish","4":"has-post-thumbnail","6":"thema-vintage-vibes","7":"product_cat-complete-sets","9":"first","10":"instock","11":"taxable","12":"shipping-taxable","13":"purchasable","14":"product-type-simple"},"bundled_by":[],"bundle_stock_status":"instock","bundle_stock_quantity":1,"bundle_virtual":false,"bundle_layout":"","bundle_add_to_cart_form_location":"","bundle_editable_in_cart":false,"bundle_sold_individually_context":"","bundle_item_grouping":"","bundle_min_size":"","bundle_max_size":"","bundle_price":[],"bundled_items":[],"bundle_sell_ids":[],"acf":[],"_links":{"self":[{"href":"https:\/\/www.lafecollection.nl\/fr\/wp-json\/wp\/v2\/product\/447","targetHints":{"allow":["GET"]}}],"collection":[{"href":"https:\/\/www.lafecollection.nl\/fr\/wp-json\/wp\/v2\/product"}],"about":[{"href":"https:\/\/www.lafecollection.nl\/fr\/wp-json\/wp\/v2\/types\/product"}],"wp:featuredmedia":[{"embeddable":true,"href":"https:\/\/www.lafecollection.nl\/fr\/wp-json\/wp\/v2\/media\/835"}],"wp:attachment":[{"href":"https:\/\/www.lafecollection.nl\/fr\/wp-json\/wp\/v2\/media?parent=447"}],"wp:term":[{"taxonomy":"thema","embeddable":true,"href":"https:\/\/www.lafecollection.nl\/fr\/wp-json\/wp\/v2\/thema?post=447"},{"taxonomy":"product_brand","embeddable":true,"href":"https:\/\/www.lafecollection.nl\/fr\/wp-json\/wp\/v2\/product_brand?post=447"},{"taxonomy":"product_cat","embeddable":true,"href":"https:\/\/www.lafecollection.nl\/fr\/wp-json\/wp\/v2\/product_cat?post=447"},{"taxonomy":"product_tag","embeddable":true,"href":"https:\/\/www.lafecollection.nl\/fr\/wp-json\/wp\/v2\/product_tag?post=447"}],"curies":[{"name":"wp","href":"https:\/\/api.w.org\/{rel}","templated":true}]}}