{"id":449,"date":"2025-01-02T14:22:09","date_gmt":"2025-01-02T13:22:09","guid":{"rendered":"https:\/\/lafe.bonsaidev.nl\/?post_type=product&#038;p=449"},"modified":"2025-04-07T17:05:44","modified_gmt":"2025-04-07T15:05:44","slug":"pied-de-lampe-en-faience-aux-couleurs-chaudes-avec-abat-jour-en-velours-bleu","status":"publish","type":"product","link":"https:\/\/www.lafecollection.nl\/fr\/product\/aardewerk-lampenvoet-in-warme-kleuren-met-blauwe-velours-lampenkap\/","title":{"rendered":"Ella"},"content":{"rendered":"<p>Ajoutez une touche de luxe et de chaleur \u00e0 votre int\u00e9rieur avec cette magnifique lampe. La base de la lampe en poterie faite \u00e0 la main est d\u00e9cor\u00e9e dans des tons chauds, qui se combinent pour cr\u00e9er un aspect chaleureux et douillet.<\/p>\n<p>L'abat-jour assorti en tissu velours bleu profond ajoute une texture \u00e9l\u00e9gante et opulente, diffusant la lumi\u00e8re de mani\u00e8re douce et atmosph\u00e9rique.<\/p>\n<p>&nbsp;<\/p>","protected":false},"excerpt":{"rendered":"<p>Voeg een vleugje luxe en warmte toe aan je interieur met deze prachtige lamp. De handgemaakte aardewerk lampenvoet is gedecoreerd in warme tinten, deze zorgen samen voor warme en een gezellige uitstraling . De bijpassende lampenkap van diepblauwe velours stof voegt een elegante en weelderige textuur toe, die het licht op een zachte en sfeervolle [&hellip;]<\/p>\n","protected":false},"featured_media":833,"template":"","meta":{"_acf_changed":false},"thema":[46],"product_brand":[],"product_cat":[15],"product_tag":[],"class_list":{"0":"post-449","1":"product","2":"type-product","3":"status-publish","4":"has-post-thumbnail","6":"thema-large-statements","7":"product_cat-complete-sets","9":"first","10":"instock","11":"taxable","12":"shipping-taxable","13":"purchasable","14":"product-type-simple"},"bundled_by":[],"bundle_stock_status":"instock","bundle_stock_quantity":1,"bundle_virtual":false,"bundle_layout":"","bundle_add_to_cart_form_location":"","bundle_editable_in_cart":false,"bundle_sold_individually_context":"","bundle_item_grouping":"","bundle_min_size":"","bundle_max_size":"","bundle_price":[],"bundled_items":[],"bundle_sell_ids":[],"acf":[],"_links":{"self":[{"href":"https:\/\/www.lafecollection.nl\/fr\/wp-json\/wp\/v2\/product\/449","targetHints":{"allow":["GET"]}}],"collection":[{"href":"https:\/\/www.lafecollection.nl\/fr\/wp-json\/wp\/v2\/product"}],"about":[{"href":"https:\/\/www.lafecollection.nl\/fr\/wp-json\/wp\/v2\/types\/product"}],"wp:featuredmedia":[{"embeddable":true,"href":"https:\/\/www.lafecollection.nl\/fr\/wp-json\/wp\/v2\/media\/833"}],"wp:attachment":[{"href":"https:\/\/www.lafecollection.nl\/fr\/wp-json\/wp\/v2\/media?parent=449"}],"wp:term":[{"taxonomy":"thema","embeddable":true,"href":"https:\/\/www.lafecollection.nl\/fr\/wp-json\/wp\/v2\/thema?post=449"},{"taxonomy":"product_brand","embeddable":true,"href":"https:\/\/www.lafecollection.nl\/fr\/wp-json\/wp\/v2\/product_brand?post=449"},{"taxonomy":"product_cat","embeddable":true,"href":"https:\/\/www.lafecollection.nl\/fr\/wp-json\/wp\/v2\/product_cat?post=449"},{"taxonomy":"product_tag","embeddable":true,"href":"https:\/\/www.lafecollection.nl\/fr\/wp-json\/wp\/v2\/product_tag?post=449"}],"curies":[{"name":"wp","href":"https:\/\/api.w.org\/{rel}","templated":true}]}}