{"id":470,"date":"2025-02-02T11:41:23","date_gmt":"2025-02-02T10:41:23","guid":{"rendered":"https:\/\/lafe.bonsaidev.nl\/?post_type=product&#038;p=470"},"modified":"2025-04-07T17:05:44","modified_gmt":"2025-04-07T15:05:44","slug":"base-de-lampe-en-verre-vert-avec-abat-jour-en-forme-de-fleur","status":"publish","type":"product","link":"https:\/\/www.lafecollection.nl\/fr\/product\/groene-glazen-lampenvoet-met-bloemenlampenkap\/","title":{"rendered":"Am\u00e9lie"},"content":{"rendered":"<p>Ajoutez une touche d'\u00e9l\u00e9gance et de couleur \u00e0 votre int\u00e9rieur avec cette base de lampe en verre vert et son abat-jour floral richement color\u00e9.<\/p>\n<p>La teinte vert fonc\u00e9 de la base donne un aspect luxueux, tandis que l'abat-jour aux motifs floraux vibrants diffuse une lumi\u00e8re chaude et atmosph\u00e9rique.<\/p>\n<p>&nbsp;<\/p>","protected":false},"excerpt":{"rendered":"<p>Voeg een vleugje elegantie en kleur toe aan je interieur met deze groene glazen lampenvoet en rijkgekleurde bloemenlampenkap. De diepe groene tint van de voet geeft een luxe uitstraling, terwijl de lampenkap met levendige bloemenpatronen een warm en sfeervol licht verspreidt. &nbsp;<\/p>","protected":false},"featured_media":831,"template":"","meta":{"_acf_changed":false},"thema":[47],"product_brand":[],"product_cat":[15],"product_tag":[],"class_list":{"0":"post-470","1":"product","2":"type-product","3":"status-publish","4":"has-post-thumbnail","6":"thema-medium-magic","7":"product_cat-complete-sets","9":"first","10":"instock","11":"taxable","12":"shipping-taxable","13":"purchasable","14":"product-type-simple"},"bundled_by":[],"bundle_stock_status":"instock","bundle_stock_quantity":1,"bundle_virtual":false,"bundle_layout":"","bundle_add_to_cart_form_location":"","bundle_editable_in_cart":false,"bundle_sold_individually_context":"","bundle_item_grouping":"","bundle_min_size":"","bundle_max_size":"","bundle_price":[],"bundled_items":[],"bundle_sell_ids":[],"acf":[],"_links":{"self":[{"href":"https:\/\/www.lafecollection.nl\/fr\/wp-json\/wp\/v2\/product\/470","targetHints":{"allow":["GET"]}}],"collection":[{"href":"https:\/\/www.lafecollection.nl\/fr\/wp-json\/wp\/v2\/product"}],"about":[{"href":"https:\/\/www.lafecollection.nl\/fr\/wp-json\/wp\/v2\/types\/product"}],"wp:featuredmedia":[{"embeddable":true,"href":"https:\/\/www.lafecollection.nl\/fr\/wp-json\/wp\/v2\/media\/831"}],"wp:attachment":[{"href":"https:\/\/www.lafecollection.nl\/fr\/wp-json\/wp\/v2\/media?parent=470"}],"wp:term":[{"taxonomy":"thema","embeddable":true,"href":"https:\/\/www.lafecollection.nl\/fr\/wp-json\/wp\/v2\/thema?post=470"},{"taxonomy":"product_brand","embeddable":true,"href":"https:\/\/www.lafecollection.nl\/fr\/wp-json\/wp\/v2\/product_brand?post=470"},{"taxonomy":"product_cat","embeddable":true,"href":"https:\/\/www.lafecollection.nl\/fr\/wp-json\/wp\/v2\/product_cat?post=470"},{"taxonomy":"product_tag","embeddable":true,"href":"https:\/\/www.lafecollection.nl\/fr\/wp-json\/wp\/v2\/product_tag?post=470"}],"curies":[{"name":"wp","href":"https:\/\/api.w.org\/{rel}","templated":true}]}}