{"id":472,"date":"2025-02-02T11:51:09","date_gmt":"2025-02-02T10:51:09","guid":{"rendered":"https:\/\/lafe.bonsaidev.nl\/?post_type=product&#038;p=472"},"modified":"2025-04-07T17:05:44","modified_gmt":"2025-04-07T15:05:44","slug":"lampe-vase-en-ceramique-avec-abat-jour-en-velours-anthracite","status":"publish","type":"product","link":"https:\/\/www.lafecollection.nl\/fr\/product\/keramische-vaaslamp-met-antraciet-velours-lampenkap\/","title":{"rendered":"Adora"},"content":{"rendered":"<p class=\"\" data-start=\"0\" data-end=\"41\">\n<p class=\"\" data-start=\"43\" data-end=\"404\">Cette lampe de table de La F\u00e9 Collection est un parfait m\u00e9lange de robustesse et de chic.<\/p>\n<p class=\"\" data-start=\"43\" data-end=\"404\">La base robuste, sculpt\u00e9e \u00e0 la main, pr\u00e9sente un motif unique dans des tons sombres, ce qui lui conf\u00e8re un aspect robuste.<\/p>\n<p class=\"\" data-start=\"43\" data-end=\"404\">L'abat-jour en velours anthracite profond ajoute une touche de luxe et fournit un \u00e9clairage chaleureux et atmosph\u00e9rique.<\/p>","protected":false},"excerpt":{"rendered":"<p>Deze tafellamp van La F\u00e9 Collection is een perfecte mix van robuust en chic. De stevige, met de hand bewerkte voet heeft een uniek patroon in donkere tinten, wat een stoere uitstraling geeft. De fluwelen lampenkap in diep antraciet voegt een vleugje luxe toe en zorgt voor een warme, sfeervolle verlichting.<\/p>","protected":false},"featured_media":829,"template":"","meta":{"_acf_changed":false},"thema":[46],"product_brand":[],"product_cat":[15],"product_tag":[],"class_list":{"0":"post-472","1":"product","2":"type-product","3":"status-publish","4":"has-post-thumbnail","6":"thema-large-statements","7":"product_cat-complete-sets","9":"first","10":"instock","11":"taxable","12":"shipping-taxable","13":"purchasable","14":"product-type-simple"},"bundled_by":[],"bundle_stock_status":"instock","bundle_stock_quantity":1,"bundle_virtual":false,"bundle_layout":"","bundle_add_to_cart_form_location":"","bundle_editable_in_cart":false,"bundle_sold_individually_context":"","bundle_item_grouping":"","bundle_min_size":"","bundle_max_size":"","bundle_price":[],"bundled_items":[],"bundle_sell_ids":[],"acf":[],"_links":{"self":[{"href":"https:\/\/www.lafecollection.nl\/fr\/wp-json\/wp\/v2\/product\/472","targetHints":{"allow":["GET"]}}],"collection":[{"href":"https:\/\/www.lafecollection.nl\/fr\/wp-json\/wp\/v2\/product"}],"about":[{"href":"https:\/\/www.lafecollection.nl\/fr\/wp-json\/wp\/v2\/types\/product"}],"wp:featuredmedia":[{"embeddable":true,"href":"https:\/\/www.lafecollection.nl\/fr\/wp-json\/wp\/v2\/media\/829"}],"wp:attachment":[{"href":"https:\/\/www.lafecollection.nl\/fr\/wp-json\/wp\/v2\/media?parent=472"}],"wp:term":[{"taxonomy":"thema","embeddable":true,"href":"https:\/\/www.lafecollection.nl\/fr\/wp-json\/wp\/v2\/thema?post=472"},{"taxonomy":"product_brand","embeddable":true,"href":"https:\/\/www.lafecollection.nl\/fr\/wp-json\/wp\/v2\/product_brand?post=472"},{"taxonomy":"product_cat","embeddable":true,"href":"https:\/\/www.lafecollection.nl\/fr\/wp-json\/wp\/v2\/product_cat?post=472"},{"taxonomy":"product_tag","embeddable":true,"href":"https:\/\/www.lafecollection.nl\/fr\/wp-json\/wp\/v2\/product_tag?post=472"}],"curies":[{"name":"wp","href":"https:\/\/api.w.org\/{rel}","templated":true}]}}