{"id":508,"date":"2025-02-17T22:12:15","date_gmt":"2025-02-17T21:12:15","guid":{"rendered":"https:\/\/lafe.bonsaidev.nl\/?post_type=product&#038;p=508"},"modified":"2025-04-10T17:43:52","modified_gmt":"2025-04-10T15:43:52","slug":"ava","status":"publish","type":"product","link":"https:\/\/www.lafecollection.nl\/fr\/product\/ava\/","title":{"rendered":"Ava"},"content":{"rendered":"<p>Cette lampe de table Atmospheric associe un aspect rustique \u00e0 un design unique. La lampe a une base en c\u00e9ramique de couleur terre avec un motif blanc peint \u00e0 la main qui \u00e9voque une ambiance boh\u00e8me.<\/p>\n<p>L'abat-jour a une texture chaude en terre cuite qui s'harmonise parfaitement avec la base, cr\u00e9ant une ambiance chaleureuse et \u00e9l\u00e9gante.<\/p>\n<p>&nbsp;<\/p>","protected":false},"excerpt":{"rendered":"<p>Deze Sfeervolle tafellamp combineert een rustieke uitstraling met een uniek design. De lamp heeft een aardetinten keramische voet met een handgeschilderd wit patroon dat een bohemian gevoel oproept. De lampenkap heeft een warme terracotta textuur die perfect harmonieert met de basis waardoor een gezellig en stijlvolle ambiance ontstaat. &nbsp;<\/p>","protected":false},"featured_media":463,"template":"","meta":{"_acf_changed":false},"thema":[46],"product_brand":[],"product_cat":[15],"product_tag":[],"class_list":{"0":"post-508","1":"product","2":"type-product","3":"status-publish","4":"has-post-thumbnail","6":"thema-large-statements","7":"product_cat-complete-sets","9":"first","10":"outofstock","11":"taxable","12":"shipping-taxable","13":"purchasable","14":"product-type-simple"},"bundled_by":[],"bundle_stock_status":"outofstock","bundle_stock_quantity":0,"bundle_virtual":false,"bundle_layout":"","bundle_add_to_cart_form_location":"","bundle_editable_in_cart":false,"bundle_sold_individually_context":"","bundle_item_grouping":"","bundle_min_size":"","bundle_max_size":"","bundle_price":[],"bundled_items":[],"bundle_sell_ids":[],"acf":[],"_links":{"self":[{"href":"https:\/\/www.lafecollection.nl\/fr\/wp-json\/wp\/v2\/product\/508","targetHints":{"allow":["GET"]}}],"collection":[{"href":"https:\/\/www.lafecollection.nl\/fr\/wp-json\/wp\/v2\/product"}],"about":[{"href":"https:\/\/www.lafecollection.nl\/fr\/wp-json\/wp\/v2\/types\/product"}],"wp:featuredmedia":[{"embeddable":true,"href":"https:\/\/www.lafecollection.nl\/fr\/wp-json\/wp\/v2\/media\/463"}],"wp:attachment":[{"href":"https:\/\/www.lafecollection.nl\/fr\/wp-json\/wp\/v2\/media?parent=508"}],"wp:term":[{"taxonomy":"thema","embeddable":true,"href":"https:\/\/www.lafecollection.nl\/fr\/wp-json\/wp\/v2\/thema?post=508"},{"taxonomy":"product_brand","embeddable":true,"href":"https:\/\/www.lafecollection.nl\/fr\/wp-json\/wp\/v2\/product_brand?post=508"},{"taxonomy":"product_cat","embeddable":true,"href":"https:\/\/www.lafecollection.nl\/fr\/wp-json\/wp\/v2\/product_cat?post=508"},{"taxonomy":"product_tag","embeddable":true,"href":"https:\/\/www.lafecollection.nl\/fr\/wp-json\/wp\/v2\/product_tag?post=508"}],"curies":[{"name":"wp","href":"https:\/\/api.w.org\/{rel}","templated":true}]}}